{"id":8460,"date":"2023-03-19T18:44:23","date_gmt":"2023-03-19T17:44:23","guid":{"rendered":"https:\/\/cakeshopsam.com\/?post_type=product&#038;p=8460"},"modified":"2026-01-01T15:06:17","modified_gmt":"2026-01-01T14:06:17","slug":"colorant-progel-purple","status":"publish","type":"product","link":"https:\/\/cakeshopsam.com\/?product=colorant-progel-purple","title":{"rendered":"colorant progel-purple"},"content":{"rendered":"<p>Gr\u00e2ce au Progel de Rainbow Dust, vous pouvez facilement colorer votre fondant, p\u00e2te d\u2019amandes, cr\u00e8me au beurre, vos biscuits, Candy Melts et plus ! Une petite quantit\u00e9 de ce colorant suffit pour donner une couleur riche et profonde \u00e0 vos cr\u00e9ations. C\u2019est pourquoi les tubes tiennent longtemps.<\/p>\n<p>Conseils d\u2019utilisation : ajoutez le gel \u00e0 du fondant ou de la p\u00e2te d\u2019amande et p\u00e9trissez jusqu\u2019\u00e0 ce que la couleur soit \u00e9tal\u00e9e. Veuillez bien p\u00e9trir jusqu\u2019\u00e0 ce que le r\u00e9sultat souhait\u00e9 soit atteint. Vous pouvez alors utiliser le fondant ou la p\u00e2te d\u2019amandes color\u00e9(e) sur votre g\u00e2teau !<\/p>\n<p>Ingr\u00e9dients : humectant : E422, colorant : E122, E102, E133, eau, amidon modifi\u00e9 (tapioca).<\/p>\n<p>E122, E102 : peut avoir des effets ind\u00e9sirables sur l\u2019activit\u00e9 et l\u2019attention chez les enfants.<\/p>\n<p>Ce produit est : Halal certifi\u00e9.<\/p>\n<p>Doses maximales d\u2019emploi : 3 g\/kg.<\/p>\n<p>&nbsp;<\/p>\n<p>Contenu : 25 grammes.<\/p>\n","protected":false},"excerpt":{"rendered":"<p>Gr\u00e2ce au Progel de Rainbow Dust, vous pouvez facilement colorer votre fondant, p\u00e2te d\u2019amandes, cr\u00e8me au beurre, vos biscuits, Candy Melts et plus ! Une petite quantit\u00e9 de ce colorant suffit pour donner une couleur riche et profonde \u00e0 vos cr\u00e9ations. C\u2019est pourquoi les tubes tiennent longtemps. Conseils d\u2019utilisation : ajoutez le gel \u00e0 du&#8230;<\/p>\n","protected":false},"featured_media":8462,"comment_status":"open","ping_status":"closed","template":"","meta":{"_uag_custom_page_level_css":"","_kad_post_transparent":"default","_kad_post_title":"","_kad_post_layout":"default","_kad_post_sidebar_id":"","_kad_post_content_style":"default","_kad_post_vertical_padding":"default","_kad_post_feature":"","_kad_post_feature_position":"","_kad_post_header":false,"_kad_post_footer":false,"jetpack_post_was_ever_published":false,"jetpack_publicize_message":"","jetpack_publicize_feature_enabled":true,"jetpack_social_post_already_shared":true,"jetpack_social_options":{"image_generator_settings":{"template":"highway","default_image_id":0,"font":"","enabled":false},"version":2},"_wpas_customize_per_network":false},"product_brand":[],"product_cat":[6378,6366],"product_tag":[],"class_list":{"0":"post-8460","1":"product","2":"type-product","3":"status-publish","4":"has-post-thumbnail","6":"product_cat-colorant-progel","7":"product_cat-les-colorants","9":"first","10":"instock","11":"featured","12":"taxable","13":"shipping-taxable","14":"purchasable","15":"product-type-simple","16":"entry","17":"content-bg","18":"loop-entry"},"yoast_head":"<!-- This site is optimized with the Yoast SEO plugin v27.3 - https:\/\/yoast.com\/product\/yoast-seo-wordpress\/ -->\n<title>colorant progel-purple - CAKESHOPSAM<\/title>\n<meta name=\"robots\" content=\"index, follow, max-snippet:-1, max-image-preview:large, max-video-preview:-1\" \/>\n<link rel=\"canonical\" href=\"https:\/\/cakeshopsam.com\/?product=colorant-progel-purple\" \/>\n<meta property=\"og:locale\" content=\"fr_FR\" \/>\n<meta property=\"og:type\" content=\"article\" \/>\n<meta property=\"og:title\" content=\"colorant progel-purple - CAKESHOPSAM\" \/>\n<meta property=\"og:description\" content=\"Gr\u00e2ce au Progel de Rainbow Dust, vous pouvez facilement colorer votre fondant, p\u00e2te d\u2019amandes, cr\u00e8me au beurre, vos biscuits, Candy Melts et plus ! Une petite quantit\u00e9 de ce colorant suffit pour donner une couleur riche et profonde \u00e0 vos cr\u00e9ations. C\u2019est pourquoi les tubes tiennent longtemps. Conseils d\u2019utilisation : ajoutez le gel \u00e0 du...\" \/>\n<meta property=\"og:url\" content=\"https:\/\/cakeshopsam.com\/?product=colorant-progel-purple\" \/>\n<meta property=\"og:site_name\" content=\"CAKESHOPSAM\" \/>\n<meta property=\"article:modified_time\" content=\"2026-01-01T14:06:17+00:00\" \/>\n<meta property=\"og:image\" content=\"https:\/\/cakeshopsam.com\/wp-content\/uploads\/2023\/03\/progel-purple.jpg\" \/>\n\t<meta property=\"og:image:width\" content=\"480\" \/>\n\t<meta property=\"og:image:height\" content=\"480\" \/>\n\t<meta property=\"og:image:type\" content=\"image\/jpeg\" \/>\n<meta name=\"twitter:card\" content=\"summary_large_image\" \/>\n<meta name=\"twitter:label1\" content=\"Dur\u00e9e de lecture estim\u00e9e\" \/>\n\t<meta name=\"twitter:data1\" content=\"1 minute\" \/>\n<script type=\"application\/ld+json\" class=\"yoast-schema-graph\">{\"@context\":\"https:\\\/\\\/schema.org\",\"@graph\":[{\"@type\":\"WebPage\",\"@id\":\"https:\\\/\\\/cakeshopsam.com\\\/?product=colorant-progel-purple\",\"url\":\"https:\\\/\\\/cakeshopsam.com\\\/?product=colorant-progel-purple\",\"name\":\"colorant progel-purple - CAKESHOPSAM\",\"isPartOf\":{\"@id\":\"https:\\\/\\\/cakeshopsam.com\\\/#website\"},\"primaryImageOfPage\":{\"@id\":\"https:\\\/\\\/cakeshopsam.com\\\/?product=colorant-progel-purple#primaryimage\"},\"image\":{\"@id\":\"https:\\\/\\\/cakeshopsam.com\\\/?product=colorant-progel-purple#primaryimage\"},\"thumbnailUrl\":\"https:\\\/\\\/i0.wp.com\\\/cakeshopsam.com\\\/wp-content\\\/uploads\\\/2023\\\/03\\\/progel-purple.jpg?fit=480%2C480&ssl=1\",\"datePublished\":\"2023-03-19T17:44:23+00:00\",\"dateModified\":\"2026-01-01T14:06:17+00:00\",\"breadcrumb\":{\"@id\":\"https:\\\/\\\/cakeshopsam.com\\\/?product=colorant-progel-purple#breadcrumb\"},\"inLanguage\":\"fr-FR\",\"potentialAction\":[{\"@type\":\"ReadAction\",\"target\":[\"https:\\\/\\\/cakeshopsam.com\\\/?product=colorant-progel-purple\"]}]},{\"@type\":\"ImageObject\",\"inLanguage\":\"fr-FR\",\"@id\":\"https:\\\/\\\/cakeshopsam.com\\\/?product=colorant-progel-purple#primaryimage\",\"url\":\"https:\\\/\\\/i0.wp.com\\\/cakeshopsam.com\\\/wp-content\\\/uploads\\\/2023\\\/03\\\/progel-purple.jpg?fit=480%2C480&ssl=1\",\"contentUrl\":\"https:\\\/\\\/i0.wp.com\\\/cakeshopsam.com\\\/wp-content\\\/uploads\\\/2023\\\/03\\\/progel-purple.jpg?fit=480%2C480&ssl=1\",\"width\":480,\"height\":480},{\"@type\":\"BreadcrumbList\",\"@id\":\"https:\\\/\\\/cakeshopsam.com\\\/?product=colorant-progel-purple#breadcrumb\",\"itemListElement\":[{\"@type\":\"ListItem\",\"position\":1,\"name\":\"Accueil\",\"item\":\"https:\\\/\\\/cakeshopsam.com\\\/\"},{\"@type\":\"ListItem\",\"position\":2,\"name\":\"Boutique\",\"item\":\"https:\\\/\\\/cakeshopsam.com\\\/?page_id=305\"},{\"@type\":\"ListItem\",\"position\":3,\"name\":\"colorant progel-purple\"}]},{\"@type\":\"WebSite\",\"@id\":\"https:\\\/\\\/cakeshopsam.com\\\/#website\",\"url\":\"https:\\\/\\\/cakeshopsam.com\\\/\",\"name\":\"CAKESHOPSAM\",\"description\":\"\",\"publisher\":{\"@id\":\"https:\\\/\\\/cakeshopsam.com\\\/#organization\"},\"potentialAction\":[{\"@type\":\"SearchAction\",\"target\":{\"@type\":\"EntryPoint\",\"urlTemplate\":\"https:\\\/\\\/cakeshopsam.com\\\/?s={search_term_string}\"},\"query-input\":{\"@type\":\"PropertyValueSpecification\",\"valueRequired\":true,\"valueName\":\"search_term_string\"}}],\"inLanguage\":\"fr-FR\"},{\"@type\":\"Organization\",\"@id\":\"https:\\\/\\\/cakeshopsam.com\\\/#organization\",\"name\":\"CAKESHOPSAM\",\"url\":\"https:\\\/\\\/cakeshopsam.com\\\/\",\"logo\":{\"@type\":\"ImageObject\",\"inLanguage\":\"fr-FR\",\"@id\":\"https:\\\/\\\/cakeshopsam.com\\\/#\\\/schema\\\/logo\\\/image\\\/\",\"url\":\"https:\\\/\\\/cakeshopsam.com\\\/wp-content\\\/uploads\\\/2021\\\/06\\\/Design-sans-titre-5.svg\",\"contentUrl\":\"https:\\\/\\\/cakeshopsam.com\\\/wp-content\\\/uploads\\\/2021\\\/06\\\/Design-sans-titre-5.svg\",\"width\":1080,\"height\":1080,\"caption\":\"CAKESHOPSAM\"},\"image\":{\"@id\":\"https:\\\/\\\/cakeshopsam.com\\\/#\\\/schema\\\/logo\\\/image\\\/\"}}]}<\/script>\n<!-- \/ Yoast SEO plugin. -->","yoast_head_json":{"title":"colorant progel-purple - CAKESHOPSAM","robots":{"index":"index","follow":"follow","max-snippet":"max-snippet:-1","max-image-preview":"max-image-preview:large","max-video-preview":"max-video-preview:-1"},"canonical":"https:\/\/cakeshopsam.com\/?product=colorant-progel-purple","og_locale":"fr_FR","og_type":"article","og_title":"colorant progel-purple - CAKESHOPSAM","og_description":"Gr\u00e2ce au Progel de Rainbow Dust, vous pouvez facilement colorer votre fondant, p\u00e2te d\u2019amandes, cr\u00e8me au beurre, vos biscuits, Candy Melts et plus ! Une petite quantit\u00e9 de ce colorant suffit pour donner une couleur riche et profonde \u00e0 vos cr\u00e9ations. C\u2019est pourquoi les tubes tiennent longtemps. Conseils d\u2019utilisation : ajoutez le gel \u00e0 du...","og_url":"https:\/\/cakeshopsam.com\/?product=colorant-progel-purple","og_site_name":"CAKESHOPSAM","article_modified_time":"2026-01-01T14:06:17+00:00","og_image":[{"width":480,"height":480,"url":"https:\/\/cakeshopsam.com\/wp-content\/uploads\/2023\/03\/progel-purple.jpg","type":"image\/jpeg"}],"twitter_card":"summary_large_image","twitter_misc":{"Dur\u00e9e de lecture estim\u00e9e":"1 minute"},"schema":{"@context":"https:\/\/schema.org","@graph":[{"@type":"WebPage","@id":"https:\/\/cakeshopsam.com\/?product=colorant-progel-purple","url":"https:\/\/cakeshopsam.com\/?product=colorant-progel-purple","name":"colorant progel-purple - CAKESHOPSAM","isPartOf":{"@id":"https:\/\/cakeshopsam.com\/#website"},"primaryImageOfPage":{"@id":"https:\/\/cakeshopsam.com\/?product=colorant-progel-purple#primaryimage"},"image":{"@id":"https:\/\/cakeshopsam.com\/?product=colorant-progel-purple#primaryimage"},"thumbnailUrl":"https:\/\/i0.wp.com\/cakeshopsam.com\/wp-content\/uploads\/2023\/03\/progel-purple.jpg?fit=480%2C480&ssl=1","datePublished":"2023-03-19T17:44:23+00:00","dateModified":"2026-01-01T14:06:17+00:00","breadcrumb":{"@id":"https:\/\/cakeshopsam.com\/?product=colorant-progel-purple#breadcrumb"},"inLanguage":"fr-FR","potentialAction":[{"@type":"ReadAction","target":["https:\/\/cakeshopsam.com\/?product=colorant-progel-purple"]}]},{"@type":"ImageObject","inLanguage":"fr-FR","@id":"https:\/\/cakeshopsam.com\/?product=colorant-progel-purple#primaryimage","url":"https:\/\/i0.wp.com\/cakeshopsam.com\/wp-content\/uploads\/2023\/03\/progel-purple.jpg?fit=480%2C480&ssl=1","contentUrl":"https:\/\/i0.wp.com\/cakeshopsam.com\/wp-content\/uploads\/2023\/03\/progel-purple.jpg?fit=480%2C480&ssl=1","width":480,"height":480},{"@type":"BreadcrumbList","@id":"https:\/\/cakeshopsam.com\/?product=colorant-progel-purple#breadcrumb","itemListElement":[{"@type":"ListItem","position":1,"name":"Accueil","item":"https:\/\/cakeshopsam.com\/"},{"@type":"ListItem","position":2,"name":"Boutique","item":"https:\/\/cakeshopsam.com\/?page_id=305"},{"@type":"ListItem","position":3,"name":"colorant progel-purple"}]},{"@type":"WebSite","@id":"https:\/\/cakeshopsam.com\/#website","url":"https:\/\/cakeshopsam.com\/","name":"CAKESHOPSAM","description":"","publisher":{"@id":"https:\/\/cakeshopsam.com\/#organization"},"potentialAction":[{"@type":"SearchAction","target":{"@type":"EntryPoint","urlTemplate":"https:\/\/cakeshopsam.com\/?s={search_term_string}"},"query-input":{"@type":"PropertyValueSpecification","valueRequired":true,"valueName":"search_term_string"}}],"inLanguage":"fr-FR"},{"@type":"Organization","@id":"https:\/\/cakeshopsam.com\/#organization","name":"CAKESHOPSAM","url":"https:\/\/cakeshopsam.com\/","logo":{"@type":"ImageObject","inLanguage":"fr-FR","@id":"https:\/\/cakeshopsam.com\/#\/schema\/logo\/image\/","url":"https:\/\/cakeshopsam.com\/wp-content\/uploads\/2021\/06\/Design-sans-titre-5.svg","contentUrl":"https:\/\/cakeshopsam.com\/wp-content\/uploads\/2021\/06\/Design-sans-titre-5.svg","width":1080,"height":1080,"caption":"CAKESHOPSAM"},"image":{"@id":"https:\/\/cakeshopsam.com\/#\/schema\/logo\/image\/"}}]}},"jetpack_publicize_connections":[],"uagb_featured_image_src":{"full":["https:\/\/i0.wp.com\/cakeshopsam.com\/wp-content\/uploads\/2023\/03\/progel-purple.jpg?fit=480%2C480&ssl=1",480,480,false],"thumbnail":["https:\/\/i0.wp.com\/cakeshopsam.com\/wp-content\/uploads\/2023\/03\/progel-purple.jpg?resize=150%2C150&ssl=1",150,150,true],"medium":["https:\/\/i0.wp.com\/cakeshopsam.com\/wp-content\/uploads\/2023\/03\/progel-purple.jpg?fit=300%2C300&ssl=1",300,300,true],"medium_large":["https:\/\/i0.wp.com\/cakeshopsam.com\/wp-content\/uploads\/2023\/03\/progel-purple.jpg?fit=480%2C480&ssl=1",480,480,true],"large":["https:\/\/i0.wp.com\/cakeshopsam.com\/wp-content\/uploads\/2023\/03\/progel-purple.jpg?fit=480%2C480&ssl=1",480,480,true],"1536x1536":["https:\/\/i0.wp.com\/cakeshopsam.com\/wp-content\/uploads\/2023\/03\/progel-purple.jpg?fit=480%2C480&ssl=1",480,480,true],"2048x2048":["https:\/\/i0.wp.com\/cakeshopsam.com\/wp-content\/uploads\/2023\/03\/progel-purple.jpg?fit=480%2C480&ssl=1",480,480,true],"newspack-article-block-landscape-large":["https:\/\/i0.wp.com\/cakeshopsam.com\/wp-content\/uploads\/2023\/03\/progel-purple.jpg?resize=480%2C480&ssl=1",480,480,true],"newspack-article-block-portrait-large":["https:\/\/i0.wp.com\/cakeshopsam.com\/wp-content\/uploads\/2023\/03\/progel-purple.jpg?resize=480%2C480&ssl=1",480,480,true],"newspack-article-block-square-large":["https:\/\/i0.wp.com\/cakeshopsam.com\/wp-content\/uploads\/2023\/03\/progel-purple.jpg?resize=480%2C480&ssl=1",480,480,true],"newspack-article-block-landscape-medium":["https:\/\/i0.wp.com\/cakeshopsam.com\/wp-content\/uploads\/2023\/03\/progel-purple.jpg?resize=480%2C480&ssl=1",480,480,true],"newspack-article-block-portrait-medium":["https:\/\/i0.wp.com\/cakeshopsam.com\/wp-content\/uploads\/2023\/03\/progel-purple.jpg?resize=480%2C480&ssl=1",480,480,true],"newspack-article-block-square-medium":["https:\/\/i0.wp.com\/cakeshopsam.com\/wp-content\/uploads\/2023\/03\/progel-purple.jpg?resize=480%2C480&ssl=1",480,480,true],"newspack-article-block-landscape-intermediate":["https:\/\/i0.wp.com\/cakeshopsam.com\/wp-content\/uploads\/2023\/03\/progel-purple.jpg?resize=480%2C450&ssl=1",480,450,true],"newspack-article-block-portrait-intermediate":["https:\/\/i0.wp.com\/cakeshopsam.com\/wp-content\/uploads\/2023\/03\/progel-purple.jpg?resize=450%2C480&ssl=1",450,480,true],"newspack-article-block-square-intermediate":["https:\/\/i0.wp.com\/cakeshopsam.com\/wp-content\/uploads\/2023\/03\/progel-purple.jpg?resize=480%2C480&ssl=1",480,480,true],"newspack-article-block-landscape-small":["https:\/\/i0.wp.com\/cakeshopsam.com\/wp-content\/uploads\/2023\/03\/progel-purple.jpg?resize=400%2C300&ssl=1",400,300,true],"newspack-article-block-portrait-small":["https:\/\/i0.wp.com\/cakeshopsam.com\/wp-content\/uploads\/2023\/03\/progel-purple.jpg?resize=300%2C400&ssl=1",300,400,true],"newspack-article-block-square-small":["https:\/\/i0.wp.com\/cakeshopsam.com\/wp-content\/uploads\/2023\/03\/progel-purple.jpg?resize=400%2C400&ssl=1",400,400,true],"newspack-article-block-landscape-tiny":["https:\/\/i0.wp.com\/cakeshopsam.com\/wp-content\/uploads\/2023\/03\/progel-purple.jpg?resize=200%2C150&ssl=1",200,150,true],"newspack-article-block-portrait-tiny":["https:\/\/i0.wp.com\/cakeshopsam.com\/wp-content\/uploads\/2023\/03\/progel-purple.jpg?resize=150%2C200&ssl=1",150,200,true],"newspack-article-block-square-tiny":["https:\/\/i0.wp.com\/cakeshopsam.com\/wp-content\/uploads\/2023\/03\/progel-purple.jpg?resize=200%2C200&ssl=1",200,200,true],"newspack-article-block-uncropped":["https:\/\/i0.wp.com\/cakeshopsam.com\/wp-content\/uploads\/2023\/03\/progel-purple.jpg?fit=480%2C480&ssl=1",480,480,true],"woocommerce_thumbnail":["https:\/\/i0.wp.com\/cakeshopsam.com\/wp-content\/uploads\/2023\/03\/progel-purple.jpg?resize=300%2C300&ssl=1",300,300,true],"woocommerce_single":["https:\/\/i0.wp.com\/cakeshopsam.com\/wp-content\/uploads\/2023\/03\/progel-purple.jpg?fit=300%2C300&ssl=1",300,300,true],"woocommerce_gallery_thumbnail":["https:\/\/i0.wp.com\/cakeshopsam.com\/wp-content\/uploads\/2023\/03\/progel-purple.jpg?resize=100%2C100&ssl=1",100,100,true],"favicon":["https:\/\/i0.wp.com\/cakeshopsam.com\/wp-content\/uploads\/2023\/03\/progel-purple.jpg?resize=64%2C64&ssl=1",64,64,true],"apple-touch-icon":["https:\/\/i0.wp.com\/cakeshopsam.com\/wp-content\/uploads\/2023\/03\/progel-purple.jpg?resize=180%2C180&ssl=1",180,180,true]},"uagb_author_info":{"display_name":"samsam010101","author_link":"https:\/\/cakeshopsam.com\/?author=0"},"uagb_comment_info":0,"uagb_excerpt":"Gr\u00e2ce au Progel de Rainbow Dust, vous pouvez facilement colorer votre fondant, p\u00e2te d\u2019amandes, cr\u00e8me au beurre, vos biscuits, Candy Melts et plus ! Une petite quantit\u00e9 de ce colorant suffit pour donner une couleur riche et profonde \u00e0 vos cr\u00e9ations. C\u2019est pourquoi les tubes tiennent longtemps. Conseils d\u2019utilisation : ajoutez le gel \u00e0 du...","jetpack_likes_enabled":true,"jetpack_sharing_enabled":true,"_links":{"self":[{"href":"https:\/\/cakeshopsam.com\/index.php?rest_route=\/wp\/v2\/product\/8460","targetHints":{"allow":["GET"]}}],"collection":[{"href":"https:\/\/cakeshopsam.com\/index.php?rest_route=\/wp\/v2\/product"}],"about":[{"href":"https:\/\/cakeshopsam.com\/index.php?rest_route=\/wp\/v2\/types\/product"}],"replies":[{"embeddable":true,"href":"https:\/\/cakeshopsam.com\/index.php?rest_route=%2Fwp%2Fv2%2Fcomments&post=8460"}],"version-history":[{"count":2,"href":"https:\/\/cakeshopsam.com\/index.php?rest_route=\/wp\/v2\/product\/8460\/revisions"}],"predecessor-version":[{"id":8463,"href":"https:\/\/cakeshopsam.com\/index.php?rest_route=\/wp\/v2\/product\/8460\/revisions\/8463"}],"wp:featuredmedia":[{"embeddable":true,"href":"https:\/\/cakeshopsam.com\/index.php?rest_route=\/wp\/v2\/media\/8462"}],"wp:attachment":[{"href":"https:\/\/cakeshopsam.com\/index.php?rest_route=%2Fwp%2Fv2%2Fmedia&parent=8460"}],"wp:term":[{"taxonomy":"product_brand","embeddable":true,"href":"https:\/\/cakeshopsam.com\/index.php?rest_route=%2Fwp%2Fv2%2Fproduct_brand&post=8460"},{"taxonomy":"product_cat","embeddable":true,"href":"https:\/\/cakeshopsam.com\/index.php?rest_route=%2Fwp%2Fv2%2Fproduct_cat&post=8460"},{"taxonomy":"product_tag","embeddable":true,"href":"https:\/\/cakeshopsam.com\/index.php?rest_route=%2Fwp%2Fv2%2Fproduct_tag&post=8460"}],"curies":[{"name":"wp","href":"https:\/\/api.w.org\/{rel}","templated":true}]}}