{"id":8242,"date":"2023-02-23T21:14:55","date_gmt":"2023-02-23T20:14:55","guid":{"rendered":"https:\/\/cakeshopsam.com\/?post_type=product&#038;p=8242"},"modified":"2024-11-18T08:20:34","modified_gmt":"2024-11-18T07:20:34","slug":"sprinkles-champagne-shower-90-gr","status":"publish","type":"product","link":"https:\/\/cakeshopsam.com\/?product=sprinkles-champagne-shower-90-gr","title":{"rendered":"sprinkles champagne shower 90 gr"},"content":{"rendered":"<p>boite de sprinkles vendue \u00e0 l\u2019unit\u00e9s pesant 90gr<\/p>\n<p><em>ingr\u00e9dients :<\/em><\/p>\n<p>Sucre, amidon (<strong>bl\u00e9<\/strong>, ma\u00efs, pomme de terre, riz), farine (<strong>semoule de bl\u00e9<\/strong>, riz), dextrose, sirop de glucose, colorant (E120, E132, E133, E141, E172), colorant alimentaire (concentr\u00e9 de spiruline, jus de betterave, pomme, carthame, citron), huile v\u00e9g\u00e9tale (noix de coco, colza, tournesol), agent d\u2019enrobage (E901, E903, E904), huile de colza enti\u00e8rement hydrog\u00e9n\u00e9e, stabilisant (E414, E413, E464, E460 (i)), ar\u00f4me, acidifiant (E330), sel, \u00e9mulsifiant l\u00e9cithine (<strong>soja<\/strong>), \u00e9mulsifiant (E472a), ar\u00f4me naturel de vanille, beurre de cacao,\u00a0<strong>lait entier en poudre<\/strong>, p\u00e2te de cacao, solides de cacao Peut contenir des traces de\u00a0<strong>fruits\u00a0<\/strong>\u00e0\u00a0<strong>coque<\/strong>.<\/p>\n<p><em>valeur nutritive par 100 g :<\/em><\/p>\n<p>kcal : 411 ; kj : 1737 ; mati\u00e8res grasses : 4,2 g ; dont satur\u00e9es : 2,5 g ; glucides : 91,3 g ; dont sucres : 84,5 g ; prot\u00e9ines : 0,9 g ; sel : &lt; 0,1 g<\/p>\n","protected":false},"excerpt":{"rendered":"<p>boite de sprinkles vendue \u00e0 l\u2019unit\u00e9s pesant 90gr ingr\u00e9dients : Sucre, amidon (bl\u00e9, ma\u00efs, pomme de terre, riz), farine (semoule de bl\u00e9, riz), dextrose, sirop de glucose, colorant (E120, E132, E133, E141, E172), colorant alimentaire (concentr\u00e9 de spiruline, jus de betterave, pomme, carthame, citron), huile v\u00e9g\u00e9tale (noix de coco, colza, tournesol), agent d\u2019enrobage (E901, E903,&#8230;<\/p>\n","protected":false},"featured_media":8309,"comment_status":"open","ping_status":"closed","template":"","meta":{"_uag_custom_page_level_css":"","_kad_post_transparent":"default","_kad_post_title":"","_kad_post_layout":"default","_kad_post_sidebar_id":"","_kad_post_content_style":"default","_kad_post_vertical_padding":"default","_kad_post_feature":"","_kad_post_feature_position":"","_kad_post_header":false,"_kad_post_footer":false,"jetpack_post_was_ever_published":false,"jetpack_publicize_message":"","jetpack_publicize_feature_enabled":true,"jetpack_social_post_already_shared":true,"jetpack_social_options":{"image_generator_settings":{"template":"highway","default_image_id":0,"font":"","enabled":false},"version":2},"_wpas_customize_per_network":false},"product_brand":[],"product_cat":[6367,6363],"product_tag":[],"class_list":{"0":"post-8242","1":"product","2":"type-product","3":"status-publish","4":"has-post-thumbnail","6":"product_cat-ingredients","7":"product_cat-sprinkles","9":"first","10":"outofstock","11":"sale","12":"taxable","13":"shipping-taxable","14":"purchasable","15":"product-type-simple","16":"entry","17":"content-bg","18":"loop-entry"},"yoast_head":"<!-- This site is optimized with the Yoast SEO plugin v27.3 - https:\/\/yoast.com\/product\/yoast-seo-wordpress\/ -->\n<title>sprinkles champagne shower 90 gr - CAKESHOPSAM<\/title>\n<meta name=\"robots\" content=\"index, follow, max-snippet:-1, max-image-preview:large, max-video-preview:-1\" \/>\n<link rel=\"canonical\" href=\"https:\/\/cakeshopsam.com\/?product=sprinkles-champagne-shower-90-gr\" \/>\n<meta property=\"og:locale\" content=\"fr_FR\" \/>\n<meta property=\"og:type\" content=\"article\" \/>\n<meta property=\"og:title\" content=\"sprinkles champagne shower 90 gr - CAKESHOPSAM\" \/>\n<meta property=\"og:description\" content=\"boite de sprinkles vendue \u00e0 l\u2019unit\u00e9s pesant 90gr ingr\u00e9dients : Sucre, amidon (bl\u00e9, ma\u00efs, pomme de terre, riz), farine (semoule de bl\u00e9, riz), dextrose, sirop de glucose, colorant (E120, E132, E133, E141, E172), colorant alimentaire (concentr\u00e9 de spiruline, jus de betterave, pomme, carthame, citron), huile v\u00e9g\u00e9tale (noix de coco, colza, tournesol), agent d\u2019enrobage (E901, E903,...\" \/>\n<meta property=\"og:url\" content=\"https:\/\/cakeshopsam.com\/?product=sprinkles-champagne-shower-90-gr\" \/>\n<meta property=\"og:site_name\" content=\"CAKESHOPSAM\" \/>\n<meta property=\"article:modified_time\" content=\"2024-11-18T07:20:34+00:00\" \/>\n<meta property=\"og:image\" content=\"https:\/\/cakeshopsam.com\/wp-content\/uploads\/2023\/02\/1-2.png\" \/>\n\t<meta property=\"og:image:width\" content=\"1080\" \/>\n\t<meta property=\"og:image:height\" content=\"1080\" \/>\n\t<meta property=\"og:image:type\" content=\"image\/png\" \/>\n<meta name=\"twitter:card\" content=\"summary_large_image\" \/>\n<meta name=\"twitter:label1\" content=\"Dur\u00e9e de lecture estim\u00e9e\" \/>\n\t<meta name=\"twitter:data1\" content=\"1 minute\" \/>\n<script type=\"application\/ld+json\" class=\"yoast-schema-graph\">{\"@context\":\"https:\\\/\\\/schema.org\",\"@graph\":[{\"@type\":\"WebPage\",\"@id\":\"https:\\\/\\\/cakeshopsam.com\\\/?product=sprinkles-champagne-shower-90-gr\",\"url\":\"https:\\\/\\\/cakeshopsam.com\\\/?product=sprinkles-champagne-shower-90-gr\",\"name\":\"sprinkles champagne shower 90 gr - CAKESHOPSAM\",\"isPartOf\":{\"@id\":\"https:\\\/\\\/cakeshopsam.com\\\/#website\"},\"primaryImageOfPage\":{\"@id\":\"https:\\\/\\\/cakeshopsam.com\\\/?product=sprinkles-champagne-shower-90-gr#primaryimage\"},\"image\":{\"@id\":\"https:\\\/\\\/cakeshopsam.com\\\/?product=sprinkles-champagne-shower-90-gr#primaryimage\"},\"thumbnailUrl\":\"https:\\\/\\\/i0.wp.com\\\/cakeshopsam.com\\\/wp-content\\\/uploads\\\/2023\\\/02\\\/1-2.png?fit=1080%2C1080&ssl=1\",\"datePublished\":\"2023-02-23T20:14:55+00:00\",\"dateModified\":\"2024-11-18T07:20:34+00:00\",\"breadcrumb\":{\"@id\":\"https:\\\/\\\/cakeshopsam.com\\\/?product=sprinkles-champagne-shower-90-gr#breadcrumb\"},\"inLanguage\":\"fr-FR\",\"potentialAction\":[{\"@type\":\"ReadAction\",\"target\":[\"https:\\\/\\\/cakeshopsam.com\\\/?product=sprinkles-champagne-shower-90-gr\"]}]},{\"@type\":\"ImageObject\",\"inLanguage\":\"fr-FR\",\"@id\":\"https:\\\/\\\/cakeshopsam.com\\\/?product=sprinkles-champagne-shower-90-gr#primaryimage\",\"url\":\"https:\\\/\\\/i0.wp.com\\\/cakeshopsam.com\\\/wp-content\\\/uploads\\\/2023\\\/02\\\/1-2.png?fit=1080%2C1080&ssl=1\",\"contentUrl\":\"https:\\\/\\\/i0.wp.com\\\/cakeshopsam.com\\\/wp-content\\\/uploads\\\/2023\\\/02\\\/1-2.png?fit=1080%2C1080&ssl=1\",\"width\":1080,\"height\":1080},{\"@type\":\"BreadcrumbList\",\"@id\":\"https:\\\/\\\/cakeshopsam.com\\\/?product=sprinkles-champagne-shower-90-gr#breadcrumb\",\"itemListElement\":[{\"@type\":\"ListItem\",\"position\":1,\"name\":\"Accueil\",\"item\":\"https:\\\/\\\/cakeshopsam.com\\\/\"},{\"@type\":\"ListItem\",\"position\":2,\"name\":\"Boutique\",\"item\":\"https:\\\/\\\/cakeshopsam.com\\\/?page_id=305\"},{\"@type\":\"ListItem\",\"position\":3,\"name\":\"sprinkles champagne shower 90 gr\"}]},{\"@type\":\"WebSite\",\"@id\":\"https:\\\/\\\/cakeshopsam.com\\\/#website\",\"url\":\"https:\\\/\\\/cakeshopsam.com\\\/\",\"name\":\"CAKESHOPSAM\",\"description\":\"\",\"publisher\":{\"@id\":\"https:\\\/\\\/cakeshopsam.com\\\/#organization\"},\"potentialAction\":[{\"@type\":\"SearchAction\",\"target\":{\"@type\":\"EntryPoint\",\"urlTemplate\":\"https:\\\/\\\/cakeshopsam.com\\\/?s={search_term_string}\"},\"query-input\":{\"@type\":\"PropertyValueSpecification\",\"valueRequired\":true,\"valueName\":\"search_term_string\"}}],\"inLanguage\":\"fr-FR\"},{\"@type\":\"Organization\",\"@id\":\"https:\\\/\\\/cakeshopsam.com\\\/#organization\",\"name\":\"CAKESHOPSAM\",\"url\":\"https:\\\/\\\/cakeshopsam.com\\\/\",\"logo\":{\"@type\":\"ImageObject\",\"inLanguage\":\"fr-FR\",\"@id\":\"https:\\\/\\\/cakeshopsam.com\\\/#\\\/schema\\\/logo\\\/image\\\/\",\"url\":\"https:\\\/\\\/cakeshopsam.com\\\/wp-content\\\/uploads\\\/2021\\\/06\\\/Design-sans-titre-5.svg\",\"contentUrl\":\"https:\\\/\\\/cakeshopsam.com\\\/wp-content\\\/uploads\\\/2021\\\/06\\\/Design-sans-titre-5.svg\",\"width\":1080,\"height\":1080,\"caption\":\"CAKESHOPSAM\"},\"image\":{\"@id\":\"https:\\\/\\\/cakeshopsam.com\\\/#\\\/schema\\\/logo\\\/image\\\/\"}}]}<\/script>\n<!-- \/ Yoast SEO plugin. -->","yoast_head_json":{"title":"sprinkles champagne shower 90 gr - CAKESHOPSAM","robots":{"index":"index","follow":"follow","max-snippet":"max-snippet:-1","max-image-preview":"max-image-preview:large","max-video-preview":"max-video-preview:-1"},"canonical":"https:\/\/cakeshopsam.com\/?product=sprinkles-champagne-shower-90-gr","og_locale":"fr_FR","og_type":"article","og_title":"sprinkles champagne shower 90 gr - CAKESHOPSAM","og_description":"boite de sprinkles vendue \u00e0 l\u2019unit\u00e9s pesant 90gr ingr\u00e9dients : Sucre, amidon (bl\u00e9, ma\u00efs, pomme de terre, riz), farine (semoule de bl\u00e9, riz), dextrose, sirop de glucose, colorant (E120, E132, E133, E141, E172), colorant alimentaire (concentr\u00e9 de spiruline, jus de betterave, pomme, carthame, citron), huile v\u00e9g\u00e9tale (noix de coco, colza, tournesol), agent d\u2019enrobage (E901, E903,...","og_url":"https:\/\/cakeshopsam.com\/?product=sprinkles-champagne-shower-90-gr","og_site_name":"CAKESHOPSAM","article_modified_time":"2024-11-18T07:20:34+00:00","og_image":[{"width":1080,"height":1080,"url":"https:\/\/cakeshopsam.com\/wp-content\/uploads\/2023\/02\/1-2.png","type":"image\/png"}],"twitter_card":"summary_large_image","twitter_misc":{"Dur\u00e9e de lecture estim\u00e9e":"1 minute"},"schema":{"@context":"https:\/\/schema.org","@graph":[{"@type":"WebPage","@id":"https:\/\/cakeshopsam.com\/?product=sprinkles-champagne-shower-90-gr","url":"https:\/\/cakeshopsam.com\/?product=sprinkles-champagne-shower-90-gr","name":"sprinkles champagne shower 90 gr - CAKESHOPSAM","isPartOf":{"@id":"https:\/\/cakeshopsam.com\/#website"},"primaryImageOfPage":{"@id":"https:\/\/cakeshopsam.com\/?product=sprinkles-champagne-shower-90-gr#primaryimage"},"image":{"@id":"https:\/\/cakeshopsam.com\/?product=sprinkles-champagne-shower-90-gr#primaryimage"},"thumbnailUrl":"https:\/\/i0.wp.com\/cakeshopsam.com\/wp-content\/uploads\/2023\/02\/1-2.png?fit=1080%2C1080&ssl=1","datePublished":"2023-02-23T20:14:55+00:00","dateModified":"2024-11-18T07:20:34+00:00","breadcrumb":{"@id":"https:\/\/cakeshopsam.com\/?product=sprinkles-champagne-shower-90-gr#breadcrumb"},"inLanguage":"fr-FR","potentialAction":[{"@type":"ReadAction","target":["https:\/\/cakeshopsam.com\/?product=sprinkles-champagne-shower-90-gr"]}]},{"@type":"ImageObject","inLanguage":"fr-FR","@id":"https:\/\/cakeshopsam.com\/?product=sprinkles-champagne-shower-90-gr#primaryimage","url":"https:\/\/i0.wp.com\/cakeshopsam.com\/wp-content\/uploads\/2023\/02\/1-2.png?fit=1080%2C1080&ssl=1","contentUrl":"https:\/\/i0.wp.com\/cakeshopsam.com\/wp-content\/uploads\/2023\/02\/1-2.png?fit=1080%2C1080&ssl=1","width":1080,"height":1080},{"@type":"BreadcrumbList","@id":"https:\/\/cakeshopsam.com\/?product=sprinkles-champagne-shower-90-gr#breadcrumb","itemListElement":[{"@type":"ListItem","position":1,"name":"Accueil","item":"https:\/\/cakeshopsam.com\/"},{"@type":"ListItem","position":2,"name":"Boutique","item":"https:\/\/cakeshopsam.com\/?page_id=305"},{"@type":"ListItem","position":3,"name":"sprinkles champagne shower 90 gr"}]},{"@type":"WebSite","@id":"https:\/\/cakeshopsam.com\/#website","url":"https:\/\/cakeshopsam.com\/","name":"CAKESHOPSAM","description":"","publisher":{"@id":"https:\/\/cakeshopsam.com\/#organization"},"potentialAction":[{"@type":"SearchAction","target":{"@type":"EntryPoint","urlTemplate":"https:\/\/cakeshopsam.com\/?s={search_term_string}"},"query-input":{"@type":"PropertyValueSpecification","valueRequired":true,"valueName":"search_term_string"}}],"inLanguage":"fr-FR"},{"@type":"Organization","@id":"https:\/\/cakeshopsam.com\/#organization","name":"CAKESHOPSAM","url":"https:\/\/cakeshopsam.com\/","logo":{"@type":"ImageObject","inLanguage":"fr-FR","@id":"https:\/\/cakeshopsam.com\/#\/schema\/logo\/image\/","url":"https:\/\/cakeshopsam.com\/wp-content\/uploads\/2021\/06\/Design-sans-titre-5.svg","contentUrl":"https:\/\/cakeshopsam.com\/wp-content\/uploads\/2021\/06\/Design-sans-titre-5.svg","width":1080,"height":1080,"caption":"CAKESHOPSAM"},"image":{"@id":"https:\/\/cakeshopsam.com\/#\/schema\/logo\/image\/"}}]}},"jetpack_publicize_connections":[],"uagb_featured_image_src":{"full":["https:\/\/i0.wp.com\/cakeshopsam.com\/wp-content\/uploads\/2023\/02\/1-2.png?fit=1080%2C1080&ssl=1",1080,1080,false],"thumbnail":["https:\/\/i0.wp.com\/cakeshopsam.com\/wp-content\/uploads\/2023\/02\/1-2.png?resize=150%2C150&ssl=1",150,150,true],"medium":["https:\/\/i0.wp.com\/cakeshopsam.com\/wp-content\/uploads\/2023\/02\/1-2.png?fit=300%2C300&ssl=1",300,300,true],"medium_large":["https:\/\/i0.wp.com\/cakeshopsam.com\/wp-content\/uploads\/2023\/02\/1-2.png?fit=768%2C768&ssl=1",768,768,true],"large":["https:\/\/i0.wp.com\/cakeshopsam.com\/wp-content\/uploads\/2023\/02\/1-2.png?fit=1024%2C1024&ssl=1",1024,1024,true],"1536x1536":["https:\/\/i0.wp.com\/cakeshopsam.com\/wp-content\/uploads\/2023\/02\/1-2.png?fit=1080%2C1080&ssl=1",1080,1080,true],"2048x2048":["https:\/\/i0.wp.com\/cakeshopsam.com\/wp-content\/uploads\/2023\/02\/1-2.png?fit=1080%2C1080&ssl=1",1080,1080,true],"newspack-article-block-landscape-large":["https:\/\/i0.wp.com\/cakeshopsam.com\/wp-content\/uploads\/2023\/02\/1-2.png?resize=1080%2C900&ssl=1",1080,900,true],"newspack-article-block-portrait-large":["https:\/\/i0.wp.com\/cakeshopsam.com\/wp-content\/uploads\/2023\/02\/1-2.png?resize=900%2C1080&ssl=1",900,1080,true],"newspack-article-block-square-large":["https:\/\/i0.wp.com\/cakeshopsam.com\/wp-content\/uploads\/2023\/02\/1-2.png?resize=1080%2C1080&ssl=1",1080,1080,true],"newspack-article-block-landscape-medium":["https:\/\/i0.wp.com\/cakeshopsam.com\/wp-content\/uploads\/2023\/02\/1-2.png?resize=800%2C600&ssl=1",800,600,true],"newspack-article-block-portrait-medium":["https:\/\/i0.wp.com\/cakeshopsam.com\/wp-content\/uploads\/2023\/02\/1-2.png?resize=600%2C800&ssl=1",600,800,true],"newspack-article-block-square-medium":["https:\/\/i0.wp.com\/cakeshopsam.com\/wp-content\/uploads\/2023\/02\/1-2.png?resize=800%2C800&ssl=1",800,800,true],"newspack-article-block-landscape-intermediate":["https:\/\/i0.wp.com\/cakeshopsam.com\/wp-content\/uploads\/2023\/02\/1-2.png?resize=600%2C450&ssl=1",600,450,true],"newspack-article-block-portrait-intermediate":["https:\/\/i0.wp.com\/cakeshopsam.com\/wp-content\/uploads\/2023\/02\/1-2.png?resize=450%2C600&ssl=1",450,600,true],"newspack-article-block-square-intermediate":["https:\/\/i0.wp.com\/cakeshopsam.com\/wp-content\/uploads\/2023\/02\/1-2.png?resize=600%2C600&ssl=1",600,600,true],"newspack-article-block-landscape-small":["https:\/\/i0.wp.com\/cakeshopsam.com\/wp-content\/uploads\/2023\/02\/1-2.png?resize=400%2C300&ssl=1",400,300,true],"newspack-article-block-portrait-small":["https:\/\/i0.wp.com\/cakeshopsam.com\/wp-content\/uploads\/2023\/02\/1-2.png?resize=300%2C400&ssl=1",300,400,true],"newspack-article-block-square-small":["https:\/\/i0.wp.com\/cakeshopsam.com\/wp-content\/uploads\/2023\/02\/1-2.png?resize=400%2C400&ssl=1",400,400,true],"newspack-article-block-landscape-tiny":["https:\/\/i0.wp.com\/cakeshopsam.com\/wp-content\/uploads\/2023\/02\/1-2.png?resize=200%2C150&ssl=1",200,150,true],"newspack-article-block-portrait-tiny":["https:\/\/i0.wp.com\/cakeshopsam.com\/wp-content\/uploads\/2023\/02\/1-2.png?resize=150%2C200&ssl=1",150,200,true],"newspack-article-block-square-tiny":["https:\/\/i0.wp.com\/cakeshopsam.com\/wp-content\/uploads\/2023\/02\/1-2.png?resize=200%2C200&ssl=1",200,200,true],"newspack-article-block-uncropped":["https:\/\/i0.wp.com\/cakeshopsam.com\/wp-content\/uploads\/2023\/02\/1-2.png?fit=1080%2C1080&ssl=1",1080,1080,true],"woocommerce_thumbnail":["https:\/\/i0.wp.com\/cakeshopsam.com\/wp-content\/uploads\/2023\/02\/1-2.png?resize=300%2C300&ssl=1",300,300,true],"woocommerce_single":["https:\/\/i0.wp.com\/cakeshopsam.com\/wp-content\/uploads\/2023\/02\/1-2.png?fit=300%2C300&ssl=1",300,300,true],"woocommerce_gallery_thumbnail":["https:\/\/i0.wp.com\/cakeshopsam.com\/wp-content\/uploads\/2023\/02\/1-2.png?resize=100%2C100&ssl=1",100,100,true],"favicon":["https:\/\/i0.wp.com\/cakeshopsam.com\/wp-content\/uploads\/2023\/02\/1-2.png?resize=64%2C64&ssl=1",64,64,true],"apple-touch-icon":["https:\/\/i0.wp.com\/cakeshopsam.com\/wp-content\/uploads\/2023\/02\/1-2.png?resize=180%2C180&ssl=1",180,180,true]},"uagb_author_info":{"display_name":"samsam010101","author_link":"https:\/\/cakeshopsam.com\/?author=0"},"uagb_comment_info":0,"uagb_excerpt":"boite de sprinkles vendue \u00e0 l\u2019unit\u00e9s pesant 90gr ingr\u00e9dients : Sucre, amidon (bl\u00e9, ma\u00efs, pomme de terre, riz), farine (semoule de bl\u00e9, riz), dextrose, sirop de glucose, colorant (E120, E132, E133, E141, E172), colorant alimentaire (concentr\u00e9 de spiruline, jus de betterave, pomme, carthame, citron), huile v\u00e9g\u00e9tale (noix de coco, colza, tournesol), agent d\u2019enrobage (E901, E903,...","jetpack_likes_enabled":true,"jetpack_sharing_enabled":true,"_links":{"self":[{"href":"https:\/\/cakeshopsam.com\/index.php?rest_route=\/wp\/v2\/product\/8242","targetHints":{"allow":["GET"]}}],"collection":[{"href":"https:\/\/cakeshopsam.com\/index.php?rest_route=\/wp\/v2\/product"}],"about":[{"href":"https:\/\/cakeshopsam.com\/index.php?rest_route=\/wp\/v2\/types\/product"}],"replies":[{"embeddable":true,"href":"https:\/\/cakeshopsam.com\/index.php?rest_route=%2Fwp%2Fv2%2Fcomments&post=8242"}],"version-history":[{"count":4,"href":"https:\/\/cakeshopsam.com\/index.php?rest_route=\/wp\/v2\/product\/8242\/revisions"}],"predecessor-version":[{"id":10262,"href":"https:\/\/cakeshopsam.com\/index.php?rest_route=\/wp\/v2\/product\/8242\/revisions\/10262"}],"wp:featuredmedia":[{"embeddable":true,"href":"https:\/\/cakeshopsam.com\/index.php?rest_route=\/wp\/v2\/media\/8309"}],"wp:attachment":[{"href":"https:\/\/cakeshopsam.com\/index.php?rest_route=%2Fwp%2Fv2%2Fmedia&parent=8242"}],"wp:term":[{"taxonomy":"product_brand","embeddable":true,"href":"https:\/\/cakeshopsam.com\/index.php?rest_route=%2Fwp%2Fv2%2Fproduct_brand&post=8242"},{"taxonomy":"product_cat","embeddable":true,"href":"https:\/\/cakeshopsam.com\/index.php?rest_route=%2Fwp%2Fv2%2Fproduct_cat&post=8242"},{"taxonomy":"product_tag","embeddable":true,"href":"https:\/\/cakeshopsam.com\/index.php?rest_route=%2Fwp%2Fv2%2Fproduct_tag&post=8242"}],"curies":[{"name":"wp","href":"https:\/\/api.w.org\/{rel}","templated":true}]}}