{"id":6633,"date":"2022-07-21T12:31:31","date_gmt":"2022-07-21T10:31:31","guid":{"rendered":"https:\/\/cakeshopsam.com\/?post_type=product&#038;p=6633"},"modified":"2024-01-11T16:00:36","modified_gmt":"2024-01-11T15:00:36","slug":"ruban-satin-noir-25mm-x-25-metres","status":"publish","type":"product","link":"https:\/\/cakeshopsam.com\/?product=ruban-satin-noir-25mm-x-25-metres","title":{"rendered":"ruban satin noir 25mm X 25 m\u00e8tres"},"content":{"rendered":"<ul>\n<li style=\"list-style-type: none;\">\n<ul>\u00a0le ruban effet satin est id\u00e9al pour l\u2019embellissement des bo\u00eetes et paquets-cadeaux. Moderne et design, ce ruban satin\u00e9 permet d\u2019apporter une touche color\u00e9e aux d\u00e9corations de tous commerces de luxe ou \u00e9v\u00e8nements.<\/ul>\n<\/li>\n<\/ul>\n<p>&nbsp;<\/p>\n<ul>\n<li style=\"list-style-type: none;\">\n<ul>\u00c9l\u00e9ment indispensable pour fermer un paquet cadeau ou un sac, cette d\u00e9coration satin\u00e9e permet de donner un aspect chic \u00e0 tout emballage. Ce large ruban effet satin convient \u00e9galement pour attacher les \u00e9tiquettes ou r\u00e9aliser de fabuleux n\u0153uds d\u00e9coratifs.<\/ul>\n<\/li>\n<\/ul>\n<p><strong>\u00c9l\u00e9gant et raffin\u00e9 :<\/strong><\/p>\n<ul>\n<li style=\"list-style-type: none;\">\n<ul>\u00a0le ruban brillant et doux au toucher, apporte une touche de sophistication pr\u00e9cieuse aux paquets. Ce cordon soyeux ferme avec beaucoup d\u2019\u00e9l\u00e9gance les sachets et pochettes cadeaux.<\/ul>\n<\/li>\n<\/ul>\n<p>&nbsp;<\/p>\n<ul>\n<li style=\"list-style-type: none;\">\n<ul>Le ruban effet satin est solide, et pratique.<\/ul>\n<\/li>\n<\/ul>\n<p>&nbsp;<\/p>\n<ul>Pr\u00e9sent\u00e9 en rouleau, le ruban effet satin ne s\u2019emm\u00eale pas et se d\u00e9roule facilement. Il peut \u00eatre coup\u00e9 \u00e0 volont\u00e9 selon les besoins.<\/ul>\n<p>&nbsp;<\/p>\n","protected":false},"excerpt":{"rendered":"<p>\u00a0le ruban effet satin est id\u00e9al pour l\u2019embellissement des bo\u00eetes et paquets-cadeaux. Moderne et design, ce ruban satin\u00e9 permet d\u2019apporter une touche color\u00e9e aux d\u00e9corations de tous commerces de luxe ou \u00e9v\u00e8nements. &nbsp; \u00c9l\u00e9ment indispensable pour fermer un paquet cadeau ou un sac, cette d\u00e9coration satin\u00e9e permet de donner un aspect chic \u00e0 tout emballage&#8230;.<\/p>\n","protected":false},"featured_media":6635,"comment_status":"open","ping_status":"closed","template":"","meta":{"_uag_custom_page_level_css":"","_kad_post_transparent":"default","_kad_post_title":"","_kad_post_layout":"default","_kad_post_sidebar_id":"","_kad_post_content_style":"default","_kad_post_vertical_padding":"default","_kad_post_feature":"","_kad_post_feature_position":"","_kad_post_header":false,"_kad_post_footer":false,"jetpack_post_was_ever_published":false,"jetpack_publicize_message":"","jetpack_publicize_feature_enabled":true,"jetpack_social_post_already_shared":true,"jetpack_social_options":{"image_generator_settings":{"template":"highway","default_image_id":0,"font":"","enabled":false},"version":2},"_wpas_customize_per_network":false},"product_brand":[],"product_cat":[6379,6352],"product_tag":[],"class_list":{"0":"post-6633","1":"product","2":"type-product","3":"status-publish","4":"has-post-thumbnail","6":"product_cat-accessoires","7":"product_cat-boite-a-gateaux","9":"first","10":"instock","11":"taxable","12":"shipping-taxable","13":"purchasable","14":"product-type-simple","15":"entry","16":"content-bg","17":"loop-entry"},"yoast_head":"<!-- This site is optimized with the Yoast SEO plugin v27.3 - https:\/\/yoast.com\/product\/yoast-seo-wordpress\/ -->\n<title>ruban satin noir 25mm X 25 m\u00e8tres - CAKESHOPSAM<\/title>\n<meta name=\"robots\" content=\"index, follow, max-snippet:-1, max-image-preview:large, max-video-preview:-1\" \/>\n<link rel=\"canonical\" href=\"https:\/\/cakeshopsam.com\/?product=ruban-satin-noir-25mm-x-25-metres\" \/>\n<meta property=\"og:locale\" content=\"fr_FR\" \/>\n<meta property=\"og:type\" content=\"article\" \/>\n<meta property=\"og:title\" content=\"ruban satin noir 25mm X 25 m\u00e8tres - CAKESHOPSAM\" \/>\n<meta property=\"og:description\" content=\"\u00a0le ruban effet satin est id\u00e9al pour l\u2019embellissement des bo\u00eetes et paquets-cadeaux. Moderne et design, ce ruban satin\u00e9 permet d\u2019apporter une touche color\u00e9e aux d\u00e9corations de tous commerces de luxe ou \u00e9v\u00e8nements. &nbsp; \u00c9l\u00e9ment indispensable pour fermer un paquet cadeau ou un sac, cette d\u00e9coration satin\u00e9e permet de donner un aspect chic \u00e0 tout emballage....\" \/>\n<meta property=\"og:url\" content=\"https:\/\/cakeshopsam.com\/?product=ruban-satin-noir-25mm-x-25-metres\" \/>\n<meta property=\"og:site_name\" content=\"CAKESHOPSAM\" \/>\n<meta property=\"article:modified_time\" content=\"2024-01-11T15:00:36+00:00\" \/>\n<meta property=\"og:image\" content=\"https:\/\/cakeshopsam.com\/wp-content\/uploads\/2022\/07\/ruban-noir.jpg\" \/>\n\t<meta property=\"og:image:width\" content=\"640\" \/>\n\t<meta property=\"og:image:height\" content=\"425\" \/>\n\t<meta property=\"og:image:type\" content=\"image\/jpeg\" \/>\n<meta name=\"twitter:card\" content=\"summary_large_image\" \/>\n<meta name=\"twitter:label1\" content=\"Dur\u00e9e de lecture estim\u00e9e\" \/>\n\t<meta name=\"twitter:data1\" content=\"1 minute\" \/>\n<script type=\"application\/ld+json\" class=\"yoast-schema-graph\">{\"@context\":\"https:\\\/\\\/schema.org\",\"@graph\":[{\"@type\":\"WebPage\",\"@id\":\"https:\\\/\\\/cakeshopsam.com\\\/?product=ruban-satin-noir-25mm-x-25-metres\",\"url\":\"https:\\\/\\\/cakeshopsam.com\\\/?product=ruban-satin-noir-25mm-x-25-metres\",\"name\":\"ruban satin noir 25mm X 25 m\u00e8tres - CAKESHOPSAM\",\"isPartOf\":{\"@id\":\"https:\\\/\\\/cakeshopsam.com\\\/#website\"},\"primaryImageOfPage\":{\"@id\":\"https:\\\/\\\/cakeshopsam.com\\\/?product=ruban-satin-noir-25mm-x-25-metres#primaryimage\"},\"image\":{\"@id\":\"https:\\\/\\\/cakeshopsam.com\\\/?product=ruban-satin-noir-25mm-x-25-metres#primaryimage\"},\"thumbnailUrl\":\"https:\\\/\\\/i0.wp.com\\\/cakeshopsam.com\\\/wp-content\\\/uploads\\\/2022\\\/07\\\/ruban-noir.jpg?fit=640%2C425&ssl=1\",\"datePublished\":\"2022-07-21T10:31:31+00:00\",\"dateModified\":\"2024-01-11T15:00:36+00:00\",\"breadcrumb\":{\"@id\":\"https:\\\/\\\/cakeshopsam.com\\\/?product=ruban-satin-noir-25mm-x-25-metres#breadcrumb\"},\"inLanguage\":\"fr-FR\",\"potentialAction\":[{\"@type\":\"ReadAction\",\"target\":[\"https:\\\/\\\/cakeshopsam.com\\\/?product=ruban-satin-noir-25mm-x-25-metres\"]}]},{\"@type\":\"ImageObject\",\"inLanguage\":\"fr-FR\",\"@id\":\"https:\\\/\\\/cakeshopsam.com\\\/?product=ruban-satin-noir-25mm-x-25-metres#primaryimage\",\"url\":\"https:\\\/\\\/i0.wp.com\\\/cakeshopsam.com\\\/wp-content\\\/uploads\\\/2022\\\/07\\\/ruban-noir.jpg?fit=640%2C425&ssl=1\",\"contentUrl\":\"https:\\\/\\\/i0.wp.com\\\/cakeshopsam.com\\\/wp-content\\\/uploads\\\/2022\\\/07\\\/ruban-noir.jpg?fit=640%2C425&ssl=1\",\"width\":640,\"height\":425},{\"@type\":\"BreadcrumbList\",\"@id\":\"https:\\\/\\\/cakeshopsam.com\\\/?product=ruban-satin-noir-25mm-x-25-metres#breadcrumb\",\"itemListElement\":[{\"@type\":\"ListItem\",\"position\":1,\"name\":\"Accueil\",\"item\":\"https:\\\/\\\/cakeshopsam.com\\\/\"},{\"@type\":\"ListItem\",\"position\":2,\"name\":\"Boutique\",\"item\":\"https:\\\/\\\/cakeshopsam.com\\\/?page_id=305\"},{\"@type\":\"ListItem\",\"position\":3,\"name\":\"ruban satin noir 25mm X 25 m\u00e8tres\"}]},{\"@type\":\"WebSite\",\"@id\":\"https:\\\/\\\/cakeshopsam.com\\\/#website\",\"url\":\"https:\\\/\\\/cakeshopsam.com\\\/\",\"name\":\"CAKESHOPSAM\",\"description\":\"\",\"publisher\":{\"@id\":\"https:\\\/\\\/cakeshopsam.com\\\/#organization\"},\"potentialAction\":[{\"@type\":\"SearchAction\",\"target\":{\"@type\":\"EntryPoint\",\"urlTemplate\":\"https:\\\/\\\/cakeshopsam.com\\\/?s={search_term_string}\"},\"query-input\":{\"@type\":\"PropertyValueSpecification\",\"valueRequired\":true,\"valueName\":\"search_term_string\"}}],\"inLanguage\":\"fr-FR\"},{\"@type\":\"Organization\",\"@id\":\"https:\\\/\\\/cakeshopsam.com\\\/#organization\",\"name\":\"CAKESHOPSAM\",\"url\":\"https:\\\/\\\/cakeshopsam.com\\\/\",\"logo\":{\"@type\":\"ImageObject\",\"inLanguage\":\"fr-FR\",\"@id\":\"https:\\\/\\\/cakeshopsam.com\\\/#\\\/schema\\\/logo\\\/image\\\/\",\"url\":\"https:\\\/\\\/cakeshopsam.com\\\/wp-content\\\/uploads\\\/2021\\\/06\\\/Design-sans-titre-5.svg\",\"contentUrl\":\"https:\\\/\\\/cakeshopsam.com\\\/wp-content\\\/uploads\\\/2021\\\/06\\\/Design-sans-titre-5.svg\",\"width\":1080,\"height\":1080,\"caption\":\"CAKESHOPSAM\"},\"image\":{\"@id\":\"https:\\\/\\\/cakeshopsam.com\\\/#\\\/schema\\\/logo\\\/image\\\/\"}}]}<\/script>\n<!-- \/ Yoast SEO plugin. -->","yoast_head_json":{"title":"ruban satin noir 25mm X 25 m\u00e8tres - CAKESHOPSAM","robots":{"index":"index","follow":"follow","max-snippet":"max-snippet:-1","max-image-preview":"max-image-preview:large","max-video-preview":"max-video-preview:-1"},"canonical":"https:\/\/cakeshopsam.com\/?product=ruban-satin-noir-25mm-x-25-metres","og_locale":"fr_FR","og_type":"article","og_title":"ruban satin noir 25mm X 25 m\u00e8tres - CAKESHOPSAM","og_description":"\u00a0le ruban effet satin est id\u00e9al pour l\u2019embellissement des bo\u00eetes et paquets-cadeaux. Moderne et design, ce ruban satin\u00e9 permet d\u2019apporter une touche color\u00e9e aux d\u00e9corations de tous commerces de luxe ou \u00e9v\u00e8nements. &nbsp; \u00c9l\u00e9ment indispensable pour fermer un paquet cadeau ou un sac, cette d\u00e9coration satin\u00e9e permet de donner un aspect chic \u00e0 tout emballage....","og_url":"https:\/\/cakeshopsam.com\/?product=ruban-satin-noir-25mm-x-25-metres","og_site_name":"CAKESHOPSAM","article_modified_time":"2024-01-11T15:00:36+00:00","og_image":[{"width":640,"height":425,"url":"https:\/\/cakeshopsam.com\/wp-content\/uploads\/2022\/07\/ruban-noir.jpg","type":"image\/jpeg"}],"twitter_card":"summary_large_image","twitter_misc":{"Dur\u00e9e de lecture estim\u00e9e":"1 minute"},"schema":{"@context":"https:\/\/schema.org","@graph":[{"@type":"WebPage","@id":"https:\/\/cakeshopsam.com\/?product=ruban-satin-noir-25mm-x-25-metres","url":"https:\/\/cakeshopsam.com\/?product=ruban-satin-noir-25mm-x-25-metres","name":"ruban satin noir 25mm X 25 m\u00e8tres - CAKESHOPSAM","isPartOf":{"@id":"https:\/\/cakeshopsam.com\/#website"},"primaryImageOfPage":{"@id":"https:\/\/cakeshopsam.com\/?product=ruban-satin-noir-25mm-x-25-metres#primaryimage"},"image":{"@id":"https:\/\/cakeshopsam.com\/?product=ruban-satin-noir-25mm-x-25-metres#primaryimage"},"thumbnailUrl":"https:\/\/i0.wp.com\/cakeshopsam.com\/wp-content\/uploads\/2022\/07\/ruban-noir.jpg?fit=640%2C425&ssl=1","datePublished":"2022-07-21T10:31:31+00:00","dateModified":"2024-01-11T15:00:36+00:00","breadcrumb":{"@id":"https:\/\/cakeshopsam.com\/?product=ruban-satin-noir-25mm-x-25-metres#breadcrumb"},"inLanguage":"fr-FR","potentialAction":[{"@type":"ReadAction","target":["https:\/\/cakeshopsam.com\/?product=ruban-satin-noir-25mm-x-25-metres"]}]},{"@type":"ImageObject","inLanguage":"fr-FR","@id":"https:\/\/cakeshopsam.com\/?product=ruban-satin-noir-25mm-x-25-metres#primaryimage","url":"https:\/\/i0.wp.com\/cakeshopsam.com\/wp-content\/uploads\/2022\/07\/ruban-noir.jpg?fit=640%2C425&ssl=1","contentUrl":"https:\/\/i0.wp.com\/cakeshopsam.com\/wp-content\/uploads\/2022\/07\/ruban-noir.jpg?fit=640%2C425&ssl=1","width":640,"height":425},{"@type":"BreadcrumbList","@id":"https:\/\/cakeshopsam.com\/?product=ruban-satin-noir-25mm-x-25-metres#breadcrumb","itemListElement":[{"@type":"ListItem","position":1,"name":"Accueil","item":"https:\/\/cakeshopsam.com\/"},{"@type":"ListItem","position":2,"name":"Boutique","item":"https:\/\/cakeshopsam.com\/?page_id=305"},{"@type":"ListItem","position":3,"name":"ruban satin noir 25mm X 25 m\u00e8tres"}]},{"@type":"WebSite","@id":"https:\/\/cakeshopsam.com\/#website","url":"https:\/\/cakeshopsam.com\/","name":"CAKESHOPSAM","description":"","publisher":{"@id":"https:\/\/cakeshopsam.com\/#organization"},"potentialAction":[{"@type":"SearchAction","target":{"@type":"EntryPoint","urlTemplate":"https:\/\/cakeshopsam.com\/?s={search_term_string}"},"query-input":{"@type":"PropertyValueSpecification","valueRequired":true,"valueName":"search_term_string"}}],"inLanguage":"fr-FR"},{"@type":"Organization","@id":"https:\/\/cakeshopsam.com\/#organization","name":"CAKESHOPSAM","url":"https:\/\/cakeshopsam.com\/","logo":{"@type":"ImageObject","inLanguage":"fr-FR","@id":"https:\/\/cakeshopsam.com\/#\/schema\/logo\/image\/","url":"https:\/\/cakeshopsam.com\/wp-content\/uploads\/2021\/06\/Design-sans-titre-5.svg","contentUrl":"https:\/\/cakeshopsam.com\/wp-content\/uploads\/2021\/06\/Design-sans-titre-5.svg","width":1080,"height":1080,"caption":"CAKESHOPSAM"},"image":{"@id":"https:\/\/cakeshopsam.com\/#\/schema\/logo\/image\/"}}]}},"jetpack_publicize_connections":[],"uagb_featured_image_src":{"full":["https:\/\/i0.wp.com\/cakeshopsam.com\/wp-content\/uploads\/2022\/07\/ruban-noir.jpg?fit=640%2C425&ssl=1",640,425,false],"thumbnail":["https:\/\/i0.wp.com\/cakeshopsam.com\/wp-content\/uploads\/2022\/07\/ruban-noir.jpg?resize=150%2C150&ssl=1",150,150,true],"medium":["https:\/\/i0.wp.com\/cakeshopsam.com\/wp-content\/uploads\/2022\/07\/ruban-noir.jpg?fit=300%2C199&ssl=1",300,199,true],"medium_large":["https:\/\/i0.wp.com\/cakeshopsam.com\/wp-content\/uploads\/2022\/07\/ruban-noir.jpg?fit=640%2C425&ssl=1",640,425,true],"large":["https:\/\/i0.wp.com\/cakeshopsam.com\/wp-content\/uploads\/2022\/07\/ruban-noir.jpg?fit=640%2C425&ssl=1",640,425,true],"1536x1536":["https:\/\/i0.wp.com\/cakeshopsam.com\/wp-content\/uploads\/2022\/07\/ruban-noir.jpg?fit=640%2C425&ssl=1",640,425,true],"2048x2048":["https:\/\/i0.wp.com\/cakeshopsam.com\/wp-content\/uploads\/2022\/07\/ruban-noir.jpg?fit=640%2C425&ssl=1",640,425,true],"newspack-article-block-landscape-large":["https:\/\/i0.wp.com\/cakeshopsam.com\/wp-content\/uploads\/2022\/07\/ruban-noir.jpg?resize=640%2C425&ssl=1",640,425,true],"newspack-article-block-portrait-large":["https:\/\/i0.wp.com\/cakeshopsam.com\/wp-content\/uploads\/2022\/07\/ruban-noir.jpg?resize=640%2C425&ssl=1",640,425,true],"newspack-article-block-square-large":["https:\/\/i0.wp.com\/cakeshopsam.com\/wp-content\/uploads\/2022\/07\/ruban-noir.jpg?resize=640%2C425&ssl=1",640,425,true],"newspack-article-block-landscape-medium":["https:\/\/i0.wp.com\/cakeshopsam.com\/wp-content\/uploads\/2022\/07\/ruban-noir.jpg?resize=640%2C425&ssl=1",640,425,true],"newspack-article-block-portrait-medium":["https:\/\/i0.wp.com\/cakeshopsam.com\/wp-content\/uploads\/2022\/07\/ruban-noir.jpg?resize=600%2C425&ssl=1",600,425,true],"newspack-article-block-square-medium":["https:\/\/i0.wp.com\/cakeshopsam.com\/wp-content\/uploads\/2022\/07\/ruban-noir.jpg?resize=640%2C425&ssl=1",640,425,true],"newspack-article-block-landscape-intermediate":["https:\/\/i0.wp.com\/cakeshopsam.com\/wp-content\/uploads\/2022\/07\/ruban-noir.jpg?resize=600%2C425&ssl=1",600,425,true],"newspack-article-block-portrait-intermediate":["https:\/\/i0.wp.com\/cakeshopsam.com\/wp-content\/uploads\/2022\/07\/ruban-noir.jpg?resize=450%2C425&ssl=1",450,425,true],"newspack-article-block-square-intermediate":["https:\/\/i0.wp.com\/cakeshopsam.com\/wp-content\/uploads\/2022\/07\/ruban-noir.jpg?resize=600%2C425&ssl=1",600,425,true],"newspack-article-block-landscape-small":["https:\/\/i0.wp.com\/cakeshopsam.com\/wp-content\/uploads\/2022\/07\/ruban-noir.jpg?resize=400%2C300&ssl=1",400,300,true],"newspack-article-block-portrait-small":["https:\/\/i0.wp.com\/cakeshopsam.com\/wp-content\/uploads\/2022\/07\/ruban-noir.jpg?resize=300%2C400&ssl=1",300,400,true],"newspack-article-block-square-small":["https:\/\/i0.wp.com\/cakeshopsam.com\/wp-content\/uploads\/2022\/07\/ruban-noir.jpg?resize=400%2C400&ssl=1",400,400,true],"newspack-article-block-landscape-tiny":["https:\/\/i0.wp.com\/cakeshopsam.com\/wp-content\/uploads\/2022\/07\/ruban-noir.jpg?resize=200%2C150&ssl=1",200,150,true],"newspack-article-block-portrait-tiny":["https:\/\/i0.wp.com\/cakeshopsam.com\/wp-content\/uploads\/2022\/07\/ruban-noir.jpg?resize=150%2C200&ssl=1",150,200,true],"newspack-article-block-square-tiny":["https:\/\/i0.wp.com\/cakeshopsam.com\/wp-content\/uploads\/2022\/07\/ruban-noir.jpg?resize=200%2C200&ssl=1",200,200,true],"newspack-article-block-uncropped":["https:\/\/i0.wp.com\/cakeshopsam.com\/wp-content\/uploads\/2022\/07\/ruban-noir.jpg?fit=640%2C425&ssl=1",640,425,true],"woocommerce_thumbnail":["https:\/\/i0.wp.com\/cakeshopsam.com\/wp-content\/uploads\/2022\/07\/ruban-noir.jpg?resize=300%2C300&ssl=1",300,300,true],"woocommerce_single":["https:\/\/i0.wp.com\/cakeshopsam.com\/wp-content\/uploads\/2022\/07\/ruban-noir.jpg?fit=300%2C199&ssl=1",300,199,true],"woocommerce_gallery_thumbnail":["https:\/\/i0.wp.com\/cakeshopsam.com\/wp-content\/uploads\/2022\/07\/ruban-noir.jpg?resize=100%2C100&ssl=1",100,100,true],"favicon":["https:\/\/i0.wp.com\/cakeshopsam.com\/wp-content\/uploads\/2022\/07\/ruban-noir.jpg?resize=64%2C64&ssl=1",64,64,true],"apple-touch-icon":["https:\/\/i0.wp.com\/cakeshopsam.com\/wp-content\/uploads\/2022\/07\/ruban-noir.jpg?resize=180%2C180&ssl=1",180,180,true]},"uagb_author_info":{"display_name":"samsam010101","author_link":"https:\/\/cakeshopsam.com\/?author=0"},"uagb_comment_info":0,"uagb_excerpt":"\u00a0le ruban effet satin est id\u00e9al pour l\u2019embellissement des bo\u00eetes et paquets-cadeaux. Moderne et design, ce ruban satin\u00e9 permet d\u2019apporter une touche color\u00e9e aux d\u00e9corations de tous commerces de luxe ou \u00e9v\u00e8nements. &nbsp; \u00c9l\u00e9ment indispensable pour fermer un paquet cadeau ou un sac, cette d\u00e9coration satin\u00e9e permet de donner un aspect chic \u00e0 tout emballage....","jetpack_likes_enabled":true,"jetpack_sharing_enabled":true,"_links":{"self":[{"href":"https:\/\/cakeshopsam.com\/index.php?rest_route=\/wp\/v2\/product\/6633","targetHints":{"allow":["GET"]}}],"collection":[{"href":"https:\/\/cakeshopsam.com\/index.php?rest_route=\/wp\/v2\/product"}],"about":[{"href":"https:\/\/cakeshopsam.com\/index.php?rest_route=\/wp\/v2\/types\/product"}],"replies":[{"embeddable":true,"href":"https:\/\/cakeshopsam.com\/index.php?rest_route=%2Fwp%2Fv2%2Fcomments&post=6633"}],"version-history":[{"count":2,"href":"https:\/\/cakeshopsam.com\/index.php?rest_route=\/wp\/v2\/product\/6633\/revisions"}],"predecessor-version":[{"id":6636,"href":"https:\/\/cakeshopsam.com\/index.php?rest_route=\/wp\/v2\/product\/6633\/revisions\/6636"}],"wp:featuredmedia":[{"embeddable":true,"href":"https:\/\/cakeshopsam.com\/index.php?rest_route=\/wp\/v2\/media\/6635"}],"wp:attachment":[{"href":"https:\/\/cakeshopsam.com\/index.php?rest_route=%2Fwp%2Fv2%2Fmedia&parent=6633"}],"wp:term":[{"taxonomy":"product_brand","embeddable":true,"href":"https:\/\/cakeshopsam.com\/index.php?rest_route=%2Fwp%2Fv2%2Fproduct_brand&post=6633"},{"taxonomy":"product_cat","embeddable":true,"href":"https:\/\/cakeshopsam.com\/index.php?rest_route=%2Fwp%2Fv2%2Fproduct_cat&post=6633"},{"taxonomy":"product_tag","embeddable":true,"href":"https:\/\/cakeshopsam.com\/index.php?rest_route=%2Fwp%2Fv2%2Fproduct_tag&post=6633"}],"curies":[{"name":"wp","href":"https:\/\/api.w.org\/{rel}","templated":true}]}}