{"id":539,"date":"2021-05-27T00:14:07","date_gmt":"2021-05-26T22:14:07","guid":{"rendered":"https:\/\/cakeshopsam.com\/?post_type=product&#038;p=539"},"modified":"2026-03-20T22:04:31","modified_gmt":"2026-03-20T21:04:31","slug":"colour-mill-teal","status":"publish","type":"product","link":"https:\/\/cakeshopsam.com\/?product=colour-mill-teal","title":{"rendered":"colour mill teal"},"content":{"rendered":"<p>d\u00e9tails du produit :<\/p>\n<p>colorant en Gel <em>\u00ab\u00a0colour mill.\u00a0\u00bb\u00a0<\/em> de 20 ml vendu a l\u2019unit\u00e9.<\/p>\n<p>ingr\u00e9dients :<\/p>\n<p>Glyc\u00e9rol (E422), Couleurs (E102*, E133), L\u00e9cithine (E322)<\/p>\n","protected":false},"excerpt":{"rendered":"<p>d\u00e9tails du produit : colorant en Gel \u00ab\u00a0colour mill.\u00a0\u00bb\u00a0 de 20 ml vendu a l\u2019unit\u00e9. ingr\u00e9dients : Glyc\u00e9rol (E422), Couleurs (E102*, E133), L\u00e9cithine (E322)<\/p>\n","protected":false},"featured_media":540,"comment_status":"open","ping_status":"closed","template":"","meta":{"_uag_custom_page_level_css":"","_kad_post_transparent":"default","_kad_post_title":"","_kad_post_layout":"default","_kad_post_sidebar_id":"","_kad_post_content_style":"default","_kad_post_vertical_padding":"default","_kad_post_feature":"","_kad_post_feature_position":"","_kad_post_header":false,"_kad_post_footer":false,"jetpack_post_was_ever_published":false,"jetpack_publicize_message":"","jetpack_publicize_feature_enabled":true,"jetpack_social_post_already_shared":true,"jetpack_social_options":{"image_generator_settings":{"template":"highway","default_image_id":0,"font":"","enabled":false},"version":2},"_wpas_customize_per_network":false},"product_brand":[],"product_cat":[6375],"product_tag":[],"class_list":{"0":"post-539","1":"product","2":"type-product","3":"status-publish","4":"has-post-thumbnail","6":"product_cat-colour-mill","8":"first","9":"instock","10":"sale","11":"taxable","12":"shipping-taxable","13":"purchasable","14":"product-type-simple","15":"entry","16":"content-bg","17":"loop-entry"},"yoast_head":"<!-- This site is optimized with the Yoast SEO plugin v27.3 - https:\/\/yoast.com\/product\/yoast-seo-wordpress\/ -->\n<title>colour mill teal - CAKESHOPSAM<\/title>\n<meta name=\"robots\" content=\"index, follow, max-snippet:-1, max-image-preview:large, max-video-preview:-1\" \/>\n<link rel=\"canonical\" href=\"https:\/\/cakeshopsam.com\/?product=colour-mill-teal\" \/>\n<meta property=\"og:locale\" content=\"fr_FR\" \/>\n<meta property=\"og:type\" content=\"article\" \/>\n<meta property=\"og:title\" content=\"colour mill teal - CAKESHOPSAM\" \/>\n<meta property=\"og:description\" content=\"d\u00e9tails du produit : colorant en Gel \u00ab\u00a0colour mill.\u00a0\u00bb\u00a0 de 20 ml vendu a l\u2019unit\u00e9. ingr\u00e9dients : Glyc\u00e9rol (E422), Couleurs (E102*, E133), L\u00e9cithine (E322)\" \/>\n<meta property=\"og:url\" content=\"https:\/\/cakeshopsam.com\/?product=colour-mill-teal\" \/>\n<meta property=\"og:site_name\" content=\"CAKESHOPSAM\" \/>\n<meta property=\"article:modified_time\" content=\"2026-03-20T21:04:31+00:00\" \/>\n<meta property=\"og:image\" content=\"https:\/\/cakeshopsam.com\/wp-content\/uploads\/2021\/05\/happy-sprinkles-20ml-colour-mill-teal-27982380105794_360x.png\" \/>\n\t<meta property=\"og:image:width\" content=\"360\" \/>\n\t<meta property=\"og:image:height\" content=\"514\" \/>\n\t<meta property=\"og:image:type\" content=\"image\/png\" \/>\n<meta name=\"twitter:card\" content=\"summary_large_image\" \/>\n<script type=\"application\/ld+json\" class=\"yoast-schema-graph\">{\"@context\":\"https:\\\/\\\/schema.org\",\"@graph\":[{\"@type\":\"WebPage\",\"@id\":\"https:\\\/\\\/cakeshopsam.com\\\/?product=colour-mill-teal\",\"url\":\"https:\\\/\\\/cakeshopsam.com\\\/?product=colour-mill-teal\",\"name\":\"colour mill teal - CAKESHOPSAM\",\"isPartOf\":{\"@id\":\"https:\\\/\\\/cakeshopsam.com\\\/#website\"},\"primaryImageOfPage\":{\"@id\":\"https:\\\/\\\/cakeshopsam.com\\\/?product=colour-mill-teal#primaryimage\"},\"image\":{\"@id\":\"https:\\\/\\\/cakeshopsam.com\\\/?product=colour-mill-teal#primaryimage\"},\"thumbnailUrl\":\"https:\\\/\\\/i0.wp.com\\\/cakeshopsam.com\\\/wp-content\\\/uploads\\\/2021\\\/05\\\/happy-sprinkles-20ml-colour-mill-teal-27982380105794_360x.png?fit=360%2C514&ssl=1\",\"datePublished\":\"2021-05-26T22:14:07+00:00\",\"dateModified\":\"2026-03-20T21:04:31+00:00\",\"breadcrumb\":{\"@id\":\"https:\\\/\\\/cakeshopsam.com\\\/?product=colour-mill-teal#breadcrumb\"},\"inLanguage\":\"fr-FR\",\"potentialAction\":[{\"@type\":\"ReadAction\",\"target\":[\"https:\\\/\\\/cakeshopsam.com\\\/?product=colour-mill-teal\"]}]},{\"@type\":\"ImageObject\",\"inLanguage\":\"fr-FR\",\"@id\":\"https:\\\/\\\/cakeshopsam.com\\\/?product=colour-mill-teal#primaryimage\",\"url\":\"https:\\\/\\\/i0.wp.com\\\/cakeshopsam.com\\\/wp-content\\\/uploads\\\/2021\\\/05\\\/happy-sprinkles-20ml-colour-mill-teal-27982380105794_360x.png?fit=360%2C514&ssl=1\",\"contentUrl\":\"https:\\\/\\\/i0.wp.com\\\/cakeshopsam.com\\\/wp-content\\\/uploads\\\/2021\\\/05\\\/happy-sprinkles-20ml-colour-mill-teal-27982380105794_360x.png?fit=360%2C514&ssl=1\",\"width\":360,\"height\":514},{\"@type\":\"BreadcrumbList\",\"@id\":\"https:\\\/\\\/cakeshopsam.com\\\/?product=colour-mill-teal#breadcrumb\",\"itemListElement\":[{\"@type\":\"ListItem\",\"position\":1,\"name\":\"Accueil\",\"item\":\"https:\\\/\\\/cakeshopsam.com\\\/\"},{\"@type\":\"ListItem\",\"position\":2,\"name\":\"Boutique\",\"item\":\"https:\\\/\\\/cakeshopsam.com\\\/?page_id=305\"},{\"@type\":\"ListItem\",\"position\":3,\"name\":\"colour mill teal\"}]},{\"@type\":\"WebSite\",\"@id\":\"https:\\\/\\\/cakeshopsam.com\\\/#website\",\"url\":\"https:\\\/\\\/cakeshopsam.com\\\/\",\"name\":\"CAKESHOPSAM\",\"description\":\"\",\"publisher\":{\"@id\":\"https:\\\/\\\/cakeshopsam.com\\\/#organization\"},\"potentialAction\":[{\"@type\":\"SearchAction\",\"target\":{\"@type\":\"EntryPoint\",\"urlTemplate\":\"https:\\\/\\\/cakeshopsam.com\\\/?s={search_term_string}\"},\"query-input\":{\"@type\":\"PropertyValueSpecification\",\"valueRequired\":true,\"valueName\":\"search_term_string\"}}],\"inLanguage\":\"fr-FR\"},{\"@type\":\"Organization\",\"@id\":\"https:\\\/\\\/cakeshopsam.com\\\/#organization\",\"name\":\"CAKESHOPSAM\",\"url\":\"https:\\\/\\\/cakeshopsam.com\\\/\",\"logo\":{\"@type\":\"ImageObject\",\"inLanguage\":\"fr-FR\",\"@id\":\"https:\\\/\\\/cakeshopsam.com\\\/#\\\/schema\\\/logo\\\/image\\\/\",\"url\":\"https:\\\/\\\/cakeshopsam.com\\\/wp-content\\\/uploads\\\/2021\\\/06\\\/Design-sans-titre-5.svg\",\"contentUrl\":\"https:\\\/\\\/cakeshopsam.com\\\/wp-content\\\/uploads\\\/2021\\\/06\\\/Design-sans-titre-5.svg\",\"width\":1080,\"height\":1080,\"caption\":\"CAKESHOPSAM\"},\"image\":{\"@id\":\"https:\\\/\\\/cakeshopsam.com\\\/#\\\/schema\\\/logo\\\/image\\\/\"}}]}<\/script>\n<!-- \/ Yoast SEO plugin. -->","yoast_head_json":{"title":"colour mill teal - CAKESHOPSAM","robots":{"index":"index","follow":"follow","max-snippet":"max-snippet:-1","max-image-preview":"max-image-preview:large","max-video-preview":"max-video-preview:-1"},"canonical":"https:\/\/cakeshopsam.com\/?product=colour-mill-teal","og_locale":"fr_FR","og_type":"article","og_title":"colour mill teal - CAKESHOPSAM","og_description":"d\u00e9tails du produit : colorant en Gel \u00ab\u00a0colour mill.\u00a0\u00bb\u00a0 de 20 ml vendu a l\u2019unit\u00e9. ingr\u00e9dients : Glyc\u00e9rol (E422), Couleurs (E102*, E133), L\u00e9cithine (E322)","og_url":"https:\/\/cakeshopsam.com\/?product=colour-mill-teal","og_site_name":"CAKESHOPSAM","article_modified_time":"2026-03-20T21:04:31+00:00","og_image":[{"width":360,"height":514,"url":"https:\/\/cakeshopsam.com\/wp-content\/uploads\/2021\/05\/happy-sprinkles-20ml-colour-mill-teal-27982380105794_360x.png","type":"image\/png"}],"twitter_card":"summary_large_image","schema":{"@context":"https:\/\/schema.org","@graph":[{"@type":"WebPage","@id":"https:\/\/cakeshopsam.com\/?product=colour-mill-teal","url":"https:\/\/cakeshopsam.com\/?product=colour-mill-teal","name":"colour mill teal - CAKESHOPSAM","isPartOf":{"@id":"https:\/\/cakeshopsam.com\/#website"},"primaryImageOfPage":{"@id":"https:\/\/cakeshopsam.com\/?product=colour-mill-teal#primaryimage"},"image":{"@id":"https:\/\/cakeshopsam.com\/?product=colour-mill-teal#primaryimage"},"thumbnailUrl":"https:\/\/i0.wp.com\/cakeshopsam.com\/wp-content\/uploads\/2021\/05\/happy-sprinkles-20ml-colour-mill-teal-27982380105794_360x.png?fit=360%2C514&ssl=1","datePublished":"2021-05-26T22:14:07+00:00","dateModified":"2026-03-20T21:04:31+00:00","breadcrumb":{"@id":"https:\/\/cakeshopsam.com\/?product=colour-mill-teal#breadcrumb"},"inLanguage":"fr-FR","potentialAction":[{"@type":"ReadAction","target":["https:\/\/cakeshopsam.com\/?product=colour-mill-teal"]}]},{"@type":"ImageObject","inLanguage":"fr-FR","@id":"https:\/\/cakeshopsam.com\/?product=colour-mill-teal#primaryimage","url":"https:\/\/i0.wp.com\/cakeshopsam.com\/wp-content\/uploads\/2021\/05\/happy-sprinkles-20ml-colour-mill-teal-27982380105794_360x.png?fit=360%2C514&ssl=1","contentUrl":"https:\/\/i0.wp.com\/cakeshopsam.com\/wp-content\/uploads\/2021\/05\/happy-sprinkles-20ml-colour-mill-teal-27982380105794_360x.png?fit=360%2C514&ssl=1","width":360,"height":514},{"@type":"BreadcrumbList","@id":"https:\/\/cakeshopsam.com\/?product=colour-mill-teal#breadcrumb","itemListElement":[{"@type":"ListItem","position":1,"name":"Accueil","item":"https:\/\/cakeshopsam.com\/"},{"@type":"ListItem","position":2,"name":"Boutique","item":"https:\/\/cakeshopsam.com\/?page_id=305"},{"@type":"ListItem","position":3,"name":"colour mill teal"}]},{"@type":"WebSite","@id":"https:\/\/cakeshopsam.com\/#website","url":"https:\/\/cakeshopsam.com\/","name":"CAKESHOPSAM","description":"","publisher":{"@id":"https:\/\/cakeshopsam.com\/#organization"},"potentialAction":[{"@type":"SearchAction","target":{"@type":"EntryPoint","urlTemplate":"https:\/\/cakeshopsam.com\/?s={search_term_string}"},"query-input":{"@type":"PropertyValueSpecification","valueRequired":true,"valueName":"search_term_string"}}],"inLanguage":"fr-FR"},{"@type":"Organization","@id":"https:\/\/cakeshopsam.com\/#organization","name":"CAKESHOPSAM","url":"https:\/\/cakeshopsam.com\/","logo":{"@type":"ImageObject","inLanguage":"fr-FR","@id":"https:\/\/cakeshopsam.com\/#\/schema\/logo\/image\/","url":"https:\/\/cakeshopsam.com\/wp-content\/uploads\/2021\/06\/Design-sans-titre-5.svg","contentUrl":"https:\/\/cakeshopsam.com\/wp-content\/uploads\/2021\/06\/Design-sans-titre-5.svg","width":1080,"height":1080,"caption":"CAKESHOPSAM"},"image":{"@id":"https:\/\/cakeshopsam.com\/#\/schema\/logo\/image\/"}}]}},"jetpack_publicize_connections":[],"uagb_featured_image_src":{"full":["https:\/\/i0.wp.com\/cakeshopsam.com\/wp-content\/uploads\/2021\/05\/happy-sprinkles-20ml-colour-mill-teal-27982380105794_360x.png?fit=360%2C514&ssl=1",360,514,false],"thumbnail":["https:\/\/i0.wp.com\/cakeshopsam.com\/wp-content\/uploads\/2021\/05\/happy-sprinkles-20ml-colour-mill-teal-27982380105794_360x.png?resize=150%2C150&ssl=1",150,150,true],"medium":["https:\/\/i0.wp.com\/cakeshopsam.com\/wp-content\/uploads\/2021\/05\/happy-sprinkles-20ml-colour-mill-teal-27982380105794_360x.png?fit=210%2C300&ssl=1",210,300,true],"medium_large":["https:\/\/i0.wp.com\/cakeshopsam.com\/wp-content\/uploads\/2021\/05\/happy-sprinkles-20ml-colour-mill-teal-27982380105794_360x.png?fit=360%2C514&ssl=1",360,514,true],"large":["https:\/\/i0.wp.com\/cakeshopsam.com\/wp-content\/uploads\/2021\/05\/happy-sprinkles-20ml-colour-mill-teal-27982380105794_360x.png?fit=360%2C514&ssl=1",360,514,true],"1536x1536":["https:\/\/i0.wp.com\/cakeshopsam.com\/wp-content\/uploads\/2021\/05\/happy-sprinkles-20ml-colour-mill-teal-27982380105794_360x.png?fit=360%2C514&ssl=1",360,514,true],"2048x2048":["https:\/\/i0.wp.com\/cakeshopsam.com\/wp-content\/uploads\/2021\/05\/happy-sprinkles-20ml-colour-mill-teal-27982380105794_360x.png?fit=360%2C514&ssl=1",360,514,true],"newspack-article-block-landscape-large":["https:\/\/i0.wp.com\/cakeshopsam.com\/wp-content\/uploads\/2021\/05\/happy-sprinkles-20ml-colour-mill-teal-27982380105794_360x.png?resize=360%2C514&ssl=1",360,514,true],"newspack-article-block-portrait-large":["https:\/\/i0.wp.com\/cakeshopsam.com\/wp-content\/uploads\/2021\/05\/happy-sprinkles-20ml-colour-mill-teal-27982380105794_360x.png?resize=360%2C514&ssl=1",360,514,true],"newspack-article-block-square-large":["https:\/\/i0.wp.com\/cakeshopsam.com\/wp-content\/uploads\/2021\/05\/happy-sprinkles-20ml-colour-mill-teal-27982380105794_360x.png?resize=360%2C514&ssl=1",360,514,true],"newspack-article-block-landscape-medium":["https:\/\/i0.wp.com\/cakeshopsam.com\/wp-content\/uploads\/2021\/05\/happy-sprinkles-20ml-colour-mill-teal-27982380105794_360x.png?resize=360%2C514&ssl=1",360,514,true],"newspack-article-block-portrait-medium":["https:\/\/i0.wp.com\/cakeshopsam.com\/wp-content\/uploads\/2021\/05\/happy-sprinkles-20ml-colour-mill-teal-27982380105794_360x.png?resize=360%2C514&ssl=1",360,514,true],"newspack-article-block-square-medium":["https:\/\/i0.wp.com\/cakeshopsam.com\/wp-content\/uploads\/2021\/05\/happy-sprinkles-20ml-colour-mill-teal-27982380105794_360x.png?resize=360%2C514&ssl=1",360,514,true],"newspack-article-block-landscape-intermediate":["https:\/\/i0.wp.com\/cakeshopsam.com\/wp-content\/uploads\/2021\/05\/happy-sprinkles-20ml-colour-mill-teal-27982380105794_360x.png?resize=360%2C450&ssl=1",360,450,true],"newspack-article-block-portrait-intermediate":["https:\/\/i0.wp.com\/cakeshopsam.com\/wp-content\/uploads\/2021\/05\/happy-sprinkles-20ml-colour-mill-teal-27982380105794_360x.png?resize=360%2C514&ssl=1",360,514,true],"newspack-article-block-square-intermediate":["https:\/\/i0.wp.com\/cakeshopsam.com\/wp-content\/uploads\/2021\/05\/happy-sprinkles-20ml-colour-mill-teal-27982380105794_360x.png?resize=360%2C514&ssl=1",360,514,true],"newspack-article-block-landscape-small":["https:\/\/i0.wp.com\/cakeshopsam.com\/wp-content\/uploads\/2021\/05\/happy-sprinkles-20ml-colour-mill-teal-27982380105794_360x.png?resize=360%2C300&ssl=1",360,300,true],"newspack-article-block-portrait-small":["https:\/\/i0.wp.com\/cakeshopsam.com\/wp-content\/uploads\/2021\/05\/happy-sprinkles-20ml-colour-mill-teal-27982380105794_360x.png?resize=300%2C400&ssl=1",300,400,true],"newspack-article-block-square-small":["https:\/\/i0.wp.com\/cakeshopsam.com\/wp-content\/uploads\/2021\/05\/happy-sprinkles-20ml-colour-mill-teal-27982380105794_360x.png?resize=360%2C400&ssl=1",360,400,true],"newspack-article-block-landscape-tiny":["https:\/\/i0.wp.com\/cakeshopsam.com\/wp-content\/uploads\/2021\/05\/happy-sprinkles-20ml-colour-mill-teal-27982380105794_360x.png?resize=200%2C150&ssl=1",200,150,true],"newspack-article-block-portrait-tiny":["https:\/\/i0.wp.com\/cakeshopsam.com\/wp-content\/uploads\/2021\/05\/happy-sprinkles-20ml-colour-mill-teal-27982380105794_360x.png?resize=150%2C200&ssl=1",150,200,true],"newspack-article-block-square-tiny":["https:\/\/i0.wp.com\/cakeshopsam.com\/wp-content\/uploads\/2021\/05\/happy-sprinkles-20ml-colour-mill-teal-27982380105794_360x.png?resize=200%2C200&ssl=1",200,200,true],"newspack-article-block-uncropped":["https:\/\/i0.wp.com\/cakeshopsam.com\/wp-content\/uploads\/2021\/05\/happy-sprinkles-20ml-colour-mill-teal-27982380105794_360x.png?fit=360%2C514&ssl=1",360,514,true],"woocommerce_thumbnail":["https:\/\/i0.wp.com\/cakeshopsam.com\/wp-content\/uploads\/2021\/05\/happy-sprinkles-20ml-colour-mill-teal-27982380105794_360x.png?resize=300%2C300&ssl=1",300,300,true],"woocommerce_single":["https:\/\/i0.wp.com\/cakeshopsam.com\/wp-content\/uploads\/2021\/05\/happy-sprinkles-20ml-colour-mill-teal-27982380105794_360x.png?fit=300%2C428&ssl=1",300,428,true],"woocommerce_gallery_thumbnail":["https:\/\/i0.wp.com\/cakeshopsam.com\/wp-content\/uploads\/2021\/05\/happy-sprinkles-20ml-colour-mill-teal-27982380105794_360x.png?resize=100%2C100&ssl=1",100,100,true],"favicon":["https:\/\/i0.wp.com\/cakeshopsam.com\/wp-content\/uploads\/2021\/05\/happy-sprinkles-20ml-colour-mill-teal-27982380105794_360x.png?resize=64%2C64&ssl=1",64,64,true],"apple-touch-icon":["https:\/\/i0.wp.com\/cakeshopsam.com\/wp-content\/uploads\/2021\/05\/happy-sprinkles-20ml-colour-mill-teal-27982380105794_360x.png?resize=180%2C180&ssl=1",180,180,true]},"uagb_author_info":{"display_name":"samsam010101","author_link":"https:\/\/cakeshopsam.com\/?author=0"},"uagb_comment_info":0,"uagb_excerpt":"d\u00e9tails du produit : colorant en Gel \u00ab\u00a0colour mill.\u00a0\u00bb\u00a0 de 20 ml vendu a l\u2019unit\u00e9. ingr\u00e9dients : Glyc\u00e9rol (E422), Couleurs (E102*, E133), L\u00e9cithine (E322)","jetpack_likes_enabled":true,"jetpack_sharing_enabled":true,"_links":{"self":[{"href":"https:\/\/cakeshopsam.com\/index.php?rest_route=\/wp\/v2\/product\/539","targetHints":{"allow":["GET"]}}],"collection":[{"href":"https:\/\/cakeshopsam.com\/index.php?rest_route=\/wp\/v2\/product"}],"about":[{"href":"https:\/\/cakeshopsam.com\/index.php?rest_route=\/wp\/v2\/types\/product"}],"replies":[{"embeddable":true,"href":"https:\/\/cakeshopsam.com\/index.php?rest_route=%2Fwp%2Fv2%2Fcomments&post=539"}],"version-history":[{"count":1,"href":"https:\/\/cakeshopsam.com\/index.php?rest_route=\/wp\/v2\/product\/539\/revisions"}],"predecessor-version":[{"id":1931,"href":"https:\/\/cakeshopsam.com\/index.php?rest_route=\/wp\/v2\/product\/539\/revisions\/1931"}],"wp:featuredmedia":[{"embeddable":true,"href":"https:\/\/cakeshopsam.com\/index.php?rest_route=\/wp\/v2\/media\/540"}],"wp:attachment":[{"href":"https:\/\/cakeshopsam.com\/index.php?rest_route=%2Fwp%2Fv2%2Fmedia&parent=539"}],"wp:term":[{"taxonomy":"product_brand","embeddable":true,"href":"https:\/\/cakeshopsam.com\/index.php?rest_route=%2Fwp%2Fv2%2Fproduct_brand&post=539"},{"taxonomy":"product_cat","embeddable":true,"href":"https:\/\/cakeshopsam.com\/index.php?rest_route=%2Fwp%2Fv2%2Fproduct_cat&post=539"},{"taxonomy":"product_tag","embeddable":true,"href":"https:\/\/cakeshopsam.com\/index.php?rest_route=%2Fwp%2Fv2%2Fproduct_tag&post=539"}],"curies":[{"name":"wp","href":"https:\/\/api.w.org\/{rel}","templated":true}]}}