{"id":4489,"date":"2022-02-07T12:14:57","date_gmt":"2022-02-07T11:14:57","guid":{"rendered":"https:\/\/cakeshopsam.com\/?post_type=product&#038;p=4489"},"modified":"2025-01-05T16:56:07","modified_gmt":"2025-01-05T15:56:07","slug":"pate-a-sucre-smartflex-blanc-velours-vanille-250gr","status":"publish","type":"product","link":"https:\/\/cakeshopsam.com\/?product=pate-a-sucre-smartflex-blanc-velours-vanille-250gr","title":{"rendered":"pate a sucre smartflex blanc velours vanille 250gr"},"content":{"rendered":"<p>&nbsp;<\/p>\n<div class=\"product attribute description\">\n<div class=\"value\">\n<p>La p\u00e2te \u00e0 sucre parfum\u00e9e \u00e0 la vanille de SmartFlex est tr\u00e8s maniable et convient parfaitement pour recouvrir des g\u00e2teaux et sculpter des figurines ou tout type de d\u00e9coration. Elle s\u2019\u00e9tale facilement en couches fines, sans craquelures ni d\u00e9chirures, et ne colle pas. Sa texture velout\u00e9e est parfaitement homog\u00e8ne. Elle est adapt\u00e9e \u00e0 tous les climats, de la M\u00e9diterran\u00e9e \u00e0 la Scandinavie.<\/p>\n<p>Ingr\u00e9dients : sucre, sirop de glucose, eau potable, graisses v\u00e9g\u00e9tales (noix de coco, graine de palme hydrog\u00e9n\u00e9e), amidon modifi\u00e9 (f\u00e9cule de pomme de terre), \u00e9paississant (gomme de xanthane), ar\u00f4me, conservateur (sorbate de potassium), correcteur d\u2019acidit\u00e9 (acide citrique).<\/p>\n<p>Conservation : conservez dans un endroit sec, 16-23\u00b0C, \u00e0 l\u2019abri de l\u2019air et de la lumi\u00e8re. Apr\u00e8s ouverture, replacez la p\u00e2te \u00e0 sucre dans son emballage d\u2019origine pour \u00e9viter qu\u2019elle ne s\u00e8che.<\/p>\n<p>Contenu : 250 grammes.<\/p>\n<\/div>\n<\/div>\n","protected":false},"excerpt":{"rendered":"<p>&nbsp; La p\u00e2te \u00e0 sucre parfum\u00e9e \u00e0 la vanille de SmartFlex est tr\u00e8s maniable et convient parfaitement pour recouvrir des g\u00e2teaux et sculpter des figurines ou tout type de d\u00e9coration. Elle s\u2019\u00e9tale facilement en couches fines, sans craquelures ni d\u00e9chirures, et ne colle pas. Sa texture velout\u00e9e est parfaitement homog\u00e8ne. Elle est adapt\u00e9e \u00e0 tous&#8230;<\/p>\n","protected":false},"featured_media":4491,"comment_status":"open","ping_status":"closed","template":"","meta":{"_uag_custom_page_level_css":"","_kad_post_transparent":"default","_kad_post_title":"","_kad_post_layout":"default","_kad_post_sidebar_id":"","_kad_post_content_style":"default","_kad_post_vertical_padding":"default","_kad_post_feature":"","_kad_post_feature_position":"","_kad_post_header":false,"_kad_post_footer":false,"jetpack_post_was_ever_published":false,"jetpack_publicize_message":"","jetpack_publicize_feature_enabled":true,"jetpack_social_post_already_shared":true,"jetpack_social_options":{"image_generator_settings":{"template":"highway","default_image_id":0,"font":"","enabled":false},"version":2},"_wpas_customize_per_network":false},"product_brand":[],"product_cat":[6367,6376],"product_tag":[],"class_list":{"0":"post-4489","1":"product","2":"type-product","3":"status-publish","4":"has-post-thumbnail","6":"product_cat-ingredients","7":"product_cat-pate-a-sucre","9":"first","10":"outofstock","11":"taxable","12":"shipping-taxable","13":"purchasable","14":"product-type-simple","15":"entry","16":"content-bg","17":"loop-entry"},"yoast_head":"<!-- This site is optimized with the Yoast SEO plugin v27.3 - https:\/\/yoast.com\/product\/yoast-seo-wordpress\/ -->\n<title>pate a sucre smartflex blanc velours vanille 250gr - CAKESHOPSAM<\/title>\n<meta name=\"robots\" content=\"index, follow, max-snippet:-1, max-image-preview:large, max-video-preview:-1\" \/>\n<link rel=\"canonical\" href=\"https:\/\/cakeshopsam.com\/?product=pate-a-sucre-smartflex-blanc-velours-vanille-250gr\" \/>\n<meta property=\"og:locale\" content=\"fr_FR\" \/>\n<meta property=\"og:type\" content=\"article\" \/>\n<meta property=\"og:title\" content=\"pate a sucre smartflex blanc velours vanille 250gr - CAKESHOPSAM\" \/>\n<meta property=\"og:description\" content=\"&nbsp; La p\u00e2te \u00e0 sucre parfum\u00e9e \u00e0 la vanille de SmartFlex est tr\u00e8s maniable et convient parfaitement pour recouvrir des g\u00e2teaux et sculpter des figurines ou tout type de d\u00e9coration. Elle s\u2019\u00e9tale facilement en couches fines, sans craquelures ni d\u00e9chirures, et ne colle pas. Sa texture velout\u00e9e est parfaitement homog\u00e8ne. Elle est adapt\u00e9e \u00e0 tous...\" \/>\n<meta property=\"og:url\" content=\"https:\/\/cakeshopsam.com\/?product=pate-a-sucre-smartflex-blanc-velours-vanille-250gr\" \/>\n<meta property=\"og:site_name\" content=\"CAKESHOPSAM\" \/>\n<meta property=\"article:modified_time\" content=\"2025-01-05T15:56:07+00:00\" \/>\n<meta property=\"og:image\" content=\"https:\/\/i0.wp.com\/cakeshopsam.com\/wp-content\/uploads\/2022\/02\/smartflex-250gr-balnc.jpg?fit=1200%2C1200&ssl=1\" \/>\n\t<meta property=\"og:image:width\" content=\"1200\" \/>\n\t<meta property=\"og:image:height\" content=\"1200\" \/>\n\t<meta property=\"og:image:type\" content=\"image\/jpeg\" \/>\n<meta name=\"twitter:card\" content=\"summary_large_image\" \/>\n<meta name=\"twitter:label1\" content=\"Dur\u00e9e de lecture estim\u00e9e\" \/>\n\t<meta name=\"twitter:data1\" content=\"1 minute\" \/>\n<script type=\"application\/ld+json\" class=\"yoast-schema-graph\">{\"@context\":\"https:\\\/\\\/schema.org\",\"@graph\":[{\"@type\":\"WebPage\",\"@id\":\"https:\\\/\\\/cakeshopsam.com\\\/?product=pate-a-sucre-smartflex-blanc-velours-vanille-250gr\",\"url\":\"https:\\\/\\\/cakeshopsam.com\\\/?product=pate-a-sucre-smartflex-blanc-velours-vanille-250gr\",\"name\":\"pate a sucre smartflex blanc velours vanille 250gr - CAKESHOPSAM\",\"isPartOf\":{\"@id\":\"https:\\\/\\\/cakeshopsam.com\\\/#website\"},\"primaryImageOfPage\":{\"@id\":\"https:\\\/\\\/cakeshopsam.com\\\/?product=pate-a-sucre-smartflex-blanc-velours-vanille-250gr#primaryimage\"},\"image\":{\"@id\":\"https:\\\/\\\/cakeshopsam.com\\\/?product=pate-a-sucre-smartflex-blanc-velours-vanille-250gr#primaryimage\"},\"thumbnailUrl\":\"https:\\\/\\\/i0.wp.com\\\/cakeshopsam.com\\\/wp-content\\\/uploads\\\/2022\\\/02\\\/smartflex-250gr-balnc.jpg?fit=1200%2C1200&ssl=1\",\"datePublished\":\"2022-02-07T11:14:57+00:00\",\"dateModified\":\"2025-01-05T15:56:07+00:00\",\"breadcrumb\":{\"@id\":\"https:\\\/\\\/cakeshopsam.com\\\/?product=pate-a-sucre-smartflex-blanc-velours-vanille-250gr#breadcrumb\"},\"inLanguage\":\"fr-FR\",\"potentialAction\":[{\"@type\":\"ReadAction\",\"target\":[\"https:\\\/\\\/cakeshopsam.com\\\/?product=pate-a-sucre-smartflex-blanc-velours-vanille-250gr\"]}]},{\"@type\":\"ImageObject\",\"inLanguage\":\"fr-FR\",\"@id\":\"https:\\\/\\\/cakeshopsam.com\\\/?product=pate-a-sucre-smartflex-blanc-velours-vanille-250gr#primaryimage\",\"url\":\"https:\\\/\\\/i0.wp.com\\\/cakeshopsam.com\\\/wp-content\\\/uploads\\\/2022\\\/02\\\/smartflex-250gr-balnc.jpg?fit=1200%2C1200&ssl=1\",\"contentUrl\":\"https:\\\/\\\/i0.wp.com\\\/cakeshopsam.com\\\/wp-content\\\/uploads\\\/2022\\\/02\\\/smartflex-250gr-balnc.jpg?fit=1200%2C1200&ssl=1\",\"width\":1200,\"height\":1200},{\"@type\":\"BreadcrumbList\",\"@id\":\"https:\\\/\\\/cakeshopsam.com\\\/?product=pate-a-sucre-smartflex-blanc-velours-vanille-250gr#breadcrumb\",\"itemListElement\":[{\"@type\":\"ListItem\",\"position\":1,\"name\":\"Accueil\",\"item\":\"https:\\\/\\\/cakeshopsam.com\\\/\"},{\"@type\":\"ListItem\",\"position\":2,\"name\":\"Boutique\",\"item\":\"https:\\\/\\\/cakeshopsam.com\\\/?page_id=305\"},{\"@type\":\"ListItem\",\"position\":3,\"name\":\"pate a sucre smartflex blanc velours vanille 250gr\"}]},{\"@type\":\"WebSite\",\"@id\":\"https:\\\/\\\/cakeshopsam.com\\\/#website\",\"url\":\"https:\\\/\\\/cakeshopsam.com\\\/\",\"name\":\"CAKESHOPSAM\",\"description\":\"\",\"publisher\":{\"@id\":\"https:\\\/\\\/cakeshopsam.com\\\/#organization\"},\"potentialAction\":[{\"@type\":\"SearchAction\",\"target\":{\"@type\":\"EntryPoint\",\"urlTemplate\":\"https:\\\/\\\/cakeshopsam.com\\\/?s={search_term_string}\"},\"query-input\":{\"@type\":\"PropertyValueSpecification\",\"valueRequired\":true,\"valueName\":\"search_term_string\"}}],\"inLanguage\":\"fr-FR\"},{\"@type\":\"Organization\",\"@id\":\"https:\\\/\\\/cakeshopsam.com\\\/#organization\",\"name\":\"CAKESHOPSAM\",\"url\":\"https:\\\/\\\/cakeshopsam.com\\\/\",\"logo\":{\"@type\":\"ImageObject\",\"inLanguage\":\"fr-FR\",\"@id\":\"https:\\\/\\\/cakeshopsam.com\\\/#\\\/schema\\\/logo\\\/image\\\/\",\"url\":\"https:\\\/\\\/cakeshopsam.com\\\/wp-content\\\/uploads\\\/2021\\\/06\\\/Design-sans-titre-5.svg\",\"contentUrl\":\"https:\\\/\\\/cakeshopsam.com\\\/wp-content\\\/uploads\\\/2021\\\/06\\\/Design-sans-titre-5.svg\",\"width\":1080,\"height\":1080,\"caption\":\"CAKESHOPSAM\"},\"image\":{\"@id\":\"https:\\\/\\\/cakeshopsam.com\\\/#\\\/schema\\\/logo\\\/image\\\/\"}}]}<\/script>\n<!-- \/ Yoast SEO plugin. -->","yoast_head_json":{"title":"pate a sucre smartflex blanc velours vanille 250gr - CAKESHOPSAM","robots":{"index":"index","follow":"follow","max-snippet":"max-snippet:-1","max-image-preview":"max-image-preview:large","max-video-preview":"max-video-preview:-1"},"canonical":"https:\/\/cakeshopsam.com\/?product=pate-a-sucre-smartflex-blanc-velours-vanille-250gr","og_locale":"fr_FR","og_type":"article","og_title":"pate a sucre smartflex blanc velours vanille 250gr - CAKESHOPSAM","og_description":"&nbsp; La p\u00e2te \u00e0 sucre parfum\u00e9e \u00e0 la vanille de SmartFlex est tr\u00e8s maniable et convient parfaitement pour recouvrir des g\u00e2teaux et sculpter des figurines ou tout type de d\u00e9coration. Elle s\u2019\u00e9tale facilement en couches fines, sans craquelures ni d\u00e9chirures, et ne colle pas. Sa texture velout\u00e9e est parfaitement homog\u00e8ne. Elle est adapt\u00e9e \u00e0 tous...","og_url":"https:\/\/cakeshopsam.com\/?product=pate-a-sucre-smartflex-blanc-velours-vanille-250gr","og_site_name":"CAKESHOPSAM","article_modified_time":"2025-01-05T15:56:07+00:00","og_image":[{"width":1200,"height":1200,"url":"https:\/\/i0.wp.com\/cakeshopsam.com\/wp-content\/uploads\/2022\/02\/smartflex-250gr-balnc.jpg?fit=1200%2C1200&ssl=1","type":"image\/jpeg"}],"twitter_card":"summary_large_image","twitter_misc":{"Dur\u00e9e de lecture estim\u00e9e":"1 minute"},"schema":{"@context":"https:\/\/schema.org","@graph":[{"@type":"WebPage","@id":"https:\/\/cakeshopsam.com\/?product=pate-a-sucre-smartflex-blanc-velours-vanille-250gr","url":"https:\/\/cakeshopsam.com\/?product=pate-a-sucre-smartflex-blanc-velours-vanille-250gr","name":"pate a sucre smartflex blanc velours vanille 250gr - CAKESHOPSAM","isPartOf":{"@id":"https:\/\/cakeshopsam.com\/#website"},"primaryImageOfPage":{"@id":"https:\/\/cakeshopsam.com\/?product=pate-a-sucre-smartflex-blanc-velours-vanille-250gr#primaryimage"},"image":{"@id":"https:\/\/cakeshopsam.com\/?product=pate-a-sucre-smartflex-blanc-velours-vanille-250gr#primaryimage"},"thumbnailUrl":"https:\/\/i0.wp.com\/cakeshopsam.com\/wp-content\/uploads\/2022\/02\/smartflex-250gr-balnc.jpg?fit=1200%2C1200&ssl=1","datePublished":"2022-02-07T11:14:57+00:00","dateModified":"2025-01-05T15:56:07+00:00","breadcrumb":{"@id":"https:\/\/cakeshopsam.com\/?product=pate-a-sucre-smartflex-blanc-velours-vanille-250gr#breadcrumb"},"inLanguage":"fr-FR","potentialAction":[{"@type":"ReadAction","target":["https:\/\/cakeshopsam.com\/?product=pate-a-sucre-smartflex-blanc-velours-vanille-250gr"]}]},{"@type":"ImageObject","inLanguage":"fr-FR","@id":"https:\/\/cakeshopsam.com\/?product=pate-a-sucre-smartflex-blanc-velours-vanille-250gr#primaryimage","url":"https:\/\/i0.wp.com\/cakeshopsam.com\/wp-content\/uploads\/2022\/02\/smartflex-250gr-balnc.jpg?fit=1200%2C1200&ssl=1","contentUrl":"https:\/\/i0.wp.com\/cakeshopsam.com\/wp-content\/uploads\/2022\/02\/smartflex-250gr-balnc.jpg?fit=1200%2C1200&ssl=1","width":1200,"height":1200},{"@type":"BreadcrumbList","@id":"https:\/\/cakeshopsam.com\/?product=pate-a-sucre-smartflex-blanc-velours-vanille-250gr#breadcrumb","itemListElement":[{"@type":"ListItem","position":1,"name":"Accueil","item":"https:\/\/cakeshopsam.com\/"},{"@type":"ListItem","position":2,"name":"Boutique","item":"https:\/\/cakeshopsam.com\/?page_id=305"},{"@type":"ListItem","position":3,"name":"pate a sucre smartflex blanc velours vanille 250gr"}]},{"@type":"WebSite","@id":"https:\/\/cakeshopsam.com\/#website","url":"https:\/\/cakeshopsam.com\/","name":"CAKESHOPSAM","description":"","publisher":{"@id":"https:\/\/cakeshopsam.com\/#organization"},"potentialAction":[{"@type":"SearchAction","target":{"@type":"EntryPoint","urlTemplate":"https:\/\/cakeshopsam.com\/?s={search_term_string}"},"query-input":{"@type":"PropertyValueSpecification","valueRequired":true,"valueName":"search_term_string"}}],"inLanguage":"fr-FR"},{"@type":"Organization","@id":"https:\/\/cakeshopsam.com\/#organization","name":"CAKESHOPSAM","url":"https:\/\/cakeshopsam.com\/","logo":{"@type":"ImageObject","inLanguage":"fr-FR","@id":"https:\/\/cakeshopsam.com\/#\/schema\/logo\/image\/","url":"https:\/\/cakeshopsam.com\/wp-content\/uploads\/2021\/06\/Design-sans-titre-5.svg","contentUrl":"https:\/\/cakeshopsam.com\/wp-content\/uploads\/2021\/06\/Design-sans-titre-5.svg","width":1080,"height":1080,"caption":"CAKESHOPSAM"},"image":{"@id":"https:\/\/cakeshopsam.com\/#\/schema\/logo\/image\/"}}]}},"jetpack_publicize_connections":[],"uagb_featured_image_src":{"full":["https:\/\/i0.wp.com\/cakeshopsam.com\/wp-content\/uploads\/2022\/02\/smartflex-250gr-balnc.jpg?fit=1200%2C1200&ssl=1",1200,1200,false],"thumbnail":["https:\/\/i0.wp.com\/cakeshopsam.com\/wp-content\/uploads\/2022\/02\/smartflex-250gr-balnc.jpg?resize=150%2C150&ssl=1",150,150,true],"medium":["https:\/\/i0.wp.com\/cakeshopsam.com\/wp-content\/uploads\/2022\/02\/smartflex-250gr-balnc.jpg?fit=300%2C300&ssl=1",300,300,true],"medium_large":["https:\/\/i0.wp.com\/cakeshopsam.com\/wp-content\/uploads\/2022\/02\/smartflex-250gr-balnc.jpg?fit=768%2C768&ssl=1",768,768,true],"large":["https:\/\/i0.wp.com\/cakeshopsam.com\/wp-content\/uploads\/2022\/02\/smartflex-250gr-balnc.jpg?fit=1024%2C1024&ssl=1",1024,1024,true],"1536x1536":["https:\/\/i0.wp.com\/cakeshopsam.com\/wp-content\/uploads\/2022\/02\/smartflex-250gr-balnc.jpg?fit=1200%2C1200&ssl=1",1200,1200,true],"2048x2048":["https:\/\/i0.wp.com\/cakeshopsam.com\/wp-content\/uploads\/2022\/02\/smartflex-250gr-balnc.jpg?fit=1200%2C1200&ssl=1",1200,1200,true],"newspack-article-block-landscape-large":["https:\/\/i0.wp.com\/cakeshopsam.com\/wp-content\/uploads\/2022\/02\/smartflex-250gr-balnc.jpg?resize=1200%2C900&ssl=1",1200,900,true],"newspack-article-block-portrait-large":["https:\/\/i0.wp.com\/cakeshopsam.com\/wp-content\/uploads\/2022\/02\/smartflex-250gr-balnc.jpg?resize=900%2C1200&ssl=1",900,1200,true],"newspack-article-block-square-large":["https:\/\/i0.wp.com\/cakeshopsam.com\/wp-content\/uploads\/2022\/02\/smartflex-250gr-balnc.jpg?resize=1200%2C1200&ssl=1",1200,1200,true],"newspack-article-block-landscape-medium":["https:\/\/i0.wp.com\/cakeshopsam.com\/wp-content\/uploads\/2022\/02\/smartflex-250gr-balnc.jpg?resize=800%2C600&ssl=1",800,600,true],"newspack-article-block-portrait-medium":["https:\/\/i0.wp.com\/cakeshopsam.com\/wp-content\/uploads\/2022\/02\/smartflex-250gr-balnc.jpg?resize=600%2C800&ssl=1",600,800,true],"newspack-article-block-square-medium":["https:\/\/i0.wp.com\/cakeshopsam.com\/wp-content\/uploads\/2022\/02\/smartflex-250gr-balnc.jpg?resize=800%2C800&ssl=1",800,800,true],"newspack-article-block-landscape-intermediate":["https:\/\/i0.wp.com\/cakeshopsam.com\/wp-content\/uploads\/2022\/02\/smartflex-250gr-balnc.jpg?resize=600%2C450&ssl=1",600,450,true],"newspack-article-block-portrait-intermediate":["https:\/\/i0.wp.com\/cakeshopsam.com\/wp-content\/uploads\/2022\/02\/smartflex-250gr-balnc.jpg?resize=450%2C600&ssl=1",450,600,true],"newspack-article-block-square-intermediate":["https:\/\/i0.wp.com\/cakeshopsam.com\/wp-content\/uploads\/2022\/02\/smartflex-250gr-balnc.jpg?resize=600%2C600&ssl=1",600,600,true],"newspack-article-block-landscape-small":["https:\/\/i0.wp.com\/cakeshopsam.com\/wp-content\/uploads\/2022\/02\/smartflex-250gr-balnc.jpg?resize=400%2C300&ssl=1",400,300,true],"newspack-article-block-portrait-small":["https:\/\/i0.wp.com\/cakeshopsam.com\/wp-content\/uploads\/2022\/02\/smartflex-250gr-balnc.jpg?resize=300%2C400&ssl=1",300,400,true],"newspack-article-block-square-small":["https:\/\/i0.wp.com\/cakeshopsam.com\/wp-content\/uploads\/2022\/02\/smartflex-250gr-balnc.jpg?resize=400%2C400&ssl=1",400,400,true],"newspack-article-block-landscape-tiny":["https:\/\/i0.wp.com\/cakeshopsam.com\/wp-content\/uploads\/2022\/02\/smartflex-250gr-balnc.jpg?resize=200%2C150&ssl=1",200,150,true],"newspack-article-block-portrait-tiny":["https:\/\/i0.wp.com\/cakeshopsam.com\/wp-content\/uploads\/2022\/02\/smartflex-250gr-balnc.jpg?resize=150%2C200&ssl=1",150,200,true],"newspack-article-block-square-tiny":["https:\/\/i0.wp.com\/cakeshopsam.com\/wp-content\/uploads\/2022\/02\/smartflex-250gr-balnc.jpg?resize=200%2C200&ssl=1",200,200,true],"newspack-article-block-uncropped":["https:\/\/i0.wp.com\/cakeshopsam.com\/wp-content\/uploads\/2022\/02\/smartflex-250gr-balnc.jpg?fit=1200%2C1200&ssl=1",1200,1200,true],"woocommerce_thumbnail":["https:\/\/i0.wp.com\/cakeshopsam.com\/wp-content\/uploads\/2022\/02\/smartflex-250gr-balnc.jpg?resize=300%2C300&ssl=1",300,300,true],"woocommerce_single":["https:\/\/i0.wp.com\/cakeshopsam.com\/wp-content\/uploads\/2022\/02\/smartflex-250gr-balnc.jpg?fit=300%2C300&ssl=1",300,300,true],"woocommerce_gallery_thumbnail":["https:\/\/i0.wp.com\/cakeshopsam.com\/wp-content\/uploads\/2022\/02\/smartflex-250gr-balnc.jpg?resize=100%2C100&ssl=1",100,100,true],"favicon":["https:\/\/i0.wp.com\/cakeshopsam.com\/wp-content\/uploads\/2022\/02\/smartflex-250gr-balnc.jpg?resize=64%2C64&ssl=1",64,64,true],"apple-touch-icon":["https:\/\/i0.wp.com\/cakeshopsam.com\/wp-content\/uploads\/2022\/02\/smartflex-250gr-balnc.jpg?resize=180%2C180&ssl=1",180,180,true]},"uagb_author_info":{"display_name":"samsam010101","author_link":"https:\/\/cakeshopsam.com\/?author=0"},"uagb_comment_info":0,"uagb_excerpt":"&nbsp; La p\u00e2te \u00e0 sucre parfum\u00e9e \u00e0 la vanille de SmartFlex est tr\u00e8s maniable et convient parfaitement pour recouvrir des g\u00e2teaux et sculpter des figurines ou tout type de d\u00e9coration. Elle s\u2019\u00e9tale facilement en couches fines, sans craquelures ni d\u00e9chirures, et ne colle pas. Sa texture velout\u00e9e est parfaitement homog\u00e8ne. Elle est adapt\u00e9e \u00e0 tous...","jetpack_likes_enabled":true,"jetpack_sharing_enabled":true,"_links":{"self":[{"href":"https:\/\/cakeshopsam.com\/index.php?rest_route=\/wp\/v2\/product\/4489","targetHints":{"allow":["GET"]}}],"collection":[{"href":"https:\/\/cakeshopsam.com\/index.php?rest_route=\/wp\/v2\/product"}],"about":[{"href":"https:\/\/cakeshopsam.com\/index.php?rest_route=\/wp\/v2\/types\/product"}],"replies":[{"embeddable":true,"href":"https:\/\/cakeshopsam.com\/index.php?rest_route=%2Fwp%2Fv2%2Fcomments&post=4489"}],"version-history":[{"count":3,"href":"https:\/\/cakeshopsam.com\/index.php?rest_route=\/wp\/v2\/product\/4489\/revisions"}],"predecessor-version":[{"id":4493,"href":"https:\/\/cakeshopsam.com\/index.php?rest_route=\/wp\/v2\/product\/4489\/revisions\/4493"}],"wp:featuredmedia":[{"embeddable":true,"href":"https:\/\/cakeshopsam.com\/index.php?rest_route=\/wp\/v2\/media\/4491"}],"wp:attachment":[{"href":"https:\/\/cakeshopsam.com\/index.php?rest_route=%2Fwp%2Fv2%2Fmedia&parent=4489"}],"wp:term":[{"taxonomy":"product_brand","embeddable":true,"href":"https:\/\/cakeshopsam.com\/index.php?rest_route=%2Fwp%2Fv2%2Fproduct_brand&post=4489"},{"taxonomy":"product_cat","embeddable":true,"href":"https:\/\/cakeshopsam.com\/index.php?rest_route=%2Fwp%2Fv2%2Fproduct_cat&post=4489"},{"taxonomy":"product_tag","embeddable":true,"href":"https:\/\/cakeshopsam.com\/index.php?rest_route=%2Fwp%2Fv2%2Fproduct_tag&post=4489"}],"curies":[{"name":"wp","href":"https:\/\/api.w.org\/{rel}","templated":true}]}}