{"id":4342,"date":"2022-01-26T14:35:29","date_gmt":"2022-01-26T13:35:29","guid":{"rendered":"https:\/\/cakeshopsam.com\/?post_type=product&#038;p=4342"},"modified":"2025-04-02T21:46:14","modified_gmt":"2025-04-02T19:46:14","slug":"pate-a-sucre-renshaw-marshmallow-1kg","status":"publish","type":"product","link":"https:\/\/cakeshopsam.com\/?product=pate-a-sucre-renshaw-marshmallow-1kg","title":{"rendered":"p\u00e2te a sucre renshaw marshmallow 1kg"},"content":{"rendered":"<p>Cette formule sp\u00e9ciale de p\u00e2te \u00e0 sucre pro extra de Renshaw est maintenant disponible sous forme de guimauve blanche. \u00c0 la fois tr\u00e8s ferme et tr\u00e8s \u00e9lastique, elle est parfaitement adapt\u00e9e aux climats chauds et humides ! Veuillez noter que sa texture est plus compacte que celle de la p\u00e2te \u00e0 sucre Renshaw classique.<\/p>\n<p>Cette p\u00e2te \u00e0 sucre qui nous vient d\u2019Angleterre est d\u00e9licieusement parfum\u00e9e \u00e0 la guimauve et ne colle pas. Son aspect soyeux est id\u00e9al pour l\u2019enrobage de vos g\u00e2teaux, mais elle peut aussi s\u2019utiliser pour r\u00e9aliser de magnifiques d\u00e9corations.<\/p>\n<p>Environ 500 g de p\u00e2te \u00e0 sucre sont n\u00e9cessaires pour le nappage d\u2019un g\u00e2teau rond de 24 \u00e0 26 cm de diam\u00e8tre ou carr\u00e9 de 20&#215;20 cm.<\/p>\n<p>Ingr\u00e9dients : sucre, sirop de glucose, huile de palme, eau, humectant : E422, \u00e9mulsifiant : E471, stabilisants : E413, E466, ar\u00f4me, conservateur : E202. Peut contenir des traces de\u00a0:\u00a0<b>soja<\/b>\u00a0et\u00a0<b>lait<\/b>. Ce produit est : certifi\u00e9 casher, certifi\u00e9 halal, adapt\u00e9 aux r\u00e9gimes v\u00e9g\u00e9tariens et v\u00e9gans.<\/p>\n","protected":false},"excerpt":{"rendered":"<p>Cette formule sp\u00e9ciale de p\u00e2te \u00e0 sucre pro extra de Renshaw est maintenant disponible sous forme de guimauve blanche. \u00c0 la fois tr\u00e8s ferme et tr\u00e8s \u00e9lastique, elle est parfaitement adapt\u00e9e aux climats chauds et humides ! Veuillez noter que sa texture est plus compacte que celle de la p\u00e2te \u00e0 sucre Renshaw classique. Cette&#8230;<\/p>\n","protected":false},"featured_media":4344,"comment_status":"open","ping_status":"closed","template":"","meta":{"_uag_custom_page_level_css":"","_kad_post_transparent":"default","_kad_post_title":"","_kad_post_layout":"default","_kad_post_sidebar_id":"","_kad_post_content_style":"default","_kad_post_vertical_padding":"default","_kad_post_feature":"","_kad_post_feature_position":"","_kad_post_header":false,"_kad_post_footer":false,"jetpack_post_was_ever_published":false,"jetpack_publicize_message":"","jetpack_publicize_feature_enabled":true,"jetpack_social_post_already_shared":true,"jetpack_social_options":{"image_generator_settings":{"template":"highway","default_image_id":0,"font":"","enabled":false},"version":2},"_wpas_customize_per_network":false},"product_brand":[],"product_cat":[6376],"product_tag":[],"class_list":{"0":"post-4342","1":"product","2":"type-product","3":"status-publish","4":"has-post-thumbnail","6":"product_cat-pate-a-sucre","8":"first","9":"outofstock","10":"sale","11":"taxable","12":"shipping-taxable","13":"purchasable","14":"product-type-simple","15":"entry","16":"content-bg","17":"loop-entry"},"yoast_head":"<!-- This site is optimized with the Yoast SEO plugin v27.0 - https:\/\/yoast.com\/product\/yoast-seo-wordpress\/ -->\n<title>p\u00e2te a sucre renshaw marshmallow 1kg - CAKESHOPSAM<\/title>\n<meta name=\"robots\" content=\"index, follow, max-snippet:-1, max-image-preview:large, max-video-preview:-1\" \/>\n<link rel=\"canonical\" href=\"https:\/\/cakeshopsam.com\/?product=pate-a-sucre-renshaw-marshmallow-1kg\" \/>\n<meta property=\"og:locale\" content=\"fr_FR\" \/>\n<meta property=\"og:type\" content=\"article\" \/>\n<meta property=\"og:title\" content=\"p\u00e2te a sucre renshaw marshmallow 1kg - CAKESHOPSAM\" \/>\n<meta property=\"og:description\" content=\"Cette formule sp\u00e9ciale de p\u00e2te \u00e0 sucre pro extra de Renshaw est maintenant disponible sous forme de guimauve blanche. \u00c0 la fois tr\u00e8s ferme et tr\u00e8s \u00e9lastique, elle est parfaitement adapt\u00e9e aux climats chauds et humides ! Veuillez noter que sa texture est plus compacte que celle de la p\u00e2te \u00e0 sucre Renshaw classique. Cette...\" \/>\n<meta property=\"og:url\" content=\"https:\/\/cakeshopsam.com\/?product=pate-a-sucre-renshaw-marshmallow-1kg\" \/>\n<meta property=\"og:site_name\" content=\"CAKESHOPSAM\" \/>\n<meta property=\"article:modified_time\" content=\"2025-04-02T19:46:14+00:00\" \/>\n<meta property=\"og:image\" content=\"https:\/\/i0.wp.com\/cakeshopsam.com\/wp-content\/uploads\/2022\/01\/pate-a-sucre.jpg?fit=1200%2C1200&ssl=1\" \/>\n\t<meta property=\"og:image:width\" content=\"1200\" \/>\n\t<meta property=\"og:image:height\" content=\"1200\" \/>\n\t<meta property=\"og:image:type\" content=\"image\/jpeg\" \/>\n<meta name=\"twitter:card\" content=\"summary_large_image\" \/>\n<meta name=\"twitter:label1\" content=\"Dur\u00e9e de lecture estim\u00e9e\" \/>\n\t<meta name=\"twitter:data1\" content=\"1 minute\" \/>\n<script type=\"application\/ld+json\" class=\"yoast-schema-graph\">{\"@context\":\"https:\/\/schema.org\",\"@graph\":[{\"@type\":\"WebPage\",\"@id\":\"https:\/\/cakeshopsam.com\/?product=pate-a-sucre-renshaw-marshmallow-1kg\",\"url\":\"https:\/\/cakeshopsam.com\/?product=pate-a-sucre-renshaw-marshmallow-1kg\",\"name\":\"p\u00e2te a sucre renshaw marshmallow 1kg - CAKESHOPSAM\",\"isPartOf\":{\"@id\":\"https:\/\/cakeshopsam.com\/#website\"},\"primaryImageOfPage\":{\"@id\":\"https:\/\/cakeshopsam.com\/?product=pate-a-sucre-renshaw-marshmallow-1kg#primaryimage\"},\"image\":{\"@id\":\"https:\/\/cakeshopsam.com\/?product=pate-a-sucre-renshaw-marshmallow-1kg#primaryimage\"},\"thumbnailUrl\":\"https:\/\/i0.wp.com\/cakeshopsam.com\/wp-content\/uploads\/2022\/01\/pate-a-sucre.jpg?fit=1200%2C1200&ssl=1\",\"datePublished\":\"2022-01-26T13:35:29+00:00\",\"dateModified\":\"2025-04-02T19:46:14+00:00\",\"breadcrumb\":{\"@id\":\"https:\/\/cakeshopsam.com\/?product=pate-a-sucre-renshaw-marshmallow-1kg#breadcrumb\"},\"inLanguage\":\"fr-FR\",\"potentialAction\":[{\"@type\":\"ReadAction\",\"target\":[\"https:\/\/cakeshopsam.com\/?product=pate-a-sucre-renshaw-marshmallow-1kg\"]}]},{\"@type\":\"ImageObject\",\"inLanguage\":\"fr-FR\",\"@id\":\"https:\/\/cakeshopsam.com\/?product=pate-a-sucre-renshaw-marshmallow-1kg#primaryimage\",\"url\":\"https:\/\/i0.wp.com\/cakeshopsam.com\/wp-content\/uploads\/2022\/01\/pate-a-sucre.jpg?fit=1200%2C1200&ssl=1\",\"contentUrl\":\"https:\/\/i0.wp.com\/cakeshopsam.com\/wp-content\/uploads\/2022\/01\/pate-a-sucre.jpg?fit=1200%2C1200&ssl=1\",\"width\":1200,\"height\":1200},{\"@type\":\"BreadcrumbList\",\"@id\":\"https:\/\/cakeshopsam.com\/?product=pate-a-sucre-renshaw-marshmallow-1kg#breadcrumb\",\"itemListElement\":[{\"@type\":\"ListItem\",\"position\":1,\"name\":\"Accueil\",\"item\":\"https:\/\/cakeshopsam.com\/\"},{\"@type\":\"ListItem\",\"position\":2,\"name\":\"Boutique\",\"item\":\"https:\/\/cakeshopsam.com\/?page_id=305\"},{\"@type\":\"ListItem\",\"position\":3,\"name\":\"p\u00e2te a sucre renshaw marshmallow 1kg\"}]},{\"@type\":\"WebSite\",\"@id\":\"https:\/\/cakeshopsam.com\/#website\",\"url\":\"https:\/\/cakeshopsam.com\/\",\"name\":\"CAKESHOPSAM\",\"description\":\"\",\"publisher\":{\"@id\":\"https:\/\/cakeshopsam.com\/#organization\"},\"potentialAction\":[{\"@type\":\"SearchAction\",\"target\":{\"@type\":\"EntryPoint\",\"urlTemplate\":\"https:\/\/cakeshopsam.com\/?s={search_term_string}\"},\"query-input\":{\"@type\":\"PropertyValueSpecification\",\"valueRequired\":true,\"valueName\":\"search_term_string\"}}],\"inLanguage\":\"fr-FR\"},{\"@type\":\"Organization\",\"@id\":\"https:\/\/cakeshopsam.com\/#organization\",\"name\":\"CAKESHOPSAM\",\"url\":\"https:\/\/cakeshopsam.com\/\",\"logo\":{\"@type\":\"ImageObject\",\"inLanguage\":\"fr-FR\",\"@id\":\"https:\/\/cakeshopsam.com\/#\/schema\/logo\/image\/\",\"url\":\"https:\/\/cakeshopsam.com\/wp-content\/uploads\/2021\/06\/Design-sans-titre-5.svg\",\"contentUrl\":\"https:\/\/cakeshopsam.com\/wp-content\/uploads\/2021\/06\/Design-sans-titre-5.svg\",\"width\":1080,\"height\":1080,\"caption\":\"CAKESHOPSAM\"},\"image\":{\"@id\":\"https:\/\/cakeshopsam.com\/#\/schema\/logo\/image\/\"}}]}<\/script>\n<!-- \/ Yoast SEO plugin. -->","yoast_head_json":{"title":"p\u00e2te a sucre renshaw marshmallow 1kg - CAKESHOPSAM","robots":{"index":"index","follow":"follow","max-snippet":"max-snippet:-1","max-image-preview":"max-image-preview:large","max-video-preview":"max-video-preview:-1"},"canonical":"https:\/\/cakeshopsam.com\/?product=pate-a-sucre-renshaw-marshmallow-1kg","og_locale":"fr_FR","og_type":"article","og_title":"p\u00e2te a sucre renshaw marshmallow 1kg - CAKESHOPSAM","og_description":"Cette formule sp\u00e9ciale de p\u00e2te \u00e0 sucre pro extra de Renshaw est maintenant disponible sous forme de guimauve blanche. \u00c0 la fois tr\u00e8s ferme et tr\u00e8s \u00e9lastique, elle est parfaitement adapt\u00e9e aux climats chauds et humides ! Veuillez noter que sa texture est plus compacte que celle de la p\u00e2te \u00e0 sucre Renshaw classique. Cette...","og_url":"https:\/\/cakeshopsam.com\/?product=pate-a-sucre-renshaw-marshmallow-1kg","og_site_name":"CAKESHOPSAM","article_modified_time":"2025-04-02T19:46:14+00:00","og_image":[{"width":1200,"height":1200,"url":"https:\/\/i0.wp.com\/cakeshopsam.com\/wp-content\/uploads\/2022\/01\/pate-a-sucre.jpg?fit=1200%2C1200&ssl=1","type":"image\/jpeg"}],"twitter_card":"summary_large_image","twitter_misc":{"Dur\u00e9e de lecture estim\u00e9e":"1 minute"},"schema":{"@context":"https:\/\/schema.org","@graph":[{"@type":"WebPage","@id":"https:\/\/cakeshopsam.com\/?product=pate-a-sucre-renshaw-marshmallow-1kg","url":"https:\/\/cakeshopsam.com\/?product=pate-a-sucre-renshaw-marshmallow-1kg","name":"p\u00e2te a sucre renshaw marshmallow 1kg - CAKESHOPSAM","isPartOf":{"@id":"https:\/\/cakeshopsam.com\/#website"},"primaryImageOfPage":{"@id":"https:\/\/cakeshopsam.com\/?product=pate-a-sucre-renshaw-marshmallow-1kg#primaryimage"},"image":{"@id":"https:\/\/cakeshopsam.com\/?product=pate-a-sucre-renshaw-marshmallow-1kg#primaryimage"},"thumbnailUrl":"https:\/\/i0.wp.com\/cakeshopsam.com\/wp-content\/uploads\/2022\/01\/pate-a-sucre.jpg?fit=1200%2C1200&ssl=1","datePublished":"2022-01-26T13:35:29+00:00","dateModified":"2025-04-02T19:46:14+00:00","breadcrumb":{"@id":"https:\/\/cakeshopsam.com\/?product=pate-a-sucre-renshaw-marshmallow-1kg#breadcrumb"},"inLanguage":"fr-FR","potentialAction":[{"@type":"ReadAction","target":["https:\/\/cakeshopsam.com\/?product=pate-a-sucre-renshaw-marshmallow-1kg"]}]},{"@type":"ImageObject","inLanguage":"fr-FR","@id":"https:\/\/cakeshopsam.com\/?product=pate-a-sucre-renshaw-marshmallow-1kg#primaryimage","url":"https:\/\/i0.wp.com\/cakeshopsam.com\/wp-content\/uploads\/2022\/01\/pate-a-sucre.jpg?fit=1200%2C1200&ssl=1","contentUrl":"https:\/\/i0.wp.com\/cakeshopsam.com\/wp-content\/uploads\/2022\/01\/pate-a-sucre.jpg?fit=1200%2C1200&ssl=1","width":1200,"height":1200},{"@type":"BreadcrumbList","@id":"https:\/\/cakeshopsam.com\/?product=pate-a-sucre-renshaw-marshmallow-1kg#breadcrumb","itemListElement":[{"@type":"ListItem","position":1,"name":"Accueil","item":"https:\/\/cakeshopsam.com\/"},{"@type":"ListItem","position":2,"name":"Boutique","item":"https:\/\/cakeshopsam.com\/?page_id=305"},{"@type":"ListItem","position":3,"name":"p\u00e2te a sucre renshaw marshmallow 1kg"}]},{"@type":"WebSite","@id":"https:\/\/cakeshopsam.com\/#website","url":"https:\/\/cakeshopsam.com\/","name":"CAKESHOPSAM","description":"","publisher":{"@id":"https:\/\/cakeshopsam.com\/#organization"},"potentialAction":[{"@type":"SearchAction","target":{"@type":"EntryPoint","urlTemplate":"https:\/\/cakeshopsam.com\/?s={search_term_string}"},"query-input":{"@type":"PropertyValueSpecification","valueRequired":true,"valueName":"search_term_string"}}],"inLanguage":"fr-FR"},{"@type":"Organization","@id":"https:\/\/cakeshopsam.com\/#organization","name":"CAKESHOPSAM","url":"https:\/\/cakeshopsam.com\/","logo":{"@type":"ImageObject","inLanguage":"fr-FR","@id":"https:\/\/cakeshopsam.com\/#\/schema\/logo\/image\/","url":"https:\/\/cakeshopsam.com\/wp-content\/uploads\/2021\/06\/Design-sans-titre-5.svg","contentUrl":"https:\/\/cakeshopsam.com\/wp-content\/uploads\/2021\/06\/Design-sans-titre-5.svg","width":1080,"height":1080,"caption":"CAKESHOPSAM"},"image":{"@id":"https:\/\/cakeshopsam.com\/#\/schema\/logo\/image\/"}}]}},"jetpack_publicize_connections":[],"uagb_featured_image_src":{"full":["https:\/\/i0.wp.com\/cakeshopsam.com\/wp-content\/uploads\/2022\/01\/pate-a-sucre.jpg?fit=1200%2C1200&ssl=1",1200,1200,false],"thumbnail":["https:\/\/i0.wp.com\/cakeshopsam.com\/wp-content\/uploads\/2022\/01\/pate-a-sucre.jpg?resize=150%2C150&ssl=1",150,150,true],"medium":["https:\/\/i0.wp.com\/cakeshopsam.com\/wp-content\/uploads\/2022\/01\/pate-a-sucre.jpg?fit=300%2C300&ssl=1",300,300,true],"medium_large":["https:\/\/i0.wp.com\/cakeshopsam.com\/wp-content\/uploads\/2022\/01\/pate-a-sucre.jpg?fit=768%2C768&ssl=1",768,768,true],"large":["https:\/\/i0.wp.com\/cakeshopsam.com\/wp-content\/uploads\/2022\/01\/pate-a-sucre.jpg?fit=1024%2C1024&ssl=1",1024,1024,true],"1536x1536":["https:\/\/i0.wp.com\/cakeshopsam.com\/wp-content\/uploads\/2022\/01\/pate-a-sucre.jpg?fit=1200%2C1200&ssl=1",1200,1200,true],"2048x2048":["https:\/\/i0.wp.com\/cakeshopsam.com\/wp-content\/uploads\/2022\/01\/pate-a-sucre.jpg?fit=1200%2C1200&ssl=1",1200,1200,true],"newspack-article-block-landscape-large":["https:\/\/i0.wp.com\/cakeshopsam.com\/wp-content\/uploads\/2022\/01\/pate-a-sucre.jpg?resize=1200%2C900&ssl=1",1200,900,true],"newspack-article-block-portrait-large":["https:\/\/i0.wp.com\/cakeshopsam.com\/wp-content\/uploads\/2022\/01\/pate-a-sucre.jpg?resize=900%2C1200&ssl=1",900,1200,true],"newspack-article-block-square-large":["https:\/\/i0.wp.com\/cakeshopsam.com\/wp-content\/uploads\/2022\/01\/pate-a-sucre.jpg?resize=1200%2C1200&ssl=1",1200,1200,true],"newspack-article-block-landscape-medium":["https:\/\/i0.wp.com\/cakeshopsam.com\/wp-content\/uploads\/2022\/01\/pate-a-sucre.jpg?resize=800%2C600&ssl=1",800,600,true],"newspack-article-block-portrait-medium":["https:\/\/i0.wp.com\/cakeshopsam.com\/wp-content\/uploads\/2022\/01\/pate-a-sucre.jpg?resize=600%2C800&ssl=1",600,800,true],"newspack-article-block-square-medium":["https:\/\/i0.wp.com\/cakeshopsam.com\/wp-content\/uploads\/2022\/01\/pate-a-sucre.jpg?resize=800%2C800&ssl=1",800,800,true],"newspack-article-block-landscape-intermediate":["https:\/\/i0.wp.com\/cakeshopsam.com\/wp-content\/uploads\/2022\/01\/pate-a-sucre.jpg?resize=600%2C450&ssl=1",600,450,true],"newspack-article-block-portrait-intermediate":["https:\/\/i0.wp.com\/cakeshopsam.com\/wp-content\/uploads\/2022\/01\/pate-a-sucre.jpg?resize=450%2C600&ssl=1",450,600,true],"newspack-article-block-square-intermediate":["https:\/\/i0.wp.com\/cakeshopsam.com\/wp-content\/uploads\/2022\/01\/pate-a-sucre.jpg?resize=600%2C600&ssl=1",600,600,true],"newspack-article-block-landscape-small":["https:\/\/i0.wp.com\/cakeshopsam.com\/wp-content\/uploads\/2022\/01\/pate-a-sucre.jpg?resize=400%2C300&ssl=1",400,300,true],"newspack-article-block-portrait-small":["https:\/\/i0.wp.com\/cakeshopsam.com\/wp-content\/uploads\/2022\/01\/pate-a-sucre.jpg?resize=300%2C400&ssl=1",300,400,true],"newspack-article-block-square-small":["https:\/\/i0.wp.com\/cakeshopsam.com\/wp-content\/uploads\/2022\/01\/pate-a-sucre.jpg?resize=400%2C400&ssl=1",400,400,true],"newspack-article-block-landscape-tiny":["https:\/\/i0.wp.com\/cakeshopsam.com\/wp-content\/uploads\/2022\/01\/pate-a-sucre.jpg?resize=200%2C150&ssl=1",200,150,true],"newspack-article-block-portrait-tiny":["https:\/\/i0.wp.com\/cakeshopsam.com\/wp-content\/uploads\/2022\/01\/pate-a-sucre.jpg?resize=150%2C200&ssl=1",150,200,true],"newspack-article-block-square-tiny":["https:\/\/i0.wp.com\/cakeshopsam.com\/wp-content\/uploads\/2022\/01\/pate-a-sucre.jpg?resize=200%2C200&ssl=1",200,200,true],"newspack-article-block-uncropped":["https:\/\/i0.wp.com\/cakeshopsam.com\/wp-content\/uploads\/2022\/01\/pate-a-sucre.jpg?fit=1200%2C1200&ssl=1",1200,1200,true],"woocommerce_thumbnail":["https:\/\/i0.wp.com\/cakeshopsam.com\/wp-content\/uploads\/2022\/01\/pate-a-sucre.jpg?resize=300%2C300&ssl=1",300,300,true],"woocommerce_single":["https:\/\/i0.wp.com\/cakeshopsam.com\/wp-content\/uploads\/2022\/01\/pate-a-sucre.jpg?fit=300%2C300&ssl=1",300,300,true],"woocommerce_gallery_thumbnail":["https:\/\/i0.wp.com\/cakeshopsam.com\/wp-content\/uploads\/2022\/01\/pate-a-sucre.jpg?resize=100%2C100&ssl=1",100,100,true],"favicon":["https:\/\/i0.wp.com\/cakeshopsam.com\/wp-content\/uploads\/2022\/01\/pate-a-sucre.jpg?resize=64%2C64&ssl=1",64,64,true],"apple-touch-icon":["https:\/\/i0.wp.com\/cakeshopsam.com\/wp-content\/uploads\/2022\/01\/pate-a-sucre.jpg?resize=180%2C180&ssl=1",180,180,true]},"uagb_author_info":{"display_name":"samsam010101","author_link":"https:\/\/cakeshopsam.com\/?author=0"},"uagb_comment_info":0,"uagb_excerpt":"Cette formule sp\u00e9ciale de p\u00e2te \u00e0 sucre pro extra de Renshaw est maintenant disponible sous forme de guimauve blanche. \u00c0 la fois tr\u00e8s ferme et tr\u00e8s \u00e9lastique, elle est parfaitement adapt\u00e9e aux climats chauds et humides ! Veuillez noter que sa texture est plus compacte que celle de la p\u00e2te \u00e0 sucre Renshaw classique. Cette...","jetpack_likes_enabled":true,"jetpack_sharing_enabled":true,"_links":{"self":[{"href":"https:\/\/cakeshopsam.com\/index.php?rest_route=\/wp\/v2\/product\/4342","targetHints":{"allow":["GET"]}}],"collection":[{"href":"https:\/\/cakeshopsam.com\/index.php?rest_route=\/wp\/v2\/product"}],"about":[{"href":"https:\/\/cakeshopsam.com\/index.php?rest_route=\/wp\/v2\/types\/product"}],"replies":[{"embeddable":true,"href":"https:\/\/cakeshopsam.com\/index.php?rest_route=%2Fwp%2Fv2%2Fcomments&post=4342"}],"version-history":[{"count":3,"href":"https:\/\/cakeshopsam.com\/index.php?rest_route=\/wp\/v2\/product\/4342\/revisions"}],"predecessor-version":[{"id":13433,"href":"https:\/\/cakeshopsam.com\/index.php?rest_route=\/wp\/v2\/product\/4342\/revisions\/13433"}],"wp:featuredmedia":[{"embeddable":true,"href":"https:\/\/cakeshopsam.com\/index.php?rest_route=\/wp\/v2\/media\/4344"}],"wp:attachment":[{"href":"https:\/\/cakeshopsam.com\/index.php?rest_route=%2Fwp%2Fv2%2Fmedia&parent=4342"}],"wp:term":[{"taxonomy":"product_brand","embeddable":true,"href":"https:\/\/cakeshopsam.com\/index.php?rest_route=%2Fwp%2Fv2%2Fproduct_brand&post=4342"},{"taxonomy":"product_cat","embeddable":true,"href":"https:\/\/cakeshopsam.com\/index.php?rest_route=%2Fwp%2Fv2%2Fproduct_cat&post=4342"},{"taxonomy":"product_tag","embeddable":true,"href":"https:\/\/cakeshopsam.com\/index.php?rest_route=%2Fwp%2Fv2%2Fproduct_tag&post=4342"}],"curies":[{"name":"wp","href":"https:\/\/api.w.org\/{rel}","templated":true}]}}