{"id":372,"date":"2021-05-15T22:54:20","date_gmt":"2021-05-15T20:54:20","guid":{"rendered":"https:\/\/cakeshopsam.com\/?post_type=product&#038;p=372"},"modified":"2026-01-15T21:58:11","modified_gmt":"2026-01-15T20:58:11","slug":"plateau-a-gateau-rectangle-cake-board","status":"publish","type":"product","link":"https:\/\/cakeshopsam.com\/?product=plateau-a-gateau-rectangle-cake-board","title":{"rendered":"Plateau \u00e0 gateau rectangle \/ cake board lot de 5"},"content":{"rendered":"<p>Plateau \u00e0 g\u00e2teau\/Cakeboard rectangulaire argent\u00e9e d&#8217;une \u00e9paisseur de 1,2 cm pouvant supporter le poids de g\u00e2teau lourd et mettant en valeur vos p\u00e2tisseries.<br \/>\nideal pour number cake au format A3 et A4.<\/p>\n<p>2 tailles au choix dans le menu d\u00e9roulant.<\/p>\n","protected":false},"excerpt":{"rendered":"<p>Plateau \u00e0 g\u00e2teau\/Cakeboard rectangulaire argent\u00e9e d&#8217;une \u00e9paisseur de 1,2 cm pouvant supporter le poids de g\u00e2teau lourd et mettant en valeur vos p\u00e2tisseries. ideal pour number cake au format A3 et A4. 2 tailles au choix dans le menu d\u00e9roulant.<\/p>\n","protected":false},"featured_media":9069,"comment_status":"open","ping_status":"closed","template":"","meta":{"_uag_custom_page_level_css":"","_kad_post_transparent":"default","_kad_post_title":"","_kad_post_layout":"default","_kad_post_sidebar_id":"","_kad_post_content_style":"default","_kad_post_vertical_padding":"default","_kad_post_feature":"","_kad_post_feature_position":"","_kad_post_header":false,"_kad_post_footer":false,"jetpack_post_was_ever_published":false,"jetpack_publicize_message":"","jetpack_publicize_feature_enabled":true,"jetpack_social_post_already_shared":true,"jetpack_social_options":{"image_generator_settings":{"template":"highway","default_image_id":0,"font":"","enabled":false},"version":2},"_wpas_customize_per_network":false},"product_brand":[],"product_cat":[6356,6368],"product_tag":[],"class_list":{"0":"post-372","1":"product","2":"type-product","3":"status-publish","4":"has-post-thumbnail","6":"product_cat-cake-board","7":"product_cat-structures-presentations","9":"first","10":"outofstock","11":"taxable","12":"shipping-taxable","13":"purchasable","14":"product-type-variable","15":"has-default-attributes","16":"entry","17":"content-bg","18":"loop-entry"},"yoast_head":"<!-- This site is optimized with the Yoast SEO plugin v27.3 - https:\/\/yoast.com\/product\/yoast-seo-wordpress\/ -->\n<title>Plateau \u00e0 gateau rectangle \/ cake board lot de 5 - CAKESHOPSAM<\/title>\n<meta name=\"robots\" content=\"index, follow, max-snippet:-1, max-image-preview:large, max-video-preview:-1\" \/>\n<link rel=\"canonical\" href=\"https:\/\/cakeshopsam.com\/?product=plateau-a-gateau-rectangle-cake-board\" \/>\n<meta property=\"og:locale\" content=\"fr_FR\" \/>\n<meta property=\"og:type\" content=\"article\" \/>\n<meta property=\"og:title\" content=\"Plateau \u00e0 gateau rectangle \/ cake board lot de 5 - CAKESHOPSAM\" \/>\n<meta property=\"og:description\" content=\"Plateau \u00e0 g\u00e2teau\/Cakeboard rectangulaire argent\u00e9e d&#8217;une \u00e9paisseur de 1,2 cm pouvant supporter le poids de g\u00e2teau lourd et mettant en valeur vos p\u00e2tisseries. ideal pour number cake au format A3 et A4. 2 tailles au choix dans le menu d\u00e9roulant.\" \/>\n<meta property=\"og:url\" content=\"https:\/\/cakeshopsam.com\/?product=plateau-a-gateau-rectangle-cake-board\" \/>\n<meta property=\"og:site_name\" content=\"CAKESHOPSAM\" \/>\n<meta property=\"article:modified_time\" content=\"2026-01-15T20:58:11+00:00\" \/>\n<meta property=\"og:image\" content=\"https:\/\/cakeshopsam.com\/wp-content\/uploads\/2021\/10\/base-rectangulaire-excelente-plate-40-x-30-cm-x-12-cm-altura-ref-azucren.png\" \/>\n\t<meta property=\"og:image:width\" content=\"800\" \/>\n\t<meta property=\"og:image:height\" content=\"800\" \/>\n\t<meta property=\"og:image:type\" content=\"image\/png\" \/>\n<meta name=\"twitter:card\" content=\"summary_large_image\" \/>\n<meta name=\"twitter:label1\" content=\"Dur\u00e9e de lecture estim\u00e9e\" \/>\n\t<meta name=\"twitter:data1\" content=\"1 minute\" \/>\n<script type=\"application\/ld+json\" class=\"yoast-schema-graph\">{\"@context\":\"https:\\\/\\\/schema.org\",\"@graph\":[{\"@type\":\"WebPage\",\"@id\":\"https:\\\/\\\/cakeshopsam.com\\\/?product=plateau-a-gateau-rectangle-cake-board\",\"url\":\"https:\\\/\\\/cakeshopsam.com\\\/?product=plateau-a-gateau-rectangle-cake-board\",\"name\":\"Plateau \u00e0 gateau rectangle \\\/ cake board lot de 5 - CAKESHOPSAM\",\"isPartOf\":{\"@id\":\"https:\\\/\\\/cakeshopsam.com\\\/#website\"},\"primaryImageOfPage\":{\"@id\":\"https:\\\/\\\/cakeshopsam.com\\\/?product=plateau-a-gateau-rectangle-cake-board#primaryimage\"},\"image\":{\"@id\":\"https:\\\/\\\/cakeshopsam.com\\\/?product=plateau-a-gateau-rectangle-cake-board#primaryimage\"},\"thumbnailUrl\":\"https:\\\/\\\/i0.wp.com\\\/cakeshopsam.com\\\/wp-content\\\/uploads\\\/2021\\\/10\\\/base-rectangulaire-excelente-plate-40-x-30-cm-x-12-cm-altura-ref-azucren.png?fit=800%2C800&ssl=1\",\"datePublished\":\"2021-05-15T20:54:20+00:00\",\"dateModified\":\"2026-01-15T20:58:11+00:00\",\"breadcrumb\":{\"@id\":\"https:\\\/\\\/cakeshopsam.com\\\/?product=plateau-a-gateau-rectangle-cake-board#breadcrumb\"},\"inLanguage\":\"fr-FR\",\"potentialAction\":[{\"@type\":\"ReadAction\",\"target\":[\"https:\\\/\\\/cakeshopsam.com\\\/?product=plateau-a-gateau-rectangle-cake-board\"]}]},{\"@type\":\"ImageObject\",\"inLanguage\":\"fr-FR\",\"@id\":\"https:\\\/\\\/cakeshopsam.com\\\/?product=plateau-a-gateau-rectangle-cake-board#primaryimage\",\"url\":\"https:\\\/\\\/i0.wp.com\\\/cakeshopsam.com\\\/wp-content\\\/uploads\\\/2021\\\/10\\\/base-rectangulaire-excelente-plate-40-x-30-cm-x-12-cm-altura-ref-azucren.png?fit=800%2C800&ssl=1\",\"contentUrl\":\"https:\\\/\\\/i0.wp.com\\\/cakeshopsam.com\\\/wp-content\\\/uploads\\\/2021\\\/10\\\/base-rectangulaire-excelente-plate-40-x-30-cm-x-12-cm-altura-ref-azucren.png?fit=800%2C800&ssl=1\",\"width\":800,\"height\":800},{\"@type\":\"BreadcrumbList\",\"@id\":\"https:\\\/\\\/cakeshopsam.com\\\/?product=plateau-a-gateau-rectangle-cake-board#breadcrumb\",\"itemListElement\":[{\"@type\":\"ListItem\",\"position\":1,\"name\":\"Accueil\",\"item\":\"https:\\\/\\\/cakeshopsam.com\\\/\"},{\"@type\":\"ListItem\",\"position\":2,\"name\":\"Boutique\",\"item\":\"https:\\\/\\\/cakeshopsam.com\\\/?page_id=305\"},{\"@type\":\"ListItem\",\"position\":3,\"name\":\"Plateau \u00e0 gateau rectangle \\\/ cake board lot de 5\"}]},{\"@type\":\"WebSite\",\"@id\":\"https:\\\/\\\/cakeshopsam.com\\\/#website\",\"url\":\"https:\\\/\\\/cakeshopsam.com\\\/\",\"name\":\"CAKESHOPSAM\",\"description\":\"\",\"publisher\":{\"@id\":\"https:\\\/\\\/cakeshopsam.com\\\/#organization\"},\"potentialAction\":[{\"@type\":\"SearchAction\",\"target\":{\"@type\":\"EntryPoint\",\"urlTemplate\":\"https:\\\/\\\/cakeshopsam.com\\\/?s={search_term_string}\"},\"query-input\":{\"@type\":\"PropertyValueSpecification\",\"valueRequired\":true,\"valueName\":\"search_term_string\"}}],\"inLanguage\":\"fr-FR\"},{\"@type\":\"Organization\",\"@id\":\"https:\\\/\\\/cakeshopsam.com\\\/#organization\",\"name\":\"CAKESHOPSAM\",\"url\":\"https:\\\/\\\/cakeshopsam.com\\\/\",\"logo\":{\"@type\":\"ImageObject\",\"inLanguage\":\"fr-FR\",\"@id\":\"https:\\\/\\\/cakeshopsam.com\\\/#\\\/schema\\\/logo\\\/image\\\/\",\"url\":\"https:\\\/\\\/cakeshopsam.com\\\/wp-content\\\/uploads\\\/2021\\\/06\\\/Design-sans-titre-5.svg\",\"contentUrl\":\"https:\\\/\\\/cakeshopsam.com\\\/wp-content\\\/uploads\\\/2021\\\/06\\\/Design-sans-titre-5.svg\",\"width\":1080,\"height\":1080,\"caption\":\"CAKESHOPSAM\"},\"image\":{\"@id\":\"https:\\\/\\\/cakeshopsam.com\\\/#\\\/schema\\\/logo\\\/image\\\/\"}}]}<\/script>\n<!-- \/ Yoast SEO plugin. -->","yoast_head_json":{"title":"Plateau \u00e0 gateau rectangle \/ cake board lot de 5 - CAKESHOPSAM","robots":{"index":"index","follow":"follow","max-snippet":"max-snippet:-1","max-image-preview":"max-image-preview:large","max-video-preview":"max-video-preview:-1"},"canonical":"https:\/\/cakeshopsam.com\/?product=plateau-a-gateau-rectangle-cake-board","og_locale":"fr_FR","og_type":"article","og_title":"Plateau \u00e0 gateau rectangle \/ cake board lot de 5 - CAKESHOPSAM","og_description":"Plateau \u00e0 g\u00e2teau\/Cakeboard rectangulaire argent\u00e9e d&#8217;une \u00e9paisseur de 1,2 cm pouvant supporter le poids de g\u00e2teau lourd et mettant en valeur vos p\u00e2tisseries. ideal pour number cake au format A3 et A4. 2 tailles au choix dans le menu d\u00e9roulant.","og_url":"https:\/\/cakeshopsam.com\/?product=plateau-a-gateau-rectangle-cake-board","og_site_name":"CAKESHOPSAM","article_modified_time":"2026-01-15T20:58:11+00:00","og_image":[{"width":800,"height":800,"url":"https:\/\/cakeshopsam.com\/wp-content\/uploads\/2021\/10\/base-rectangulaire-excelente-plate-40-x-30-cm-x-12-cm-altura-ref-azucren.png","type":"image\/png"}],"twitter_card":"summary_large_image","twitter_misc":{"Dur\u00e9e de lecture estim\u00e9e":"1 minute"},"schema":{"@context":"https:\/\/schema.org","@graph":[{"@type":"WebPage","@id":"https:\/\/cakeshopsam.com\/?product=plateau-a-gateau-rectangle-cake-board","url":"https:\/\/cakeshopsam.com\/?product=plateau-a-gateau-rectangle-cake-board","name":"Plateau \u00e0 gateau rectangle \/ cake board lot de 5 - CAKESHOPSAM","isPartOf":{"@id":"https:\/\/cakeshopsam.com\/#website"},"primaryImageOfPage":{"@id":"https:\/\/cakeshopsam.com\/?product=plateau-a-gateau-rectangle-cake-board#primaryimage"},"image":{"@id":"https:\/\/cakeshopsam.com\/?product=plateau-a-gateau-rectangle-cake-board#primaryimage"},"thumbnailUrl":"https:\/\/i0.wp.com\/cakeshopsam.com\/wp-content\/uploads\/2021\/10\/base-rectangulaire-excelente-plate-40-x-30-cm-x-12-cm-altura-ref-azucren.png?fit=800%2C800&ssl=1","datePublished":"2021-05-15T20:54:20+00:00","dateModified":"2026-01-15T20:58:11+00:00","breadcrumb":{"@id":"https:\/\/cakeshopsam.com\/?product=plateau-a-gateau-rectangle-cake-board#breadcrumb"},"inLanguage":"fr-FR","potentialAction":[{"@type":"ReadAction","target":["https:\/\/cakeshopsam.com\/?product=plateau-a-gateau-rectangle-cake-board"]}]},{"@type":"ImageObject","inLanguage":"fr-FR","@id":"https:\/\/cakeshopsam.com\/?product=plateau-a-gateau-rectangle-cake-board#primaryimage","url":"https:\/\/i0.wp.com\/cakeshopsam.com\/wp-content\/uploads\/2021\/10\/base-rectangulaire-excelente-plate-40-x-30-cm-x-12-cm-altura-ref-azucren.png?fit=800%2C800&ssl=1","contentUrl":"https:\/\/i0.wp.com\/cakeshopsam.com\/wp-content\/uploads\/2021\/10\/base-rectangulaire-excelente-plate-40-x-30-cm-x-12-cm-altura-ref-azucren.png?fit=800%2C800&ssl=1","width":800,"height":800},{"@type":"BreadcrumbList","@id":"https:\/\/cakeshopsam.com\/?product=plateau-a-gateau-rectangle-cake-board#breadcrumb","itemListElement":[{"@type":"ListItem","position":1,"name":"Accueil","item":"https:\/\/cakeshopsam.com\/"},{"@type":"ListItem","position":2,"name":"Boutique","item":"https:\/\/cakeshopsam.com\/?page_id=305"},{"@type":"ListItem","position":3,"name":"Plateau \u00e0 gateau rectangle \/ cake board lot de 5"}]},{"@type":"WebSite","@id":"https:\/\/cakeshopsam.com\/#website","url":"https:\/\/cakeshopsam.com\/","name":"CAKESHOPSAM","description":"","publisher":{"@id":"https:\/\/cakeshopsam.com\/#organization"},"potentialAction":[{"@type":"SearchAction","target":{"@type":"EntryPoint","urlTemplate":"https:\/\/cakeshopsam.com\/?s={search_term_string}"},"query-input":{"@type":"PropertyValueSpecification","valueRequired":true,"valueName":"search_term_string"}}],"inLanguage":"fr-FR"},{"@type":"Organization","@id":"https:\/\/cakeshopsam.com\/#organization","name":"CAKESHOPSAM","url":"https:\/\/cakeshopsam.com\/","logo":{"@type":"ImageObject","inLanguage":"fr-FR","@id":"https:\/\/cakeshopsam.com\/#\/schema\/logo\/image\/","url":"https:\/\/cakeshopsam.com\/wp-content\/uploads\/2021\/06\/Design-sans-titre-5.svg","contentUrl":"https:\/\/cakeshopsam.com\/wp-content\/uploads\/2021\/06\/Design-sans-titre-5.svg","width":1080,"height":1080,"caption":"CAKESHOPSAM"},"image":{"@id":"https:\/\/cakeshopsam.com\/#\/schema\/logo\/image\/"}}]}},"jetpack_publicize_connections":[],"uagb_featured_image_src":{"full":["https:\/\/i0.wp.com\/cakeshopsam.com\/wp-content\/uploads\/2021\/10\/base-rectangulaire-excelente-plate-40-x-30-cm-x-12-cm-altura-ref-azucren.png?fit=800%2C800&ssl=1",800,800,false],"thumbnail":["https:\/\/i0.wp.com\/cakeshopsam.com\/wp-content\/uploads\/2021\/10\/base-rectangulaire-excelente-plate-40-x-30-cm-x-12-cm-altura-ref-azucren.png?resize=150%2C150&ssl=1",150,150,true],"medium":["https:\/\/i0.wp.com\/cakeshopsam.com\/wp-content\/uploads\/2021\/10\/base-rectangulaire-excelente-plate-40-x-30-cm-x-12-cm-altura-ref-azucren.png?fit=300%2C300&ssl=1",300,300,true],"medium_large":["https:\/\/i0.wp.com\/cakeshopsam.com\/wp-content\/uploads\/2021\/10\/base-rectangulaire-excelente-plate-40-x-30-cm-x-12-cm-altura-ref-azucren.png?fit=768%2C768&ssl=1",768,768,true],"large":["https:\/\/i0.wp.com\/cakeshopsam.com\/wp-content\/uploads\/2021\/10\/base-rectangulaire-excelente-plate-40-x-30-cm-x-12-cm-altura-ref-azucren.png?fit=800%2C800&ssl=1",800,800,true],"1536x1536":["https:\/\/i0.wp.com\/cakeshopsam.com\/wp-content\/uploads\/2021\/10\/base-rectangulaire-excelente-plate-40-x-30-cm-x-12-cm-altura-ref-azucren.png?fit=800%2C800&ssl=1",800,800,true],"2048x2048":["https:\/\/i0.wp.com\/cakeshopsam.com\/wp-content\/uploads\/2021\/10\/base-rectangulaire-excelente-plate-40-x-30-cm-x-12-cm-altura-ref-azucren.png?fit=800%2C800&ssl=1",800,800,true],"newspack-article-block-landscape-large":["https:\/\/i0.wp.com\/cakeshopsam.com\/wp-content\/uploads\/2021\/10\/base-rectangulaire-excelente-plate-40-x-30-cm-x-12-cm-altura-ref-azucren.png?resize=800%2C800&ssl=1",800,800,true],"newspack-article-block-portrait-large":["https:\/\/i0.wp.com\/cakeshopsam.com\/wp-content\/uploads\/2021\/10\/base-rectangulaire-excelente-plate-40-x-30-cm-x-12-cm-altura-ref-azucren.png?resize=800%2C800&ssl=1",800,800,true],"newspack-article-block-square-large":["https:\/\/i0.wp.com\/cakeshopsam.com\/wp-content\/uploads\/2021\/10\/base-rectangulaire-excelente-plate-40-x-30-cm-x-12-cm-altura-ref-azucren.png?resize=800%2C800&ssl=1",800,800,true],"newspack-article-block-landscape-medium":["https:\/\/i0.wp.com\/cakeshopsam.com\/wp-content\/uploads\/2021\/10\/base-rectangulaire-excelente-plate-40-x-30-cm-x-12-cm-altura-ref-azucren.png?resize=800%2C600&ssl=1",800,600,true],"newspack-article-block-portrait-medium":["https:\/\/i0.wp.com\/cakeshopsam.com\/wp-content\/uploads\/2021\/10\/base-rectangulaire-excelente-plate-40-x-30-cm-x-12-cm-altura-ref-azucren.png?resize=600%2C800&ssl=1",600,800,true],"newspack-article-block-square-medium":["https:\/\/i0.wp.com\/cakeshopsam.com\/wp-content\/uploads\/2021\/10\/base-rectangulaire-excelente-plate-40-x-30-cm-x-12-cm-altura-ref-azucren.png?resize=800%2C800&ssl=1",800,800,true],"newspack-article-block-landscape-intermediate":["https:\/\/i0.wp.com\/cakeshopsam.com\/wp-content\/uploads\/2021\/10\/base-rectangulaire-excelente-plate-40-x-30-cm-x-12-cm-altura-ref-azucren.png?resize=600%2C450&ssl=1",600,450,true],"newspack-article-block-portrait-intermediate":["https:\/\/i0.wp.com\/cakeshopsam.com\/wp-content\/uploads\/2021\/10\/base-rectangulaire-excelente-plate-40-x-30-cm-x-12-cm-altura-ref-azucren.png?resize=450%2C600&ssl=1",450,600,true],"newspack-article-block-square-intermediate":["https:\/\/i0.wp.com\/cakeshopsam.com\/wp-content\/uploads\/2021\/10\/base-rectangulaire-excelente-plate-40-x-30-cm-x-12-cm-altura-ref-azucren.png?resize=600%2C600&ssl=1",600,600,true],"newspack-article-block-landscape-small":["https:\/\/i0.wp.com\/cakeshopsam.com\/wp-content\/uploads\/2021\/10\/base-rectangulaire-excelente-plate-40-x-30-cm-x-12-cm-altura-ref-azucren.png?resize=400%2C300&ssl=1",400,300,true],"newspack-article-block-portrait-small":["https:\/\/i0.wp.com\/cakeshopsam.com\/wp-content\/uploads\/2021\/10\/base-rectangulaire-excelente-plate-40-x-30-cm-x-12-cm-altura-ref-azucren.png?resize=300%2C400&ssl=1",300,400,true],"newspack-article-block-square-small":["https:\/\/i0.wp.com\/cakeshopsam.com\/wp-content\/uploads\/2021\/10\/base-rectangulaire-excelente-plate-40-x-30-cm-x-12-cm-altura-ref-azucren.png?resize=400%2C400&ssl=1",400,400,true],"newspack-article-block-landscape-tiny":["https:\/\/i0.wp.com\/cakeshopsam.com\/wp-content\/uploads\/2021\/10\/base-rectangulaire-excelente-plate-40-x-30-cm-x-12-cm-altura-ref-azucren.png?resize=200%2C150&ssl=1",200,150,true],"newspack-article-block-portrait-tiny":["https:\/\/i0.wp.com\/cakeshopsam.com\/wp-content\/uploads\/2021\/10\/base-rectangulaire-excelente-plate-40-x-30-cm-x-12-cm-altura-ref-azucren.png?resize=150%2C200&ssl=1",150,200,true],"newspack-article-block-square-tiny":["https:\/\/i0.wp.com\/cakeshopsam.com\/wp-content\/uploads\/2021\/10\/base-rectangulaire-excelente-plate-40-x-30-cm-x-12-cm-altura-ref-azucren.png?resize=200%2C200&ssl=1",200,200,true],"newspack-article-block-uncropped":["https:\/\/i0.wp.com\/cakeshopsam.com\/wp-content\/uploads\/2021\/10\/base-rectangulaire-excelente-plate-40-x-30-cm-x-12-cm-altura-ref-azucren.png?fit=800%2C800&ssl=1",800,800,true],"woocommerce_thumbnail":["https:\/\/i0.wp.com\/cakeshopsam.com\/wp-content\/uploads\/2021\/10\/base-rectangulaire-excelente-plate-40-x-30-cm-x-12-cm-altura-ref-azucren.png?resize=300%2C300&ssl=1",300,300,true],"woocommerce_single":["https:\/\/i0.wp.com\/cakeshopsam.com\/wp-content\/uploads\/2021\/10\/base-rectangulaire-excelente-plate-40-x-30-cm-x-12-cm-altura-ref-azucren.png?fit=300%2C300&ssl=1",300,300,true],"woocommerce_gallery_thumbnail":["https:\/\/i0.wp.com\/cakeshopsam.com\/wp-content\/uploads\/2021\/10\/base-rectangulaire-excelente-plate-40-x-30-cm-x-12-cm-altura-ref-azucren.png?resize=100%2C100&ssl=1",100,100,true],"favicon":["https:\/\/i0.wp.com\/cakeshopsam.com\/wp-content\/uploads\/2021\/10\/base-rectangulaire-excelente-plate-40-x-30-cm-x-12-cm-altura-ref-azucren.png?resize=64%2C64&ssl=1",64,64,true],"apple-touch-icon":["https:\/\/i0.wp.com\/cakeshopsam.com\/wp-content\/uploads\/2021\/10\/base-rectangulaire-excelente-plate-40-x-30-cm-x-12-cm-altura-ref-azucren.png?resize=180%2C180&ssl=1",180,180,true]},"uagb_author_info":{"display_name":"samsam010101","author_link":"https:\/\/cakeshopsam.com\/?author=0"},"uagb_comment_info":0,"uagb_excerpt":"Plateau \u00e0 g\u00e2teau\/Cakeboard rectangulaire argent\u00e9e d&#8217;une \u00e9paisseur de 1,2 cm pouvant supporter le poids de g\u00e2teau lourd et mettant en valeur vos p\u00e2tisseries. ideal pour number cake au format A3 et A4. 2 tailles au choix dans le menu d\u00e9roulant.","jetpack_likes_enabled":true,"jetpack_sharing_enabled":true,"_links":{"self":[{"href":"https:\/\/cakeshopsam.com\/index.php?rest_route=\/wp\/v2\/product\/372","targetHints":{"allow":["GET"]}}],"collection":[{"href":"https:\/\/cakeshopsam.com\/index.php?rest_route=\/wp\/v2\/product"}],"about":[{"href":"https:\/\/cakeshopsam.com\/index.php?rest_route=\/wp\/v2\/types\/product"}],"replies":[{"embeddable":true,"href":"https:\/\/cakeshopsam.com\/index.php?rest_route=%2Fwp%2Fv2%2Fcomments&post=372"}],"version-history":[{"count":4,"href":"https:\/\/cakeshopsam.com\/index.php?rest_route=\/wp\/v2\/product\/372\/revisions"}],"predecessor-version":[{"id":6638,"href":"https:\/\/cakeshopsam.com\/index.php?rest_route=\/wp\/v2\/product\/372\/revisions\/6638"}],"wp:featuredmedia":[{"embeddable":true,"href":"https:\/\/cakeshopsam.com\/index.php?rest_route=\/wp\/v2\/media\/9069"}],"wp:attachment":[{"href":"https:\/\/cakeshopsam.com\/index.php?rest_route=%2Fwp%2Fv2%2Fmedia&parent=372"}],"wp:term":[{"taxonomy":"product_brand","embeddable":true,"href":"https:\/\/cakeshopsam.com\/index.php?rest_route=%2Fwp%2Fv2%2Fproduct_brand&post=372"},{"taxonomy":"product_cat","embeddable":true,"href":"https:\/\/cakeshopsam.com\/index.php?rest_route=%2Fwp%2Fv2%2Fproduct_cat&post=372"},{"taxonomy":"product_tag","embeddable":true,"href":"https:\/\/cakeshopsam.com\/index.php?rest_route=%2Fwp%2Fv2%2Fproduct_tag&post=372"}],"curies":[{"name":"wp","href":"https:\/\/api.w.org\/{rel}","templated":true}]}}