{"id":3136,"date":"2021-10-27T23:07:52","date_gmt":"2021-10-27T21:07:52","guid":{"rendered":"https:\/\/cakeshopsam.com\/?post_type=product&#038;p=3136"},"modified":"2025-10-21T23:42:13","modified_gmt":"2025-10-21T21:42:13","slug":"colour-mill-sea-mist","status":"publish","type":"product","link":"https:\/\/cakeshopsam.com\/?product=colour-mill-sea-mist","title":{"rendered":"colour mill sea mist"},"content":{"rendered":"<p><span>Contrairement aux colorants en gel conventionnels, notre m\u00e9lange unique aime les graisses et les huiles dans votre cuisson.<\/span><br \/>\n<span>Nous teignons et dispersons notre coloration \u00e0 l&#8217;aide de ces huiles, ce qui vous permet d&#8217;obtenir un r\u00e9sultat riche et \u00e9clatant.<\/span><br \/>\n<span>Meilleur dans la cr\u00e8me au beurre, la meringue suisse, le chocolat, la p\u00e2te \u00e0 g\u00e2teau, la ganache et bien d&#8217;autres.<\/span><\/p>\n<p><span>Conseils d&#8217;utilisation :<\/span><br \/>\n<span>bien agiter avant utilisation<\/span><br \/>\n<span>Prenez-le doucement, les couleurs se d\u00e9velopperont avec le temps A<\/span><br \/>\n<span>conserver dans un endroit frais et sec \u00e0 l&#8217;abri du soleil.<\/span><\/p>\n<p>contenance 20 ml<\/p>\n<ul>\n<li><span>Sans allerg\u00e8ne<\/span><\/li>\n<li><span>V\u00e9g\u00e9talien<\/span><\/li>\n<li><span>Convient pour Halal<\/span><\/li>\n<li><span>Certifi\u00e9 casher<\/span><\/li>\n<\/ul>\n","protected":false},"excerpt":{"rendered":"<p>Contrairement aux colorants en gel conventionnels, notre m\u00e9lange unique aime les graisses et les huiles dans votre cuisson. Nous teignons et dispersons notre coloration \u00e0 l&#8217;aide de ces huiles, ce qui vous permet d&#8217;obtenir un r\u00e9sultat riche et \u00e9clatant. Meilleur dans la cr\u00e8me au beurre, la meringue suisse, le chocolat, la p\u00e2te \u00e0 g\u00e2teau, la&#8230;<\/p>\n","protected":false},"featured_media":3137,"comment_status":"open","ping_status":"closed","template":"","meta":{"_uag_custom_page_level_css":"","_kad_post_transparent":"default","_kad_post_title":"","_kad_post_layout":"default","_kad_post_sidebar_id":"","_kad_post_content_style":"default","_kad_post_vertical_padding":"default","_kad_post_feature":"","_kad_post_feature_position":"","_kad_post_header":false,"_kad_post_footer":false,"jetpack_post_was_ever_published":false,"jetpack_publicize_message":"","jetpack_publicize_feature_enabled":true,"jetpack_social_post_already_shared":true,"jetpack_social_options":{"image_generator_settings":{"template":"highway","default_image_id":0,"font":"","enabled":false},"version":2},"_wpas_customize_per_network":false},"product_brand":[],"product_cat":[6375],"product_tag":[],"class_list":{"0":"post-3136","1":"product","2":"type-product","3":"status-publish","4":"has-post-thumbnail","6":"product_cat-colour-mill","8":"first","9":"instock","10":"taxable","11":"shipping-taxable","12":"purchasable","13":"product-type-simple","14":"entry","15":"content-bg","16":"loop-entry"},"yoast_head":"<!-- This site is optimized with the Yoast SEO plugin v27.3 - https:\/\/yoast.com\/product\/yoast-seo-wordpress\/ -->\n<title>colour mill sea mist - CAKESHOPSAM<\/title>\n<meta name=\"robots\" content=\"index, follow, max-snippet:-1, max-image-preview:large, max-video-preview:-1\" \/>\n<link rel=\"canonical\" href=\"https:\/\/cakeshopsam.com\/?product=colour-mill-sea-mist\" \/>\n<meta property=\"og:locale\" content=\"fr_FR\" \/>\n<meta property=\"og:type\" content=\"article\" \/>\n<meta property=\"og:title\" content=\"colour mill sea mist - CAKESHOPSAM\" \/>\n<meta property=\"og:description\" content=\"Contrairement aux colorants en gel conventionnels, notre m\u00e9lange unique aime les graisses et les huiles dans votre cuisson. Nous teignons et dispersons notre coloration \u00e0 l&#8217;aide de ces huiles, ce qui vous permet d&#8217;obtenir un r\u00e9sultat riche et \u00e9clatant. Meilleur dans la cr\u00e8me au beurre, la meringue suisse, le chocolat, la p\u00e2te \u00e0 g\u00e2teau, la...\" \/>\n<meta property=\"og:url\" content=\"https:\/\/cakeshopsam.com\/?product=colour-mill-sea-mist\" \/>\n<meta property=\"og:site_name\" content=\"CAKESHOPSAM\" \/>\n<meta property=\"article:modified_time\" content=\"2025-10-21T21:42:13+00:00\" \/>\n<meta property=\"og:image\" content=\"https:\/\/cakeshopsam.com\/wp-content\/uploads\/2021\/10\/sea-mist.png\" \/>\n\t<meta property=\"og:image:width\" content=\"941\" \/>\n\t<meta property=\"og:image:height\" content=\"1344\" \/>\n\t<meta property=\"og:image:type\" content=\"image\/png\" \/>\n<meta name=\"twitter:card\" content=\"summary_large_image\" \/>\n<meta name=\"twitter:label1\" content=\"Dur\u00e9e de lecture estim\u00e9e\" \/>\n\t<meta name=\"twitter:data1\" content=\"1 minute\" \/>\n<script type=\"application\/ld+json\" class=\"yoast-schema-graph\">{\"@context\":\"https:\\\/\\\/schema.org\",\"@graph\":[{\"@type\":\"WebPage\",\"@id\":\"https:\\\/\\\/cakeshopsam.com\\\/?product=colour-mill-sea-mist\",\"url\":\"https:\\\/\\\/cakeshopsam.com\\\/?product=colour-mill-sea-mist\",\"name\":\"colour mill sea mist - CAKESHOPSAM\",\"isPartOf\":{\"@id\":\"https:\\\/\\\/cakeshopsam.com\\\/#website\"},\"primaryImageOfPage\":{\"@id\":\"https:\\\/\\\/cakeshopsam.com\\\/?product=colour-mill-sea-mist#primaryimage\"},\"image\":{\"@id\":\"https:\\\/\\\/cakeshopsam.com\\\/?product=colour-mill-sea-mist#primaryimage\"},\"thumbnailUrl\":\"https:\\\/\\\/i0.wp.com\\\/cakeshopsam.com\\\/wp-content\\\/uploads\\\/2021\\\/10\\\/sea-mist.png?fit=941%2C1344&ssl=1\",\"datePublished\":\"2021-10-27T21:07:52+00:00\",\"dateModified\":\"2025-10-21T21:42:13+00:00\",\"breadcrumb\":{\"@id\":\"https:\\\/\\\/cakeshopsam.com\\\/?product=colour-mill-sea-mist#breadcrumb\"},\"inLanguage\":\"fr-FR\",\"potentialAction\":[{\"@type\":\"ReadAction\",\"target\":[\"https:\\\/\\\/cakeshopsam.com\\\/?product=colour-mill-sea-mist\"]}]},{\"@type\":\"ImageObject\",\"inLanguage\":\"fr-FR\",\"@id\":\"https:\\\/\\\/cakeshopsam.com\\\/?product=colour-mill-sea-mist#primaryimage\",\"url\":\"https:\\\/\\\/i0.wp.com\\\/cakeshopsam.com\\\/wp-content\\\/uploads\\\/2021\\\/10\\\/sea-mist.png?fit=941%2C1344&ssl=1\",\"contentUrl\":\"https:\\\/\\\/i0.wp.com\\\/cakeshopsam.com\\\/wp-content\\\/uploads\\\/2021\\\/10\\\/sea-mist.png?fit=941%2C1344&ssl=1\",\"width\":941,\"height\":1344},{\"@type\":\"BreadcrumbList\",\"@id\":\"https:\\\/\\\/cakeshopsam.com\\\/?product=colour-mill-sea-mist#breadcrumb\",\"itemListElement\":[{\"@type\":\"ListItem\",\"position\":1,\"name\":\"Accueil\",\"item\":\"https:\\\/\\\/cakeshopsam.com\\\/\"},{\"@type\":\"ListItem\",\"position\":2,\"name\":\"Boutique\",\"item\":\"https:\\\/\\\/cakeshopsam.com\\\/?page_id=305\"},{\"@type\":\"ListItem\",\"position\":3,\"name\":\"colour mill sea mist\"}]},{\"@type\":\"WebSite\",\"@id\":\"https:\\\/\\\/cakeshopsam.com\\\/#website\",\"url\":\"https:\\\/\\\/cakeshopsam.com\\\/\",\"name\":\"CAKESHOPSAM\",\"description\":\"\",\"publisher\":{\"@id\":\"https:\\\/\\\/cakeshopsam.com\\\/#organization\"},\"potentialAction\":[{\"@type\":\"SearchAction\",\"target\":{\"@type\":\"EntryPoint\",\"urlTemplate\":\"https:\\\/\\\/cakeshopsam.com\\\/?s={search_term_string}\"},\"query-input\":{\"@type\":\"PropertyValueSpecification\",\"valueRequired\":true,\"valueName\":\"search_term_string\"}}],\"inLanguage\":\"fr-FR\"},{\"@type\":\"Organization\",\"@id\":\"https:\\\/\\\/cakeshopsam.com\\\/#organization\",\"name\":\"CAKESHOPSAM\",\"url\":\"https:\\\/\\\/cakeshopsam.com\\\/\",\"logo\":{\"@type\":\"ImageObject\",\"inLanguage\":\"fr-FR\",\"@id\":\"https:\\\/\\\/cakeshopsam.com\\\/#\\\/schema\\\/logo\\\/image\\\/\",\"url\":\"https:\\\/\\\/cakeshopsam.com\\\/wp-content\\\/uploads\\\/2021\\\/06\\\/Design-sans-titre-5.svg\",\"contentUrl\":\"https:\\\/\\\/cakeshopsam.com\\\/wp-content\\\/uploads\\\/2021\\\/06\\\/Design-sans-titre-5.svg\",\"width\":1080,\"height\":1080,\"caption\":\"CAKESHOPSAM\"},\"image\":{\"@id\":\"https:\\\/\\\/cakeshopsam.com\\\/#\\\/schema\\\/logo\\\/image\\\/\"}}]}<\/script>\n<!-- \/ Yoast SEO plugin. -->","yoast_head_json":{"title":"colour mill sea mist - CAKESHOPSAM","robots":{"index":"index","follow":"follow","max-snippet":"max-snippet:-1","max-image-preview":"max-image-preview:large","max-video-preview":"max-video-preview:-1"},"canonical":"https:\/\/cakeshopsam.com\/?product=colour-mill-sea-mist","og_locale":"fr_FR","og_type":"article","og_title":"colour mill sea mist - CAKESHOPSAM","og_description":"Contrairement aux colorants en gel conventionnels, notre m\u00e9lange unique aime les graisses et les huiles dans votre cuisson. Nous teignons et dispersons notre coloration \u00e0 l&#8217;aide de ces huiles, ce qui vous permet d&#8217;obtenir un r\u00e9sultat riche et \u00e9clatant. Meilleur dans la cr\u00e8me au beurre, la meringue suisse, le chocolat, la p\u00e2te \u00e0 g\u00e2teau, la...","og_url":"https:\/\/cakeshopsam.com\/?product=colour-mill-sea-mist","og_site_name":"CAKESHOPSAM","article_modified_time":"2025-10-21T21:42:13+00:00","og_image":[{"width":941,"height":1344,"url":"https:\/\/cakeshopsam.com\/wp-content\/uploads\/2021\/10\/sea-mist.png","type":"image\/png"}],"twitter_card":"summary_large_image","twitter_misc":{"Dur\u00e9e de lecture estim\u00e9e":"1 minute"},"schema":{"@context":"https:\/\/schema.org","@graph":[{"@type":"WebPage","@id":"https:\/\/cakeshopsam.com\/?product=colour-mill-sea-mist","url":"https:\/\/cakeshopsam.com\/?product=colour-mill-sea-mist","name":"colour mill sea mist - CAKESHOPSAM","isPartOf":{"@id":"https:\/\/cakeshopsam.com\/#website"},"primaryImageOfPage":{"@id":"https:\/\/cakeshopsam.com\/?product=colour-mill-sea-mist#primaryimage"},"image":{"@id":"https:\/\/cakeshopsam.com\/?product=colour-mill-sea-mist#primaryimage"},"thumbnailUrl":"https:\/\/i0.wp.com\/cakeshopsam.com\/wp-content\/uploads\/2021\/10\/sea-mist.png?fit=941%2C1344&ssl=1","datePublished":"2021-10-27T21:07:52+00:00","dateModified":"2025-10-21T21:42:13+00:00","breadcrumb":{"@id":"https:\/\/cakeshopsam.com\/?product=colour-mill-sea-mist#breadcrumb"},"inLanguage":"fr-FR","potentialAction":[{"@type":"ReadAction","target":["https:\/\/cakeshopsam.com\/?product=colour-mill-sea-mist"]}]},{"@type":"ImageObject","inLanguage":"fr-FR","@id":"https:\/\/cakeshopsam.com\/?product=colour-mill-sea-mist#primaryimage","url":"https:\/\/i0.wp.com\/cakeshopsam.com\/wp-content\/uploads\/2021\/10\/sea-mist.png?fit=941%2C1344&ssl=1","contentUrl":"https:\/\/i0.wp.com\/cakeshopsam.com\/wp-content\/uploads\/2021\/10\/sea-mist.png?fit=941%2C1344&ssl=1","width":941,"height":1344},{"@type":"BreadcrumbList","@id":"https:\/\/cakeshopsam.com\/?product=colour-mill-sea-mist#breadcrumb","itemListElement":[{"@type":"ListItem","position":1,"name":"Accueil","item":"https:\/\/cakeshopsam.com\/"},{"@type":"ListItem","position":2,"name":"Boutique","item":"https:\/\/cakeshopsam.com\/?page_id=305"},{"@type":"ListItem","position":3,"name":"colour mill sea mist"}]},{"@type":"WebSite","@id":"https:\/\/cakeshopsam.com\/#website","url":"https:\/\/cakeshopsam.com\/","name":"CAKESHOPSAM","description":"","publisher":{"@id":"https:\/\/cakeshopsam.com\/#organization"},"potentialAction":[{"@type":"SearchAction","target":{"@type":"EntryPoint","urlTemplate":"https:\/\/cakeshopsam.com\/?s={search_term_string}"},"query-input":{"@type":"PropertyValueSpecification","valueRequired":true,"valueName":"search_term_string"}}],"inLanguage":"fr-FR"},{"@type":"Organization","@id":"https:\/\/cakeshopsam.com\/#organization","name":"CAKESHOPSAM","url":"https:\/\/cakeshopsam.com\/","logo":{"@type":"ImageObject","inLanguage":"fr-FR","@id":"https:\/\/cakeshopsam.com\/#\/schema\/logo\/image\/","url":"https:\/\/cakeshopsam.com\/wp-content\/uploads\/2021\/06\/Design-sans-titre-5.svg","contentUrl":"https:\/\/cakeshopsam.com\/wp-content\/uploads\/2021\/06\/Design-sans-titre-5.svg","width":1080,"height":1080,"caption":"CAKESHOPSAM"},"image":{"@id":"https:\/\/cakeshopsam.com\/#\/schema\/logo\/image\/"}}]}},"jetpack_publicize_connections":[],"uagb_featured_image_src":{"full":["https:\/\/i0.wp.com\/cakeshopsam.com\/wp-content\/uploads\/2021\/10\/sea-mist.png?fit=941%2C1344&ssl=1",941,1344,false],"thumbnail":["https:\/\/i0.wp.com\/cakeshopsam.com\/wp-content\/uploads\/2021\/10\/sea-mist.png?resize=150%2C150&ssl=1",150,150,true],"medium":["https:\/\/i0.wp.com\/cakeshopsam.com\/wp-content\/uploads\/2021\/10\/sea-mist.png?fit=210%2C300&ssl=1",210,300,true],"medium_large":["https:\/\/i0.wp.com\/cakeshopsam.com\/wp-content\/uploads\/2021\/10\/sea-mist.png?fit=768%2C1097&ssl=1",768,1097,true],"large":["https:\/\/i0.wp.com\/cakeshopsam.com\/wp-content\/uploads\/2021\/10\/sea-mist.png?fit=717%2C1024&ssl=1",717,1024,true],"1536x1536":["https:\/\/i0.wp.com\/cakeshopsam.com\/wp-content\/uploads\/2021\/10\/sea-mist.png?fit=941%2C1344&ssl=1",941,1344,true],"2048x2048":["https:\/\/i0.wp.com\/cakeshopsam.com\/wp-content\/uploads\/2021\/10\/sea-mist.png?fit=941%2C1344&ssl=1",941,1344,true],"newspack-article-block-landscape-large":["https:\/\/i0.wp.com\/cakeshopsam.com\/wp-content\/uploads\/2021\/10\/sea-mist.png?resize=941%2C900&ssl=1",941,900,true],"newspack-article-block-portrait-large":["https:\/\/i0.wp.com\/cakeshopsam.com\/wp-content\/uploads\/2021\/10\/sea-mist.png?resize=900%2C1200&ssl=1",900,1200,true],"newspack-article-block-square-large":["https:\/\/i0.wp.com\/cakeshopsam.com\/wp-content\/uploads\/2021\/10\/sea-mist.png?resize=941%2C1200&ssl=1",941,1200,true],"newspack-article-block-landscape-medium":["https:\/\/i0.wp.com\/cakeshopsam.com\/wp-content\/uploads\/2021\/10\/sea-mist.png?resize=800%2C600&ssl=1",800,600,true],"newspack-article-block-portrait-medium":["https:\/\/i0.wp.com\/cakeshopsam.com\/wp-content\/uploads\/2021\/10\/sea-mist.png?resize=600%2C800&ssl=1",600,800,true],"newspack-article-block-square-medium":["https:\/\/i0.wp.com\/cakeshopsam.com\/wp-content\/uploads\/2021\/10\/sea-mist.png?resize=800%2C800&ssl=1",800,800,true],"newspack-article-block-landscape-intermediate":["https:\/\/i0.wp.com\/cakeshopsam.com\/wp-content\/uploads\/2021\/10\/sea-mist.png?resize=600%2C450&ssl=1",600,450,true],"newspack-article-block-portrait-intermediate":["https:\/\/i0.wp.com\/cakeshopsam.com\/wp-content\/uploads\/2021\/10\/sea-mist.png?resize=450%2C600&ssl=1",450,600,true],"newspack-article-block-square-intermediate":["https:\/\/i0.wp.com\/cakeshopsam.com\/wp-content\/uploads\/2021\/10\/sea-mist.png?resize=600%2C600&ssl=1",600,600,true],"newspack-article-block-landscape-small":["https:\/\/i0.wp.com\/cakeshopsam.com\/wp-content\/uploads\/2021\/10\/sea-mist.png?resize=400%2C300&ssl=1",400,300,true],"newspack-article-block-portrait-small":["https:\/\/i0.wp.com\/cakeshopsam.com\/wp-content\/uploads\/2021\/10\/sea-mist.png?resize=300%2C400&ssl=1",300,400,true],"newspack-article-block-square-small":["https:\/\/i0.wp.com\/cakeshopsam.com\/wp-content\/uploads\/2021\/10\/sea-mist.png?resize=400%2C400&ssl=1",400,400,true],"newspack-article-block-landscape-tiny":["https:\/\/i0.wp.com\/cakeshopsam.com\/wp-content\/uploads\/2021\/10\/sea-mist.png?resize=200%2C150&ssl=1",200,150,true],"newspack-article-block-portrait-tiny":["https:\/\/i0.wp.com\/cakeshopsam.com\/wp-content\/uploads\/2021\/10\/sea-mist.png?resize=150%2C200&ssl=1",150,200,true],"newspack-article-block-square-tiny":["https:\/\/i0.wp.com\/cakeshopsam.com\/wp-content\/uploads\/2021\/10\/sea-mist.png?resize=200%2C200&ssl=1",200,200,true],"newspack-article-block-uncropped":["https:\/\/i0.wp.com\/cakeshopsam.com\/wp-content\/uploads\/2021\/10\/sea-mist.png?fit=941%2C1344&ssl=1",941,1344,true],"woocommerce_thumbnail":["https:\/\/i0.wp.com\/cakeshopsam.com\/wp-content\/uploads\/2021\/10\/sea-mist.png?resize=300%2C300&ssl=1",300,300,true],"woocommerce_single":["https:\/\/i0.wp.com\/cakeshopsam.com\/wp-content\/uploads\/2021\/10\/sea-mist.png?fit=300%2C428&ssl=1",300,428,true],"woocommerce_gallery_thumbnail":["https:\/\/i0.wp.com\/cakeshopsam.com\/wp-content\/uploads\/2021\/10\/sea-mist.png?resize=100%2C100&ssl=1",100,100,true],"favicon":["https:\/\/i0.wp.com\/cakeshopsam.com\/wp-content\/uploads\/2021\/10\/sea-mist.png?resize=64%2C64&ssl=1",64,64,true],"apple-touch-icon":["https:\/\/i0.wp.com\/cakeshopsam.com\/wp-content\/uploads\/2021\/10\/sea-mist.png?resize=180%2C180&ssl=1",180,180,true]},"uagb_author_info":{"display_name":"samsam010101","author_link":"https:\/\/cakeshopsam.com\/?author=0"},"uagb_comment_info":0,"uagb_excerpt":"Contrairement aux colorants en gel conventionnels, notre m\u00e9lange unique aime les graisses et les huiles dans votre cuisson. Nous teignons et dispersons notre coloration \u00e0 l&#8217;aide de ces huiles, ce qui vous permet d&#8217;obtenir un r\u00e9sultat riche et \u00e9clatant. Meilleur dans la cr\u00e8me au beurre, la meringue suisse, le chocolat, la p\u00e2te \u00e0 g\u00e2teau, la...","jetpack_likes_enabled":true,"jetpack_sharing_enabled":true,"_links":{"self":[{"href":"https:\/\/cakeshopsam.com\/index.php?rest_route=\/wp\/v2\/product\/3136","targetHints":{"allow":["GET"]}}],"collection":[{"href":"https:\/\/cakeshopsam.com\/index.php?rest_route=\/wp\/v2\/product"}],"about":[{"href":"https:\/\/cakeshopsam.com\/index.php?rest_route=\/wp\/v2\/types\/product"}],"replies":[{"embeddable":true,"href":"https:\/\/cakeshopsam.com\/index.php?rest_route=%2Fwp%2Fv2%2Fcomments&post=3136"}],"version-history":[{"count":2,"href":"https:\/\/cakeshopsam.com\/index.php?rest_route=\/wp\/v2\/product\/3136\/revisions"}],"predecessor-version":[{"id":3139,"href":"https:\/\/cakeshopsam.com\/index.php?rest_route=\/wp\/v2\/product\/3136\/revisions\/3139"}],"wp:featuredmedia":[{"embeddable":true,"href":"https:\/\/cakeshopsam.com\/index.php?rest_route=\/wp\/v2\/media\/3137"}],"wp:attachment":[{"href":"https:\/\/cakeshopsam.com\/index.php?rest_route=%2Fwp%2Fv2%2Fmedia&parent=3136"}],"wp:term":[{"taxonomy":"product_brand","embeddable":true,"href":"https:\/\/cakeshopsam.com\/index.php?rest_route=%2Fwp%2Fv2%2Fproduct_brand&post=3136"},{"taxonomy":"product_cat","embeddable":true,"href":"https:\/\/cakeshopsam.com\/index.php?rest_route=%2Fwp%2Fv2%2Fproduct_cat&post=3136"},{"taxonomy":"product_tag","embeddable":true,"href":"https:\/\/cakeshopsam.com\/index.php?rest_route=%2Fwp%2Fv2%2Fproduct_tag&post=3136"}],"curies":[{"name":"wp","href":"https:\/\/api.w.org\/{rel}","templated":true}]}}