{"id":2882,"date":"2021-10-19T18:34:30","date_gmt":"2021-10-19T16:34:30","guid":{"rendered":"https:\/\/cakeshopsam.com\/?post_type=product&#038;p=2882"},"modified":"2025-09-12T23:32:42","modified_gmt":"2025-09-12T21:32:42","slug":"isomalt-fractal-200gr","status":"publish","type":"product","link":"https:\/\/cakeshopsam.com\/?product=isomalt-fractal-200gr","title":{"rendered":"isomalt fractal 500gr"},"content":{"rendered":"<p>Environ deux fois moins sucr\u00e9 que le sucre cristallis\u00e9 (saccharose), mais contrairement au sucre, il ne n\u00e9cessite pas d&#8217;insuline pour \u00eatre absorb\u00e9e par le corps.<\/p>\n<p>\u00c0 environ 2,4 kcal\/g, son contenu \u00e9nerg\u00e9tique est l\u00e9g\u00e8rement inf\u00e9rieur \u00e0 celui du sucre.<\/p>\n<p>Ce succ\u00e9dan\u00e9 du sucre est r\u00e9sistant \u00e0 la chaleur et aux acides et s&#8217;harmonise bien avec les autres succ\u00e9dan\u00e9s du sucre et les \u00e9dulcorants.<\/p>\n<p>Dans l&#8217;industrie alimentaire, l&#8217;isomalt est principalement utilis\u00e9 dans les aliments \u00e0 teneur \u00e9nerg\u00e9tique r\u00e9duite.<\/p>\n<p>Malgr\u00e9 sa douceur, il ne provoque pas de carie dentaire.<\/p>\n","protected":false},"excerpt":{"rendered":"<p>Environ deux fois moins sucr\u00e9 que le sucre cristallis\u00e9 (saccharose), mais contrairement au sucre, il ne n\u00e9cessite pas d&#8217;insuline pour \u00eatre absorb\u00e9e par le corps. \u00c0 environ 2,4 kcal\/g, son contenu \u00e9nerg\u00e9tique est l\u00e9g\u00e8rement inf\u00e9rieur \u00e0 celui du sucre. Ce succ\u00e9dan\u00e9 du sucre est r\u00e9sistant \u00e0 la chaleur et aux acides et s&#8217;harmonise bien avec&#8230;<\/p>\n","protected":false},"featured_media":3557,"comment_status":"open","ping_status":"closed","template":"","meta":{"_uag_custom_page_level_css":"","_kad_post_transparent":"default","_kad_post_title":"","_kad_post_layout":"default","_kad_post_sidebar_id":"","_kad_post_content_style":"default","_kad_post_vertical_padding":"default","_kad_post_feature":"","_kad_post_feature_position":"","_kad_post_header":false,"_kad_post_footer":false,"jetpack_post_was_ever_published":false,"jetpack_publicize_message":"","jetpack_publicize_feature_enabled":true,"jetpack_social_post_already_shared":true,"jetpack_social_options":{"image_generator_settings":{"template":"highway","default_image_id":0,"font":"","enabled":false},"version":2},"_wpas_customize_per_network":false},"product_brand":[],"product_cat":[6367,6362],"product_tag":[],"class_list":{"0":"post-2882","1":"product","2":"type-product","3":"status-publish","4":"has-post-thumbnail","6":"product_cat-ingredients","7":"product_cat-toppers","9":"first","10":"instock","11":"sale","12":"taxable","13":"shipping-taxable","14":"purchasable","15":"product-type-variable","16":"entry","17":"content-bg","18":"loop-entry"},"yoast_head":"<!-- This site is optimized with the Yoast SEO plugin v27.3 - https:\/\/yoast.com\/product\/yoast-seo-wordpress\/ -->\n<title>isomalt fractal 500gr - CAKESHOPSAM<\/title>\n<meta name=\"robots\" content=\"index, follow, max-snippet:-1, max-image-preview:large, max-video-preview:-1\" \/>\n<link rel=\"canonical\" href=\"https:\/\/cakeshopsam.com\/?product=isomalt-fractal-200gr\" \/>\n<meta property=\"og:locale\" content=\"fr_FR\" \/>\n<meta property=\"og:type\" content=\"article\" \/>\n<meta property=\"og:title\" content=\"isomalt fractal 500gr - CAKESHOPSAM\" \/>\n<meta property=\"og:description\" content=\"Environ deux fois moins sucr\u00e9 que le sucre cristallis\u00e9 (saccharose), mais contrairement au sucre, il ne n\u00e9cessite pas d&#8217;insuline pour \u00eatre absorb\u00e9e par le corps. \u00c0 environ 2,4 kcal\/g, son contenu \u00e9nerg\u00e9tique est l\u00e9g\u00e8rement inf\u00e9rieur \u00e0 celui du sucre. Ce succ\u00e9dan\u00e9 du sucre est r\u00e9sistant \u00e0 la chaleur et aux acides et s&#8217;harmonise bien avec...\" \/>\n<meta property=\"og:url\" content=\"https:\/\/cakeshopsam.com\/?product=isomalt-fractal-200gr\" \/>\n<meta property=\"og:site_name\" content=\"CAKESHOPSAM\" \/>\n<meta property=\"article:modified_time\" content=\"2025-09-12T21:32:42+00:00\" \/>\n<meta property=\"og:image\" content=\"https:\/\/cakeshopsam.com\/wp-content\/uploads\/2021\/10\/fractal-500-gr.jpg\" \/>\n\t<meta property=\"og:image:width\" content=\"714\" \/>\n\t<meta property=\"og:image:height\" content=\"714\" \/>\n\t<meta property=\"og:image:type\" content=\"image\/jpeg\" \/>\n<meta name=\"twitter:card\" content=\"summary_large_image\" \/>\n<meta name=\"twitter:label1\" content=\"Dur\u00e9e de lecture estim\u00e9e\" \/>\n\t<meta name=\"twitter:data1\" content=\"1 minute\" \/>\n<script type=\"application\/ld+json\" class=\"yoast-schema-graph\">{\"@context\":\"https:\\\/\\\/schema.org\",\"@graph\":[{\"@type\":\"WebPage\",\"@id\":\"https:\\\/\\\/cakeshopsam.com\\\/?product=isomalt-fractal-200gr\",\"url\":\"https:\\\/\\\/cakeshopsam.com\\\/?product=isomalt-fractal-200gr\",\"name\":\"isomalt fractal 500gr - CAKESHOPSAM\",\"isPartOf\":{\"@id\":\"https:\\\/\\\/cakeshopsam.com\\\/#website\"},\"primaryImageOfPage\":{\"@id\":\"https:\\\/\\\/cakeshopsam.com\\\/?product=isomalt-fractal-200gr#primaryimage\"},\"image\":{\"@id\":\"https:\\\/\\\/cakeshopsam.com\\\/?product=isomalt-fractal-200gr#primaryimage\"},\"thumbnailUrl\":\"https:\\\/\\\/i0.wp.com\\\/cakeshopsam.com\\\/wp-content\\\/uploads\\\/2021\\\/10\\\/fractal-500-gr.jpg?fit=714%2C714&ssl=1\",\"datePublished\":\"2021-10-19T16:34:30+00:00\",\"dateModified\":\"2025-09-12T21:32:42+00:00\",\"breadcrumb\":{\"@id\":\"https:\\\/\\\/cakeshopsam.com\\\/?product=isomalt-fractal-200gr#breadcrumb\"},\"inLanguage\":\"fr-FR\",\"potentialAction\":[{\"@type\":\"ReadAction\",\"target\":[\"https:\\\/\\\/cakeshopsam.com\\\/?product=isomalt-fractal-200gr\"]}]},{\"@type\":\"ImageObject\",\"inLanguage\":\"fr-FR\",\"@id\":\"https:\\\/\\\/cakeshopsam.com\\\/?product=isomalt-fractal-200gr#primaryimage\",\"url\":\"https:\\\/\\\/i0.wp.com\\\/cakeshopsam.com\\\/wp-content\\\/uploads\\\/2021\\\/10\\\/fractal-500-gr.jpg?fit=714%2C714&ssl=1\",\"contentUrl\":\"https:\\\/\\\/i0.wp.com\\\/cakeshopsam.com\\\/wp-content\\\/uploads\\\/2021\\\/10\\\/fractal-500-gr.jpg?fit=714%2C714&ssl=1\",\"width\":714,\"height\":714},{\"@type\":\"BreadcrumbList\",\"@id\":\"https:\\\/\\\/cakeshopsam.com\\\/?product=isomalt-fractal-200gr#breadcrumb\",\"itemListElement\":[{\"@type\":\"ListItem\",\"position\":1,\"name\":\"Accueil\",\"item\":\"https:\\\/\\\/cakeshopsam.com\\\/\"},{\"@type\":\"ListItem\",\"position\":2,\"name\":\"Boutique\",\"item\":\"https:\\\/\\\/cakeshopsam.com\\\/?page_id=305\"},{\"@type\":\"ListItem\",\"position\":3,\"name\":\"isomalt fractal 500gr\"}]},{\"@type\":\"WebSite\",\"@id\":\"https:\\\/\\\/cakeshopsam.com\\\/#website\",\"url\":\"https:\\\/\\\/cakeshopsam.com\\\/\",\"name\":\"CAKESHOPSAM\",\"description\":\"\",\"publisher\":{\"@id\":\"https:\\\/\\\/cakeshopsam.com\\\/#organization\"},\"potentialAction\":[{\"@type\":\"SearchAction\",\"target\":{\"@type\":\"EntryPoint\",\"urlTemplate\":\"https:\\\/\\\/cakeshopsam.com\\\/?s={search_term_string}\"},\"query-input\":{\"@type\":\"PropertyValueSpecification\",\"valueRequired\":true,\"valueName\":\"search_term_string\"}}],\"inLanguage\":\"fr-FR\"},{\"@type\":\"Organization\",\"@id\":\"https:\\\/\\\/cakeshopsam.com\\\/#organization\",\"name\":\"CAKESHOPSAM\",\"url\":\"https:\\\/\\\/cakeshopsam.com\\\/\",\"logo\":{\"@type\":\"ImageObject\",\"inLanguage\":\"fr-FR\",\"@id\":\"https:\\\/\\\/cakeshopsam.com\\\/#\\\/schema\\\/logo\\\/image\\\/\",\"url\":\"https:\\\/\\\/cakeshopsam.com\\\/wp-content\\\/uploads\\\/2021\\\/06\\\/Design-sans-titre-5.svg\",\"contentUrl\":\"https:\\\/\\\/cakeshopsam.com\\\/wp-content\\\/uploads\\\/2021\\\/06\\\/Design-sans-titre-5.svg\",\"width\":1080,\"height\":1080,\"caption\":\"CAKESHOPSAM\"},\"image\":{\"@id\":\"https:\\\/\\\/cakeshopsam.com\\\/#\\\/schema\\\/logo\\\/image\\\/\"}}]}<\/script>\n<!-- \/ Yoast SEO plugin. -->","yoast_head_json":{"title":"isomalt fractal 500gr - CAKESHOPSAM","robots":{"index":"index","follow":"follow","max-snippet":"max-snippet:-1","max-image-preview":"max-image-preview:large","max-video-preview":"max-video-preview:-1"},"canonical":"https:\/\/cakeshopsam.com\/?product=isomalt-fractal-200gr","og_locale":"fr_FR","og_type":"article","og_title":"isomalt fractal 500gr - CAKESHOPSAM","og_description":"Environ deux fois moins sucr\u00e9 que le sucre cristallis\u00e9 (saccharose), mais contrairement au sucre, il ne n\u00e9cessite pas d&#8217;insuline pour \u00eatre absorb\u00e9e par le corps. \u00c0 environ 2,4 kcal\/g, son contenu \u00e9nerg\u00e9tique est l\u00e9g\u00e8rement inf\u00e9rieur \u00e0 celui du sucre. Ce succ\u00e9dan\u00e9 du sucre est r\u00e9sistant \u00e0 la chaleur et aux acides et s&#8217;harmonise bien avec...","og_url":"https:\/\/cakeshopsam.com\/?product=isomalt-fractal-200gr","og_site_name":"CAKESHOPSAM","article_modified_time":"2025-09-12T21:32:42+00:00","og_image":[{"width":714,"height":714,"url":"https:\/\/cakeshopsam.com\/wp-content\/uploads\/2021\/10\/fractal-500-gr.jpg","type":"image\/jpeg"}],"twitter_card":"summary_large_image","twitter_misc":{"Dur\u00e9e de lecture estim\u00e9e":"1 minute"},"schema":{"@context":"https:\/\/schema.org","@graph":[{"@type":"WebPage","@id":"https:\/\/cakeshopsam.com\/?product=isomalt-fractal-200gr","url":"https:\/\/cakeshopsam.com\/?product=isomalt-fractal-200gr","name":"isomalt fractal 500gr - CAKESHOPSAM","isPartOf":{"@id":"https:\/\/cakeshopsam.com\/#website"},"primaryImageOfPage":{"@id":"https:\/\/cakeshopsam.com\/?product=isomalt-fractal-200gr#primaryimage"},"image":{"@id":"https:\/\/cakeshopsam.com\/?product=isomalt-fractal-200gr#primaryimage"},"thumbnailUrl":"https:\/\/i0.wp.com\/cakeshopsam.com\/wp-content\/uploads\/2021\/10\/fractal-500-gr.jpg?fit=714%2C714&ssl=1","datePublished":"2021-10-19T16:34:30+00:00","dateModified":"2025-09-12T21:32:42+00:00","breadcrumb":{"@id":"https:\/\/cakeshopsam.com\/?product=isomalt-fractal-200gr#breadcrumb"},"inLanguage":"fr-FR","potentialAction":[{"@type":"ReadAction","target":["https:\/\/cakeshopsam.com\/?product=isomalt-fractal-200gr"]}]},{"@type":"ImageObject","inLanguage":"fr-FR","@id":"https:\/\/cakeshopsam.com\/?product=isomalt-fractal-200gr#primaryimage","url":"https:\/\/i0.wp.com\/cakeshopsam.com\/wp-content\/uploads\/2021\/10\/fractal-500-gr.jpg?fit=714%2C714&ssl=1","contentUrl":"https:\/\/i0.wp.com\/cakeshopsam.com\/wp-content\/uploads\/2021\/10\/fractal-500-gr.jpg?fit=714%2C714&ssl=1","width":714,"height":714},{"@type":"BreadcrumbList","@id":"https:\/\/cakeshopsam.com\/?product=isomalt-fractal-200gr#breadcrumb","itemListElement":[{"@type":"ListItem","position":1,"name":"Accueil","item":"https:\/\/cakeshopsam.com\/"},{"@type":"ListItem","position":2,"name":"Boutique","item":"https:\/\/cakeshopsam.com\/?page_id=305"},{"@type":"ListItem","position":3,"name":"isomalt fractal 500gr"}]},{"@type":"WebSite","@id":"https:\/\/cakeshopsam.com\/#website","url":"https:\/\/cakeshopsam.com\/","name":"CAKESHOPSAM","description":"","publisher":{"@id":"https:\/\/cakeshopsam.com\/#organization"},"potentialAction":[{"@type":"SearchAction","target":{"@type":"EntryPoint","urlTemplate":"https:\/\/cakeshopsam.com\/?s={search_term_string}"},"query-input":{"@type":"PropertyValueSpecification","valueRequired":true,"valueName":"search_term_string"}}],"inLanguage":"fr-FR"},{"@type":"Organization","@id":"https:\/\/cakeshopsam.com\/#organization","name":"CAKESHOPSAM","url":"https:\/\/cakeshopsam.com\/","logo":{"@type":"ImageObject","inLanguage":"fr-FR","@id":"https:\/\/cakeshopsam.com\/#\/schema\/logo\/image\/","url":"https:\/\/cakeshopsam.com\/wp-content\/uploads\/2021\/06\/Design-sans-titre-5.svg","contentUrl":"https:\/\/cakeshopsam.com\/wp-content\/uploads\/2021\/06\/Design-sans-titre-5.svg","width":1080,"height":1080,"caption":"CAKESHOPSAM"},"image":{"@id":"https:\/\/cakeshopsam.com\/#\/schema\/logo\/image\/"}}]}},"jetpack_publicize_connections":[],"uagb_featured_image_src":{"full":["https:\/\/i0.wp.com\/cakeshopsam.com\/wp-content\/uploads\/2021\/10\/fractal-500-gr.jpg?fit=714%2C714&ssl=1",714,714,false],"thumbnail":["https:\/\/i0.wp.com\/cakeshopsam.com\/wp-content\/uploads\/2021\/10\/fractal-500-gr.jpg?resize=150%2C150&ssl=1",150,150,true],"medium":["https:\/\/i0.wp.com\/cakeshopsam.com\/wp-content\/uploads\/2021\/10\/fractal-500-gr.jpg?fit=300%2C300&ssl=1",300,300,true],"medium_large":["https:\/\/i0.wp.com\/cakeshopsam.com\/wp-content\/uploads\/2021\/10\/fractal-500-gr.jpg?fit=714%2C714&ssl=1",714,714,true],"large":["https:\/\/i0.wp.com\/cakeshopsam.com\/wp-content\/uploads\/2021\/10\/fractal-500-gr.jpg?fit=714%2C714&ssl=1",714,714,true],"1536x1536":["https:\/\/i0.wp.com\/cakeshopsam.com\/wp-content\/uploads\/2021\/10\/fractal-500-gr.jpg?fit=714%2C714&ssl=1",714,714,true],"2048x2048":["https:\/\/i0.wp.com\/cakeshopsam.com\/wp-content\/uploads\/2021\/10\/fractal-500-gr.jpg?fit=714%2C714&ssl=1",714,714,true],"newspack-article-block-landscape-large":["https:\/\/i0.wp.com\/cakeshopsam.com\/wp-content\/uploads\/2021\/10\/fractal-500-gr.jpg?resize=714%2C714&ssl=1",714,714,true],"newspack-article-block-portrait-large":["https:\/\/i0.wp.com\/cakeshopsam.com\/wp-content\/uploads\/2021\/10\/fractal-500-gr.jpg?resize=714%2C714&ssl=1",714,714,true],"newspack-article-block-square-large":["https:\/\/i0.wp.com\/cakeshopsam.com\/wp-content\/uploads\/2021\/10\/fractal-500-gr.jpg?resize=714%2C714&ssl=1",714,714,true],"newspack-article-block-landscape-medium":["https:\/\/i0.wp.com\/cakeshopsam.com\/wp-content\/uploads\/2021\/10\/fractal-500-gr.jpg?resize=714%2C600&ssl=1",714,600,true],"newspack-article-block-portrait-medium":["https:\/\/i0.wp.com\/cakeshopsam.com\/wp-content\/uploads\/2021\/10\/fractal-500-gr.jpg?resize=600%2C714&ssl=1",600,714,true],"newspack-article-block-square-medium":["https:\/\/i0.wp.com\/cakeshopsam.com\/wp-content\/uploads\/2021\/10\/fractal-500-gr.jpg?resize=714%2C714&ssl=1",714,714,true],"newspack-article-block-landscape-intermediate":["https:\/\/i0.wp.com\/cakeshopsam.com\/wp-content\/uploads\/2021\/10\/fractal-500-gr.jpg?resize=600%2C450&ssl=1",600,450,true],"newspack-article-block-portrait-intermediate":["https:\/\/i0.wp.com\/cakeshopsam.com\/wp-content\/uploads\/2021\/10\/fractal-500-gr.jpg?resize=450%2C600&ssl=1",450,600,true],"newspack-article-block-square-intermediate":["https:\/\/i0.wp.com\/cakeshopsam.com\/wp-content\/uploads\/2021\/10\/fractal-500-gr.jpg?resize=600%2C600&ssl=1",600,600,true],"newspack-article-block-landscape-small":["https:\/\/i0.wp.com\/cakeshopsam.com\/wp-content\/uploads\/2021\/10\/fractal-500-gr.jpg?resize=400%2C300&ssl=1",400,300,true],"newspack-article-block-portrait-small":["https:\/\/i0.wp.com\/cakeshopsam.com\/wp-content\/uploads\/2021\/10\/fractal-500-gr.jpg?resize=300%2C400&ssl=1",300,400,true],"newspack-article-block-square-small":["https:\/\/i0.wp.com\/cakeshopsam.com\/wp-content\/uploads\/2021\/10\/fractal-500-gr.jpg?resize=400%2C400&ssl=1",400,400,true],"newspack-article-block-landscape-tiny":["https:\/\/i0.wp.com\/cakeshopsam.com\/wp-content\/uploads\/2021\/10\/fractal-500-gr.jpg?resize=200%2C150&ssl=1",200,150,true],"newspack-article-block-portrait-tiny":["https:\/\/i0.wp.com\/cakeshopsam.com\/wp-content\/uploads\/2021\/10\/fractal-500-gr.jpg?resize=150%2C200&ssl=1",150,200,true],"newspack-article-block-square-tiny":["https:\/\/i0.wp.com\/cakeshopsam.com\/wp-content\/uploads\/2021\/10\/fractal-500-gr.jpg?resize=200%2C200&ssl=1",200,200,true],"newspack-article-block-uncropped":["https:\/\/i0.wp.com\/cakeshopsam.com\/wp-content\/uploads\/2021\/10\/fractal-500-gr.jpg?fit=714%2C714&ssl=1",714,714,true],"woocommerce_thumbnail":["https:\/\/i0.wp.com\/cakeshopsam.com\/wp-content\/uploads\/2021\/10\/fractal-500-gr.jpg?resize=300%2C300&ssl=1",300,300,true],"woocommerce_single":["https:\/\/i0.wp.com\/cakeshopsam.com\/wp-content\/uploads\/2021\/10\/fractal-500-gr.jpg?fit=300%2C300&ssl=1",300,300,true],"woocommerce_gallery_thumbnail":["https:\/\/i0.wp.com\/cakeshopsam.com\/wp-content\/uploads\/2021\/10\/fractal-500-gr.jpg?resize=100%2C100&ssl=1",100,100,true],"favicon":["https:\/\/i0.wp.com\/cakeshopsam.com\/wp-content\/uploads\/2021\/10\/fractal-500-gr.jpg?resize=64%2C64&ssl=1",64,64,true],"apple-touch-icon":["https:\/\/i0.wp.com\/cakeshopsam.com\/wp-content\/uploads\/2021\/10\/fractal-500-gr.jpg?resize=180%2C180&ssl=1",180,180,true]},"uagb_author_info":{"display_name":"samsam010101","author_link":"https:\/\/cakeshopsam.com\/?author=0"},"uagb_comment_info":0,"uagb_excerpt":"Environ deux fois moins sucr\u00e9 que le sucre cristallis\u00e9 (saccharose), mais contrairement au sucre, il ne n\u00e9cessite pas d&#8217;insuline pour \u00eatre absorb\u00e9e par le corps. \u00c0 environ 2,4 kcal\/g, son contenu \u00e9nerg\u00e9tique est l\u00e9g\u00e8rement inf\u00e9rieur \u00e0 celui du sucre. Ce succ\u00e9dan\u00e9 du sucre est r\u00e9sistant \u00e0 la chaleur et aux acides et s&#8217;harmonise bien avec...","jetpack_likes_enabled":true,"jetpack_sharing_enabled":true,"_links":{"self":[{"href":"https:\/\/cakeshopsam.com\/index.php?rest_route=\/wp\/v2\/product\/2882","targetHints":{"allow":["GET"]}}],"collection":[{"href":"https:\/\/cakeshopsam.com\/index.php?rest_route=\/wp\/v2\/product"}],"about":[{"href":"https:\/\/cakeshopsam.com\/index.php?rest_route=\/wp\/v2\/types\/product"}],"replies":[{"embeddable":true,"href":"https:\/\/cakeshopsam.com\/index.php?rest_route=%2Fwp%2Fv2%2Fcomments&post=2882"}],"version-history":[{"count":4,"href":"https:\/\/cakeshopsam.com\/index.php?rest_route=\/wp\/v2\/product\/2882\/revisions"}],"predecessor-version":[{"id":3556,"href":"https:\/\/cakeshopsam.com\/index.php?rest_route=\/wp\/v2\/product\/2882\/revisions\/3556"}],"wp:featuredmedia":[{"embeddable":true,"href":"https:\/\/cakeshopsam.com\/index.php?rest_route=\/wp\/v2\/media\/3557"}],"wp:attachment":[{"href":"https:\/\/cakeshopsam.com\/index.php?rest_route=%2Fwp%2Fv2%2Fmedia&parent=2882"}],"wp:term":[{"taxonomy":"product_brand","embeddable":true,"href":"https:\/\/cakeshopsam.com\/index.php?rest_route=%2Fwp%2Fv2%2Fproduct_brand&post=2882"},{"taxonomy":"product_cat","embeddable":true,"href":"https:\/\/cakeshopsam.com\/index.php?rest_route=%2Fwp%2Fv2%2Fproduct_cat&post=2882"},{"taxonomy":"product_tag","embeddable":true,"href":"https:\/\/cakeshopsam.com\/index.php?rest_route=%2Fwp%2Fv2%2Fproduct_tag&post=2882"}],"curies":[{"name":"wp","href":"https:\/\/api.w.org\/{rel}","templated":true}]}}