{"id":2539,"date":"2021-09-30T16:12:10","date_gmt":"2021-09-30T14:12:10","guid":{"rendered":"https:\/\/cakeshopsam.com\/?post_type=product&#038;p=2539"},"modified":"2025-09-25T17:17:23","modified_gmt":"2025-09-25T15:17:23","slug":"feuille-dor-alimentaire-sugarflair-24-carat","status":"publish","type":"product","link":"https:\/\/cakeshopsam.com\/?product=feuille-dor-alimentaire-sugarflair-24-carat","title":{"rendered":"feuille d&#8217;or alimentaire sugarflair 24 carat"},"content":{"rendered":"<p>&nbsp;<\/p>\n<div class=\"product attribute description\">\n<div class=\"value\">\n<p>Donnez \u00e0 vos pr\u00e9parations un aspect luxueux gr\u00e2ce \u00e0 cette feuille d&#8217;or 24 carats de Sugarflair ! Parfait pour les g\u00e2teaux de mariage.<\/p>\n<p>Mode d&#8217;emploi :<br \/>\nD\u00e9couper la forme souhait\u00e9e avec des ciseaux, \u00e9viter tout contact excessif avec l&#8217;or. Graisser la surface d\u00e9sir\u00e9e avec une fine couche de colle comestible ou de gla\u00e7age de confiseur, assurez-vous que la surface soit l\u00e9g\u00e8rement plus grande que n\u00e9cessaire. Placez la feuille soigneusement et prudemment. Veuillez noter qu&#8217;une fois en place, la feuille ne pourra plus \u00eatre d\u00e9plac\u00e9e. Laisser reposer une minute avant de retirer le papier \u00e0 l&#8217;aide d&#8217;une pince en effectuant un lent un mouvement ascendant. Laissez s\u00e9cher pendant 24h pour qu&#8217;elle se solidifie.<\/p>\n<p>Ingr\u00e9dients : feuille d&#8217;or (24 carats).<\/p>\n<p>Contenu : 1 feuille de 8 x 8 cm.<\/p>\n<\/div>\n<\/div>\n","protected":false},"excerpt":{"rendered":"<p>&nbsp; Donnez \u00e0 vos pr\u00e9parations un aspect luxueux gr\u00e2ce \u00e0 cette feuille d&#8217;or 24 carats de Sugarflair ! Parfait pour les g\u00e2teaux de mariage. Mode d&#8217;emploi : D\u00e9couper la forme souhait\u00e9e avec des ciseaux, \u00e9viter tout contact excessif avec l&#8217;or. Graisser la surface d\u00e9sir\u00e9e avec une fine couche de colle comestible ou de gla\u00e7age de&#8230;<\/p>\n","protected":false},"featured_media":2541,"comment_status":"open","ping_status":"closed","template":"","meta":{"_uag_custom_page_level_css":"","_kad_post_transparent":"default","_kad_post_title":"","_kad_post_layout":"default","_kad_post_sidebar_id":"","_kad_post_content_style":"default","_kad_post_vertical_padding":"default","_kad_post_feature":"","_kad_post_feature_position":"","_kad_post_header":false,"_kad_post_footer":false,"jetpack_post_was_ever_published":false,"jetpack_publicize_message":"","jetpack_publicize_feature_enabled":true,"jetpack_social_post_already_shared":true,"jetpack_social_options":{"image_generator_settings":{"template":"highway","default_image_id":0,"font":"","enabled":false},"version":2},"_wpas_customize_per_network":false},"product_brand":[],"product_cat":[6379,6367,6362],"product_tag":[],"class_list":{"0":"post-2539","1":"product","2":"type-product","3":"status-publish","4":"has-post-thumbnail","6":"product_cat-accessoires","7":"product_cat-ingredients","8":"product_cat-toppers","10":"first","11":"instock","12":"taxable","13":"shipping-taxable","14":"purchasable","15":"product-type-simple","16":"entry","17":"content-bg","18":"loop-entry"},"yoast_head":"<!-- This site is optimized with the Yoast SEO plugin v27.3 - https:\/\/yoast.com\/product\/yoast-seo-wordpress\/ -->\n<title>feuille d&#039;or alimentaire sugarflair 24 carat - CAKESHOPSAM<\/title>\n<meta name=\"robots\" content=\"index, follow, max-snippet:-1, max-image-preview:large, max-video-preview:-1\" \/>\n<link rel=\"canonical\" href=\"https:\/\/cakeshopsam.com\/?product=feuille-dor-alimentaire-sugarflair-24-carat\" \/>\n<meta property=\"og:locale\" content=\"fr_FR\" \/>\n<meta property=\"og:type\" content=\"article\" \/>\n<meta property=\"og:title\" content=\"feuille d&#039;or alimentaire sugarflair 24 carat - CAKESHOPSAM\" \/>\n<meta property=\"og:description\" content=\"&nbsp; Donnez \u00e0 vos pr\u00e9parations un aspect luxueux gr\u00e2ce \u00e0 cette feuille d&#8217;or 24 carats de Sugarflair ! Parfait pour les g\u00e2teaux de mariage. Mode d&#8217;emploi : D\u00e9couper la forme souhait\u00e9e avec des ciseaux, \u00e9viter tout contact excessif avec l&#8217;or. Graisser la surface d\u00e9sir\u00e9e avec une fine couche de colle comestible ou de gla\u00e7age de...\" \/>\n<meta property=\"og:url\" content=\"https:\/\/cakeshopsam.com\/?product=feuille-dor-alimentaire-sugarflair-24-carat\" \/>\n<meta property=\"og:site_name\" content=\"CAKESHOPSAM\" \/>\n<meta property=\"article:modified_time\" content=\"2025-09-25T15:17:23+00:00\" \/>\n<meta property=\"og:image\" content=\"https:\/\/cakeshopsam.com\/wp-content\/uploads\/2021\/09\/gold-24-carat.jpg\" \/>\n\t<meta property=\"og:image:width\" content=\"1200\" \/>\n\t<meta property=\"og:image:height\" content=\"1200\" \/>\n\t<meta property=\"og:image:type\" content=\"image\/jpeg\" \/>\n<meta name=\"twitter:card\" content=\"summary_large_image\" \/>\n<meta name=\"twitter:label1\" content=\"Dur\u00e9e de lecture estim\u00e9e\" \/>\n\t<meta name=\"twitter:data1\" content=\"1 minute\" \/>\n<script type=\"application\/ld+json\" class=\"yoast-schema-graph\">{\"@context\":\"https:\\\/\\\/schema.org\",\"@graph\":[{\"@type\":\"WebPage\",\"@id\":\"https:\\\/\\\/cakeshopsam.com\\\/?product=feuille-dor-alimentaire-sugarflair-24-carat\",\"url\":\"https:\\\/\\\/cakeshopsam.com\\\/?product=feuille-dor-alimentaire-sugarflair-24-carat\",\"name\":\"feuille d'or alimentaire sugarflair 24 carat - CAKESHOPSAM\",\"isPartOf\":{\"@id\":\"https:\\\/\\\/cakeshopsam.com\\\/#website\"},\"primaryImageOfPage\":{\"@id\":\"https:\\\/\\\/cakeshopsam.com\\\/?product=feuille-dor-alimentaire-sugarflair-24-carat#primaryimage\"},\"image\":{\"@id\":\"https:\\\/\\\/cakeshopsam.com\\\/?product=feuille-dor-alimentaire-sugarflair-24-carat#primaryimage\"},\"thumbnailUrl\":\"https:\\\/\\\/i0.wp.com\\\/cakeshopsam.com\\\/wp-content\\\/uploads\\\/2021\\\/09\\\/gold-24-carat.jpg?fit=1200%2C1200&ssl=1\",\"datePublished\":\"2021-09-30T14:12:10+00:00\",\"dateModified\":\"2025-09-25T15:17:23+00:00\",\"breadcrumb\":{\"@id\":\"https:\\\/\\\/cakeshopsam.com\\\/?product=feuille-dor-alimentaire-sugarflair-24-carat#breadcrumb\"},\"inLanguage\":\"fr-FR\",\"potentialAction\":[{\"@type\":\"ReadAction\",\"target\":[\"https:\\\/\\\/cakeshopsam.com\\\/?product=feuille-dor-alimentaire-sugarflair-24-carat\"]}]},{\"@type\":\"ImageObject\",\"inLanguage\":\"fr-FR\",\"@id\":\"https:\\\/\\\/cakeshopsam.com\\\/?product=feuille-dor-alimentaire-sugarflair-24-carat#primaryimage\",\"url\":\"https:\\\/\\\/i0.wp.com\\\/cakeshopsam.com\\\/wp-content\\\/uploads\\\/2021\\\/09\\\/gold-24-carat.jpg?fit=1200%2C1200&ssl=1\",\"contentUrl\":\"https:\\\/\\\/i0.wp.com\\\/cakeshopsam.com\\\/wp-content\\\/uploads\\\/2021\\\/09\\\/gold-24-carat.jpg?fit=1200%2C1200&ssl=1\",\"width\":1200,\"height\":1200},{\"@type\":\"BreadcrumbList\",\"@id\":\"https:\\\/\\\/cakeshopsam.com\\\/?product=feuille-dor-alimentaire-sugarflair-24-carat#breadcrumb\",\"itemListElement\":[{\"@type\":\"ListItem\",\"position\":1,\"name\":\"Accueil\",\"item\":\"https:\\\/\\\/cakeshopsam.com\\\/\"},{\"@type\":\"ListItem\",\"position\":2,\"name\":\"Boutique\",\"item\":\"https:\\\/\\\/cakeshopsam.com\\\/?page_id=305\"},{\"@type\":\"ListItem\",\"position\":3,\"name\":\"feuille d&#8217;or alimentaire sugarflair 24 carat\"}]},{\"@type\":\"WebSite\",\"@id\":\"https:\\\/\\\/cakeshopsam.com\\\/#website\",\"url\":\"https:\\\/\\\/cakeshopsam.com\\\/\",\"name\":\"CAKESHOPSAM\",\"description\":\"\",\"publisher\":{\"@id\":\"https:\\\/\\\/cakeshopsam.com\\\/#organization\"},\"potentialAction\":[{\"@type\":\"SearchAction\",\"target\":{\"@type\":\"EntryPoint\",\"urlTemplate\":\"https:\\\/\\\/cakeshopsam.com\\\/?s={search_term_string}\"},\"query-input\":{\"@type\":\"PropertyValueSpecification\",\"valueRequired\":true,\"valueName\":\"search_term_string\"}}],\"inLanguage\":\"fr-FR\"},{\"@type\":\"Organization\",\"@id\":\"https:\\\/\\\/cakeshopsam.com\\\/#organization\",\"name\":\"CAKESHOPSAM\",\"url\":\"https:\\\/\\\/cakeshopsam.com\\\/\",\"logo\":{\"@type\":\"ImageObject\",\"inLanguage\":\"fr-FR\",\"@id\":\"https:\\\/\\\/cakeshopsam.com\\\/#\\\/schema\\\/logo\\\/image\\\/\",\"url\":\"https:\\\/\\\/cakeshopsam.com\\\/wp-content\\\/uploads\\\/2021\\\/06\\\/Design-sans-titre-5.svg\",\"contentUrl\":\"https:\\\/\\\/cakeshopsam.com\\\/wp-content\\\/uploads\\\/2021\\\/06\\\/Design-sans-titre-5.svg\",\"width\":1080,\"height\":1080,\"caption\":\"CAKESHOPSAM\"},\"image\":{\"@id\":\"https:\\\/\\\/cakeshopsam.com\\\/#\\\/schema\\\/logo\\\/image\\\/\"}}]}<\/script>\n<!-- \/ Yoast SEO plugin. -->","yoast_head_json":{"title":"feuille d'or alimentaire sugarflair 24 carat - CAKESHOPSAM","robots":{"index":"index","follow":"follow","max-snippet":"max-snippet:-1","max-image-preview":"max-image-preview:large","max-video-preview":"max-video-preview:-1"},"canonical":"https:\/\/cakeshopsam.com\/?product=feuille-dor-alimentaire-sugarflair-24-carat","og_locale":"fr_FR","og_type":"article","og_title":"feuille d'or alimentaire sugarflair 24 carat - CAKESHOPSAM","og_description":"&nbsp; Donnez \u00e0 vos pr\u00e9parations un aspect luxueux gr\u00e2ce \u00e0 cette feuille d&#8217;or 24 carats de Sugarflair ! Parfait pour les g\u00e2teaux de mariage. Mode d&#8217;emploi : D\u00e9couper la forme souhait\u00e9e avec des ciseaux, \u00e9viter tout contact excessif avec l&#8217;or. Graisser la surface d\u00e9sir\u00e9e avec une fine couche de colle comestible ou de gla\u00e7age de...","og_url":"https:\/\/cakeshopsam.com\/?product=feuille-dor-alimentaire-sugarflair-24-carat","og_site_name":"CAKESHOPSAM","article_modified_time":"2025-09-25T15:17:23+00:00","og_image":[{"width":1200,"height":1200,"url":"https:\/\/cakeshopsam.com\/wp-content\/uploads\/2021\/09\/gold-24-carat.jpg","type":"image\/jpeg"}],"twitter_card":"summary_large_image","twitter_misc":{"Dur\u00e9e de lecture estim\u00e9e":"1 minute"},"schema":{"@context":"https:\/\/schema.org","@graph":[{"@type":"WebPage","@id":"https:\/\/cakeshopsam.com\/?product=feuille-dor-alimentaire-sugarflair-24-carat","url":"https:\/\/cakeshopsam.com\/?product=feuille-dor-alimentaire-sugarflair-24-carat","name":"feuille d'or alimentaire sugarflair 24 carat - CAKESHOPSAM","isPartOf":{"@id":"https:\/\/cakeshopsam.com\/#website"},"primaryImageOfPage":{"@id":"https:\/\/cakeshopsam.com\/?product=feuille-dor-alimentaire-sugarflair-24-carat#primaryimage"},"image":{"@id":"https:\/\/cakeshopsam.com\/?product=feuille-dor-alimentaire-sugarflair-24-carat#primaryimage"},"thumbnailUrl":"https:\/\/i0.wp.com\/cakeshopsam.com\/wp-content\/uploads\/2021\/09\/gold-24-carat.jpg?fit=1200%2C1200&ssl=1","datePublished":"2021-09-30T14:12:10+00:00","dateModified":"2025-09-25T15:17:23+00:00","breadcrumb":{"@id":"https:\/\/cakeshopsam.com\/?product=feuille-dor-alimentaire-sugarflair-24-carat#breadcrumb"},"inLanguage":"fr-FR","potentialAction":[{"@type":"ReadAction","target":["https:\/\/cakeshopsam.com\/?product=feuille-dor-alimentaire-sugarflair-24-carat"]}]},{"@type":"ImageObject","inLanguage":"fr-FR","@id":"https:\/\/cakeshopsam.com\/?product=feuille-dor-alimentaire-sugarflair-24-carat#primaryimage","url":"https:\/\/i0.wp.com\/cakeshopsam.com\/wp-content\/uploads\/2021\/09\/gold-24-carat.jpg?fit=1200%2C1200&ssl=1","contentUrl":"https:\/\/i0.wp.com\/cakeshopsam.com\/wp-content\/uploads\/2021\/09\/gold-24-carat.jpg?fit=1200%2C1200&ssl=1","width":1200,"height":1200},{"@type":"BreadcrumbList","@id":"https:\/\/cakeshopsam.com\/?product=feuille-dor-alimentaire-sugarflair-24-carat#breadcrumb","itemListElement":[{"@type":"ListItem","position":1,"name":"Accueil","item":"https:\/\/cakeshopsam.com\/"},{"@type":"ListItem","position":2,"name":"Boutique","item":"https:\/\/cakeshopsam.com\/?page_id=305"},{"@type":"ListItem","position":3,"name":"feuille d&#8217;or alimentaire sugarflair 24 carat"}]},{"@type":"WebSite","@id":"https:\/\/cakeshopsam.com\/#website","url":"https:\/\/cakeshopsam.com\/","name":"CAKESHOPSAM","description":"","publisher":{"@id":"https:\/\/cakeshopsam.com\/#organization"},"potentialAction":[{"@type":"SearchAction","target":{"@type":"EntryPoint","urlTemplate":"https:\/\/cakeshopsam.com\/?s={search_term_string}"},"query-input":{"@type":"PropertyValueSpecification","valueRequired":true,"valueName":"search_term_string"}}],"inLanguage":"fr-FR"},{"@type":"Organization","@id":"https:\/\/cakeshopsam.com\/#organization","name":"CAKESHOPSAM","url":"https:\/\/cakeshopsam.com\/","logo":{"@type":"ImageObject","inLanguage":"fr-FR","@id":"https:\/\/cakeshopsam.com\/#\/schema\/logo\/image\/","url":"https:\/\/cakeshopsam.com\/wp-content\/uploads\/2021\/06\/Design-sans-titre-5.svg","contentUrl":"https:\/\/cakeshopsam.com\/wp-content\/uploads\/2021\/06\/Design-sans-titre-5.svg","width":1080,"height":1080,"caption":"CAKESHOPSAM"},"image":{"@id":"https:\/\/cakeshopsam.com\/#\/schema\/logo\/image\/"}}]}},"jetpack_publicize_connections":[],"uagb_featured_image_src":{"full":["https:\/\/i0.wp.com\/cakeshopsam.com\/wp-content\/uploads\/2021\/09\/gold-24-carat.jpg?fit=1200%2C1200&ssl=1",1200,1200,false],"thumbnail":["https:\/\/i0.wp.com\/cakeshopsam.com\/wp-content\/uploads\/2021\/09\/gold-24-carat.jpg?resize=150%2C150&ssl=1",150,150,true],"medium":["https:\/\/i0.wp.com\/cakeshopsam.com\/wp-content\/uploads\/2021\/09\/gold-24-carat.jpg?fit=300%2C300&ssl=1",300,300,true],"medium_large":["https:\/\/i0.wp.com\/cakeshopsam.com\/wp-content\/uploads\/2021\/09\/gold-24-carat.jpg?fit=768%2C768&ssl=1",768,768,true],"large":["https:\/\/i0.wp.com\/cakeshopsam.com\/wp-content\/uploads\/2021\/09\/gold-24-carat.jpg?fit=1024%2C1024&ssl=1",1024,1024,true],"1536x1536":["https:\/\/i0.wp.com\/cakeshopsam.com\/wp-content\/uploads\/2021\/09\/gold-24-carat.jpg?fit=1200%2C1200&ssl=1",1200,1200,true],"2048x2048":["https:\/\/i0.wp.com\/cakeshopsam.com\/wp-content\/uploads\/2021\/09\/gold-24-carat.jpg?fit=1200%2C1200&ssl=1",1200,1200,true],"newspack-article-block-landscape-large":["https:\/\/i0.wp.com\/cakeshopsam.com\/wp-content\/uploads\/2021\/09\/gold-24-carat.jpg?resize=1200%2C900&ssl=1",1200,900,true],"newspack-article-block-portrait-large":["https:\/\/i0.wp.com\/cakeshopsam.com\/wp-content\/uploads\/2021\/09\/gold-24-carat.jpg?resize=900%2C1200&ssl=1",900,1200,true],"newspack-article-block-square-large":["https:\/\/i0.wp.com\/cakeshopsam.com\/wp-content\/uploads\/2021\/09\/gold-24-carat.jpg?resize=1200%2C1200&ssl=1",1200,1200,true],"newspack-article-block-landscape-medium":["https:\/\/i0.wp.com\/cakeshopsam.com\/wp-content\/uploads\/2021\/09\/gold-24-carat.jpg?resize=800%2C600&ssl=1",800,600,true],"newspack-article-block-portrait-medium":["https:\/\/i0.wp.com\/cakeshopsam.com\/wp-content\/uploads\/2021\/09\/gold-24-carat.jpg?resize=600%2C800&ssl=1",600,800,true],"newspack-article-block-square-medium":["https:\/\/i0.wp.com\/cakeshopsam.com\/wp-content\/uploads\/2021\/09\/gold-24-carat.jpg?resize=800%2C800&ssl=1",800,800,true],"newspack-article-block-landscape-intermediate":["https:\/\/i0.wp.com\/cakeshopsam.com\/wp-content\/uploads\/2021\/09\/gold-24-carat.jpg?resize=600%2C450&ssl=1",600,450,true],"newspack-article-block-portrait-intermediate":["https:\/\/i0.wp.com\/cakeshopsam.com\/wp-content\/uploads\/2021\/09\/gold-24-carat.jpg?resize=450%2C600&ssl=1",450,600,true],"newspack-article-block-square-intermediate":["https:\/\/i0.wp.com\/cakeshopsam.com\/wp-content\/uploads\/2021\/09\/gold-24-carat.jpg?resize=600%2C600&ssl=1",600,600,true],"newspack-article-block-landscape-small":["https:\/\/i0.wp.com\/cakeshopsam.com\/wp-content\/uploads\/2021\/09\/gold-24-carat.jpg?resize=400%2C300&ssl=1",400,300,true],"newspack-article-block-portrait-small":["https:\/\/i0.wp.com\/cakeshopsam.com\/wp-content\/uploads\/2021\/09\/gold-24-carat.jpg?resize=300%2C400&ssl=1",300,400,true],"newspack-article-block-square-small":["https:\/\/i0.wp.com\/cakeshopsam.com\/wp-content\/uploads\/2021\/09\/gold-24-carat.jpg?resize=400%2C400&ssl=1",400,400,true],"newspack-article-block-landscape-tiny":["https:\/\/i0.wp.com\/cakeshopsam.com\/wp-content\/uploads\/2021\/09\/gold-24-carat.jpg?resize=200%2C150&ssl=1",200,150,true],"newspack-article-block-portrait-tiny":["https:\/\/i0.wp.com\/cakeshopsam.com\/wp-content\/uploads\/2021\/09\/gold-24-carat.jpg?resize=150%2C200&ssl=1",150,200,true],"newspack-article-block-square-tiny":["https:\/\/i0.wp.com\/cakeshopsam.com\/wp-content\/uploads\/2021\/09\/gold-24-carat.jpg?resize=200%2C200&ssl=1",200,200,true],"newspack-article-block-uncropped":["https:\/\/i0.wp.com\/cakeshopsam.com\/wp-content\/uploads\/2021\/09\/gold-24-carat.jpg?fit=1200%2C1200&ssl=1",1200,1200,true],"woocommerce_thumbnail":["https:\/\/i0.wp.com\/cakeshopsam.com\/wp-content\/uploads\/2021\/09\/gold-24-carat.jpg?resize=300%2C300&ssl=1",300,300,true],"woocommerce_single":["https:\/\/i0.wp.com\/cakeshopsam.com\/wp-content\/uploads\/2021\/09\/gold-24-carat.jpg?fit=300%2C300&ssl=1",300,300,true],"woocommerce_gallery_thumbnail":["https:\/\/i0.wp.com\/cakeshopsam.com\/wp-content\/uploads\/2021\/09\/gold-24-carat.jpg?resize=100%2C100&ssl=1",100,100,true],"favicon":["https:\/\/i0.wp.com\/cakeshopsam.com\/wp-content\/uploads\/2021\/09\/gold-24-carat.jpg?resize=64%2C64&ssl=1",64,64,true],"apple-touch-icon":["https:\/\/i0.wp.com\/cakeshopsam.com\/wp-content\/uploads\/2021\/09\/gold-24-carat.jpg?resize=180%2C180&ssl=1",180,180,true]},"uagb_author_info":{"display_name":"samsam010101","author_link":"https:\/\/cakeshopsam.com\/?author=0"},"uagb_comment_info":0,"uagb_excerpt":"&nbsp; Donnez \u00e0 vos pr\u00e9parations un aspect luxueux gr\u00e2ce \u00e0 cette feuille d&#8217;or 24 carats de Sugarflair ! Parfait pour les g\u00e2teaux de mariage. Mode d&#8217;emploi : D\u00e9couper la forme souhait\u00e9e avec des ciseaux, \u00e9viter tout contact excessif avec l&#8217;or. Graisser la surface d\u00e9sir\u00e9e avec une fine couche de colle comestible ou de gla\u00e7age de...","jetpack_likes_enabled":true,"jetpack_sharing_enabled":true,"_links":{"self":[{"href":"https:\/\/cakeshopsam.com\/index.php?rest_route=\/wp\/v2\/product\/2539","targetHints":{"allow":["GET"]}}],"collection":[{"href":"https:\/\/cakeshopsam.com\/index.php?rest_route=\/wp\/v2\/product"}],"about":[{"href":"https:\/\/cakeshopsam.com\/index.php?rest_route=\/wp\/v2\/types\/product"}],"replies":[{"embeddable":true,"href":"https:\/\/cakeshopsam.com\/index.php?rest_route=%2Fwp%2Fv2%2Fcomments&post=2539"}],"version-history":[{"count":2,"href":"https:\/\/cakeshopsam.com\/index.php?rest_route=\/wp\/v2\/product\/2539\/revisions"}],"predecessor-version":[{"id":2542,"href":"https:\/\/cakeshopsam.com\/index.php?rest_route=\/wp\/v2\/product\/2539\/revisions\/2542"}],"wp:featuredmedia":[{"embeddable":true,"href":"https:\/\/cakeshopsam.com\/index.php?rest_route=\/wp\/v2\/media\/2541"}],"wp:attachment":[{"href":"https:\/\/cakeshopsam.com\/index.php?rest_route=%2Fwp%2Fv2%2Fmedia&parent=2539"}],"wp:term":[{"taxonomy":"product_brand","embeddable":true,"href":"https:\/\/cakeshopsam.com\/index.php?rest_route=%2Fwp%2Fv2%2Fproduct_brand&post=2539"},{"taxonomy":"product_cat","embeddable":true,"href":"https:\/\/cakeshopsam.com\/index.php?rest_route=%2Fwp%2Fv2%2Fproduct_cat&post=2539"},{"taxonomy":"product_tag","embeddable":true,"href":"https:\/\/cakeshopsam.com\/index.php?rest_route=%2Fwp%2Fv2%2Fproduct_tag&post=2539"}],"curies":[{"name":"wp","href":"https:\/\/api.w.org\/{rel}","templated":true}]}}