{"id":2044,"date":"2021-09-06T12:26:02","date_gmt":"2021-09-06T10:26:02","guid":{"rendered":"https:\/\/cakeshopsam.com\/?post_type=product&#038;p=2044"},"modified":"2025-11-16T15:50:01","modified_gmt":"2025-11-16T14:50:01","slug":"colorant-progel-holly-green","status":"publish","type":"product","link":"https:\/\/cakeshopsam.com\/?product=colorant-progel-holly-green","title":{"rendered":"Colorant ProGel &#8211; Holly Green"},"content":{"rendered":"<p>Vous souhaitez colorer votre fondant, p\u00e2te d&#8217;amande ou cr\u00e8me au beurre ? Le Progel de Rainbow Dust est id\u00e9al pour cela ! Une petite quantit\u00e9 de ce colorant suffit pour donner une couleur riche et profonde \u00e0 vos cr\u00e9ations. Ils sont aussi convenables pour colorer des biscuits, des Candy Melts et plus encore.<\/p>\n<p>Conseils d&#8217;utilisation : ajoutez le gel \u00e0 du fondant ou de la p\u00e2te d&#8217;amande et p\u00e9trissez jusqu&#8217;\u00e0 ce que la couleur soit \u00e9tal\u00e9e. Veuillez bien p\u00e9trir jusqu&#8217;\u00e0 ce que le r\u00e9sultat souhait\u00e9 soit atteint. Vous pouvez alors utiliser le fondant ou la p\u00e2te d&#8217;amandes color\u00e9(e) sur votre g\u00e2teau !<\/p>\n<p>Ingr\u00e9dients : humectant : E422, colorant : E155, E102, E133, eau, amidon modifi\u00e9 (tapioca).<\/p>\n<p>E102 : peut avoir des effets ind\u00e9sirables sur l&#8217;activit\u00e9 et l&#8217;attention chez les enfants.<\/p>\n<p>Ce produit est : Halal certifi\u00e9.<\/p>\n<p>Doses maximales d\u2019emploi : 3 g\/kg.<\/p>\n<p>Contenu : 25 grammes.<\/p>\n","protected":false},"excerpt":{"rendered":"<p>Vous souhaitez colorer votre fondant, p\u00e2te d&#8217;amande ou cr\u00e8me au beurre ? Le Progel de Rainbow Dust est id\u00e9al pour cela ! Une petite quantit\u00e9 de ce colorant suffit pour donner une couleur riche et profonde \u00e0 vos cr\u00e9ations. Ils sont aussi convenables pour colorer des biscuits, des Candy Melts et plus encore. Conseils d&#8217;utilisation&#8230;<\/p>\n","protected":false},"featured_media":2045,"comment_status":"open","ping_status":"closed","template":"","meta":{"_uag_custom_page_level_css":"","_kad_post_transparent":"default","_kad_post_title":"","_kad_post_layout":"default","_kad_post_sidebar_id":"","_kad_post_content_style":"default","_kad_post_vertical_padding":"default","_kad_post_feature":"","_kad_post_feature_position":"","_kad_post_header":false,"_kad_post_footer":false,"jetpack_post_was_ever_published":false,"jetpack_publicize_message":"","jetpack_publicize_feature_enabled":true,"jetpack_social_post_already_shared":true,"jetpack_social_options":{"image_generator_settings":{"template":"highway","default_image_id":0,"font":"","enabled":false},"version":2},"_wpas_customize_per_network":false},"product_brand":[],"product_cat":[6378],"product_tag":[],"class_list":{"0":"post-2044","1":"product","2":"type-product","3":"status-publish","4":"has-post-thumbnail","6":"product_cat-colorant-progel","8":"first","9":"instock","10":"taxable","11":"shipping-taxable","12":"purchasable","13":"product-type-simple","14":"entry","15":"content-bg","16":"loop-entry"},"yoast_head":"<!-- This site is optimized with the Yoast SEO plugin v27.0 - https:\/\/yoast.com\/product\/yoast-seo-wordpress\/ -->\n<title>Colorant ProGel - Holly Green - CAKESHOPSAM<\/title>\n<meta name=\"robots\" content=\"index, follow, max-snippet:-1, max-image-preview:large, max-video-preview:-1\" \/>\n<link rel=\"canonical\" href=\"https:\/\/cakeshopsam.com\/?product=colorant-progel-holly-green\" \/>\n<meta property=\"og:locale\" content=\"fr_FR\" \/>\n<meta property=\"og:type\" content=\"article\" \/>\n<meta property=\"og:title\" content=\"Colorant ProGel - Holly Green - CAKESHOPSAM\" \/>\n<meta property=\"og:description\" content=\"Vous souhaitez colorer votre fondant, p\u00e2te d&#8217;amande ou cr\u00e8me au beurre ? Le Progel de Rainbow Dust est id\u00e9al pour cela ! Une petite quantit\u00e9 de ce colorant suffit pour donner une couleur riche et profonde \u00e0 vos cr\u00e9ations. Ils sont aussi convenables pour colorer des biscuits, des Candy Melts et plus encore. Conseils d&#8217;utilisation...\" \/>\n<meta property=\"og:url\" content=\"https:\/\/cakeshopsam.com\/?product=colorant-progel-holly-green\" \/>\n<meta property=\"og:site_name\" content=\"CAKESHOPSAM\" \/>\n<meta property=\"article:modified_time\" content=\"2025-11-16T14:50:01+00:00\" \/>\n<meta property=\"og:image\" content=\"https:\/\/i0.wp.com\/cakeshopsam.com\/wp-content\/uploads\/2021\/09\/RD9523_0_b6b2b8919f4e560173a5e8f3c5e48663.jpg?fit=650%2C650&ssl=1\" \/>\n\t<meta property=\"og:image:width\" content=\"650\" \/>\n\t<meta property=\"og:image:height\" content=\"650\" \/>\n\t<meta property=\"og:image:type\" content=\"image\/jpeg\" \/>\n<meta name=\"twitter:card\" content=\"summary_large_image\" \/>\n<meta name=\"twitter:label1\" content=\"Dur\u00e9e de lecture estim\u00e9e\" \/>\n\t<meta name=\"twitter:data1\" content=\"1 minute\" \/>\n<script type=\"application\/ld+json\" class=\"yoast-schema-graph\">{\"@context\":\"https:\/\/schema.org\",\"@graph\":[{\"@type\":\"WebPage\",\"@id\":\"https:\/\/cakeshopsam.com\/?product=colorant-progel-holly-green\",\"url\":\"https:\/\/cakeshopsam.com\/?product=colorant-progel-holly-green\",\"name\":\"Colorant ProGel - Holly Green - CAKESHOPSAM\",\"isPartOf\":{\"@id\":\"https:\/\/cakeshopsam.com\/#website\"},\"primaryImageOfPage\":{\"@id\":\"https:\/\/cakeshopsam.com\/?product=colorant-progel-holly-green#primaryimage\"},\"image\":{\"@id\":\"https:\/\/cakeshopsam.com\/?product=colorant-progel-holly-green#primaryimage\"},\"thumbnailUrl\":\"https:\/\/i0.wp.com\/cakeshopsam.com\/wp-content\/uploads\/2021\/09\/RD9523_0_b6b2b8919f4e560173a5e8f3c5e48663.jpg?fit=650%2C650&ssl=1\",\"datePublished\":\"2021-09-06T10:26:02+00:00\",\"dateModified\":\"2025-11-16T14:50:01+00:00\",\"breadcrumb\":{\"@id\":\"https:\/\/cakeshopsam.com\/?product=colorant-progel-holly-green#breadcrumb\"},\"inLanguage\":\"fr-FR\",\"potentialAction\":[{\"@type\":\"ReadAction\",\"target\":[\"https:\/\/cakeshopsam.com\/?product=colorant-progel-holly-green\"]}]},{\"@type\":\"ImageObject\",\"inLanguage\":\"fr-FR\",\"@id\":\"https:\/\/cakeshopsam.com\/?product=colorant-progel-holly-green#primaryimage\",\"url\":\"https:\/\/i0.wp.com\/cakeshopsam.com\/wp-content\/uploads\/2021\/09\/RD9523_0_b6b2b8919f4e560173a5e8f3c5e48663.jpg?fit=650%2C650&ssl=1\",\"contentUrl\":\"https:\/\/i0.wp.com\/cakeshopsam.com\/wp-content\/uploads\/2021\/09\/RD9523_0_b6b2b8919f4e560173a5e8f3c5e48663.jpg?fit=650%2C650&ssl=1\",\"width\":650,\"height\":650},{\"@type\":\"BreadcrumbList\",\"@id\":\"https:\/\/cakeshopsam.com\/?product=colorant-progel-holly-green#breadcrumb\",\"itemListElement\":[{\"@type\":\"ListItem\",\"position\":1,\"name\":\"Accueil\",\"item\":\"https:\/\/cakeshopsam.com\/\"},{\"@type\":\"ListItem\",\"position\":2,\"name\":\"Boutique\",\"item\":\"https:\/\/cakeshopsam.com\/?page_id=305\"},{\"@type\":\"ListItem\",\"position\":3,\"name\":\"Colorant ProGel &#8211; Holly Green\"}]},{\"@type\":\"WebSite\",\"@id\":\"https:\/\/cakeshopsam.com\/#website\",\"url\":\"https:\/\/cakeshopsam.com\/\",\"name\":\"CAKESHOPSAM\",\"description\":\"\",\"publisher\":{\"@id\":\"https:\/\/cakeshopsam.com\/#organization\"},\"potentialAction\":[{\"@type\":\"SearchAction\",\"target\":{\"@type\":\"EntryPoint\",\"urlTemplate\":\"https:\/\/cakeshopsam.com\/?s={search_term_string}\"},\"query-input\":{\"@type\":\"PropertyValueSpecification\",\"valueRequired\":true,\"valueName\":\"search_term_string\"}}],\"inLanguage\":\"fr-FR\"},{\"@type\":\"Organization\",\"@id\":\"https:\/\/cakeshopsam.com\/#organization\",\"name\":\"CAKESHOPSAM\",\"url\":\"https:\/\/cakeshopsam.com\/\",\"logo\":{\"@type\":\"ImageObject\",\"inLanguage\":\"fr-FR\",\"@id\":\"https:\/\/cakeshopsam.com\/#\/schema\/logo\/image\/\",\"url\":\"https:\/\/cakeshopsam.com\/wp-content\/uploads\/2021\/06\/Design-sans-titre-5.svg\",\"contentUrl\":\"https:\/\/cakeshopsam.com\/wp-content\/uploads\/2021\/06\/Design-sans-titre-5.svg\",\"width\":1080,\"height\":1080,\"caption\":\"CAKESHOPSAM\"},\"image\":{\"@id\":\"https:\/\/cakeshopsam.com\/#\/schema\/logo\/image\/\"}}]}<\/script>\n<!-- \/ Yoast SEO plugin. -->","yoast_head_json":{"title":"Colorant ProGel - Holly Green - CAKESHOPSAM","robots":{"index":"index","follow":"follow","max-snippet":"max-snippet:-1","max-image-preview":"max-image-preview:large","max-video-preview":"max-video-preview:-1"},"canonical":"https:\/\/cakeshopsam.com\/?product=colorant-progel-holly-green","og_locale":"fr_FR","og_type":"article","og_title":"Colorant ProGel - Holly Green - CAKESHOPSAM","og_description":"Vous souhaitez colorer votre fondant, p\u00e2te d&#8217;amande ou cr\u00e8me au beurre ? Le Progel de Rainbow Dust est id\u00e9al pour cela ! Une petite quantit\u00e9 de ce colorant suffit pour donner une couleur riche et profonde \u00e0 vos cr\u00e9ations. Ils sont aussi convenables pour colorer des biscuits, des Candy Melts et plus encore. Conseils d&#8217;utilisation...","og_url":"https:\/\/cakeshopsam.com\/?product=colorant-progel-holly-green","og_site_name":"CAKESHOPSAM","article_modified_time":"2025-11-16T14:50:01+00:00","og_image":[{"width":650,"height":650,"url":"https:\/\/i0.wp.com\/cakeshopsam.com\/wp-content\/uploads\/2021\/09\/RD9523_0_b6b2b8919f4e560173a5e8f3c5e48663.jpg?fit=650%2C650&ssl=1","type":"image\/jpeg"}],"twitter_card":"summary_large_image","twitter_misc":{"Dur\u00e9e de lecture estim\u00e9e":"1 minute"},"schema":{"@context":"https:\/\/schema.org","@graph":[{"@type":"WebPage","@id":"https:\/\/cakeshopsam.com\/?product=colorant-progel-holly-green","url":"https:\/\/cakeshopsam.com\/?product=colorant-progel-holly-green","name":"Colorant ProGel - Holly Green - CAKESHOPSAM","isPartOf":{"@id":"https:\/\/cakeshopsam.com\/#website"},"primaryImageOfPage":{"@id":"https:\/\/cakeshopsam.com\/?product=colorant-progel-holly-green#primaryimage"},"image":{"@id":"https:\/\/cakeshopsam.com\/?product=colorant-progel-holly-green#primaryimage"},"thumbnailUrl":"https:\/\/i0.wp.com\/cakeshopsam.com\/wp-content\/uploads\/2021\/09\/RD9523_0_b6b2b8919f4e560173a5e8f3c5e48663.jpg?fit=650%2C650&ssl=1","datePublished":"2021-09-06T10:26:02+00:00","dateModified":"2025-11-16T14:50:01+00:00","breadcrumb":{"@id":"https:\/\/cakeshopsam.com\/?product=colorant-progel-holly-green#breadcrumb"},"inLanguage":"fr-FR","potentialAction":[{"@type":"ReadAction","target":["https:\/\/cakeshopsam.com\/?product=colorant-progel-holly-green"]}]},{"@type":"ImageObject","inLanguage":"fr-FR","@id":"https:\/\/cakeshopsam.com\/?product=colorant-progel-holly-green#primaryimage","url":"https:\/\/i0.wp.com\/cakeshopsam.com\/wp-content\/uploads\/2021\/09\/RD9523_0_b6b2b8919f4e560173a5e8f3c5e48663.jpg?fit=650%2C650&ssl=1","contentUrl":"https:\/\/i0.wp.com\/cakeshopsam.com\/wp-content\/uploads\/2021\/09\/RD9523_0_b6b2b8919f4e560173a5e8f3c5e48663.jpg?fit=650%2C650&ssl=1","width":650,"height":650},{"@type":"BreadcrumbList","@id":"https:\/\/cakeshopsam.com\/?product=colorant-progel-holly-green#breadcrumb","itemListElement":[{"@type":"ListItem","position":1,"name":"Accueil","item":"https:\/\/cakeshopsam.com\/"},{"@type":"ListItem","position":2,"name":"Boutique","item":"https:\/\/cakeshopsam.com\/?page_id=305"},{"@type":"ListItem","position":3,"name":"Colorant ProGel &#8211; Holly Green"}]},{"@type":"WebSite","@id":"https:\/\/cakeshopsam.com\/#website","url":"https:\/\/cakeshopsam.com\/","name":"CAKESHOPSAM","description":"","publisher":{"@id":"https:\/\/cakeshopsam.com\/#organization"},"potentialAction":[{"@type":"SearchAction","target":{"@type":"EntryPoint","urlTemplate":"https:\/\/cakeshopsam.com\/?s={search_term_string}"},"query-input":{"@type":"PropertyValueSpecification","valueRequired":true,"valueName":"search_term_string"}}],"inLanguage":"fr-FR"},{"@type":"Organization","@id":"https:\/\/cakeshopsam.com\/#organization","name":"CAKESHOPSAM","url":"https:\/\/cakeshopsam.com\/","logo":{"@type":"ImageObject","inLanguage":"fr-FR","@id":"https:\/\/cakeshopsam.com\/#\/schema\/logo\/image\/","url":"https:\/\/cakeshopsam.com\/wp-content\/uploads\/2021\/06\/Design-sans-titre-5.svg","contentUrl":"https:\/\/cakeshopsam.com\/wp-content\/uploads\/2021\/06\/Design-sans-titre-5.svg","width":1080,"height":1080,"caption":"CAKESHOPSAM"},"image":{"@id":"https:\/\/cakeshopsam.com\/#\/schema\/logo\/image\/"}}]}},"jetpack_publicize_connections":[],"uagb_featured_image_src":{"full":["https:\/\/i0.wp.com\/cakeshopsam.com\/wp-content\/uploads\/2021\/09\/RD9523_0_b6b2b8919f4e560173a5e8f3c5e48663.jpg?fit=650%2C650&ssl=1",650,650,false],"thumbnail":["https:\/\/i0.wp.com\/cakeshopsam.com\/wp-content\/uploads\/2021\/09\/RD9523_0_b6b2b8919f4e560173a5e8f3c5e48663.jpg?resize=150%2C150&ssl=1",150,150,true],"medium":["https:\/\/i0.wp.com\/cakeshopsam.com\/wp-content\/uploads\/2021\/09\/RD9523_0_b6b2b8919f4e560173a5e8f3c5e48663.jpg?fit=300%2C300&ssl=1",300,300,true],"medium_large":["https:\/\/i0.wp.com\/cakeshopsam.com\/wp-content\/uploads\/2021\/09\/RD9523_0_b6b2b8919f4e560173a5e8f3c5e48663.jpg?fit=650%2C650&ssl=1",650,650,true],"large":["https:\/\/i0.wp.com\/cakeshopsam.com\/wp-content\/uploads\/2021\/09\/RD9523_0_b6b2b8919f4e560173a5e8f3c5e48663.jpg?fit=650%2C650&ssl=1",650,650,true],"1536x1536":["https:\/\/i0.wp.com\/cakeshopsam.com\/wp-content\/uploads\/2021\/09\/RD9523_0_b6b2b8919f4e560173a5e8f3c5e48663.jpg?fit=650%2C650&ssl=1",650,650,true],"2048x2048":["https:\/\/i0.wp.com\/cakeshopsam.com\/wp-content\/uploads\/2021\/09\/RD9523_0_b6b2b8919f4e560173a5e8f3c5e48663.jpg?fit=650%2C650&ssl=1",650,650,true],"newspack-article-block-landscape-large":["https:\/\/i0.wp.com\/cakeshopsam.com\/wp-content\/uploads\/2021\/09\/RD9523_0_b6b2b8919f4e560173a5e8f3c5e48663.jpg?resize=650%2C650&ssl=1",650,650,true],"newspack-article-block-portrait-large":["https:\/\/i0.wp.com\/cakeshopsam.com\/wp-content\/uploads\/2021\/09\/RD9523_0_b6b2b8919f4e560173a5e8f3c5e48663.jpg?resize=650%2C650&ssl=1",650,650,true],"newspack-article-block-square-large":["https:\/\/i0.wp.com\/cakeshopsam.com\/wp-content\/uploads\/2021\/09\/RD9523_0_b6b2b8919f4e560173a5e8f3c5e48663.jpg?resize=650%2C650&ssl=1",650,650,true],"newspack-article-block-landscape-medium":["https:\/\/i0.wp.com\/cakeshopsam.com\/wp-content\/uploads\/2021\/09\/RD9523_0_b6b2b8919f4e560173a5e8f3c5e48663.jpg?resize=650%2C600&ssl=1",650,600,true],"newspack-article-block-portrait-medium":["https:\/\/i0.wp.com\/cakeshopsam.com\/wp-content\/uploads\/2021\/09\/RD9523_0_b6b2b8919f4e560173a5e8f3c5e48663.jpg?resize=600%2C650&ssl=1",600,650,true],"newspack-article-block-square-medium":["https:\/\/i0.wp.com\/cakeshopsam.com\/wp-content\/uploads\/2021\/09\/RD9523_0_b6b2b8919f4e560173a5e8f3c5e48663.jpg?resize=650%2C650&ssl=1",650,650,true],"newspack-article-block-landscape-intermediate":["https:\/\/i0.wp.com\/cakeshopsam.com\/wp-content\/uploads\/2021\/09\/RD9523_0_b6b2b8919f4e560173a5e8f3c5e48663.jpg?resize=600%2C450&ssl=1",600,450,true],"newspack-article-block-portrait-intermediate":["https:\/\/i0.wp.com\/cakeshopsam.com\/wp-content\/uploads\/2021\/09\/RD9523_0_b6b2b8919f4e560173a5e8f3c5e48663.jpg?resize=450%2C600&ssl=1",450,600,true],"newspack-article-block-square-intermediate":["https:\/\/i0.wp.com\/cakeshopsam.com\/wp-content\/uploads\/2021\/09\/RD9523_0_b6b2b8919f4e560173a5e8f3c5e48663.jpg?resize=600%2C600&ssl=1",600,600,true],"newspack-article-block-landscape-small":["https:\/\/i0.wp.com\/cakeshopsam.com\/wp-content\/uploads\/2021\/09\/RD9523_0_b6b2b8919f4e560173a5e8f3c5e48663.jpg?resize=400%2C300&ssl=1",400,300,true],"newspack-article-block-portrait-small":["https:\/\/i0.wp.com\/cakeshopsam.com\/wp-content\/uploads\/2021\/09\/RD9523_0_b6b2b8919f4e560173a5e8f3c5e48663.jpg?resize=300%2C400&ssl=1",300,400,true],"newspack-article-block-square-small":["https:\/\/i0.wp.com\/cakeshopsam.com\/wp-content\/uploads\/2021\/09\/RD9523_0_b6b2b8919f4e560173a5e8f3c5e48663.jpg?resize=400%2C400&ssl=1",400,400,true],"newspack-article-block-landscape-tiny":["https:\/\/i0.wp.com\/cakeshopsam.com\/wp-content\/uploads\/2021\/09\/RD9523_0_b6b2b8919f4e560173a5e8f3c5e48663.jpg?resize=200%2C150&ssl=1",200,150,true],"newspack-article-block-portrait-tiny":["https:\/\/i0.wp.com\/cakeshopsam.com\/wp-content\/uploads\/2021\/09\/RD9523_0_b6b2b8919f4e560173a5e8f3c5e48663.jpg?resize=150%2C200&ssl=1",150,200,true],"newspack-article-block-square-tiny":["https:\/\/i0.wp.com\/cakeshopsam.com\/wp-content\/uploads\/2021\/09\/RD9523_0_b6b2b8919f4e560173a5e8f3c5e48663.jpg?resize=200%2C200&ssl=1",200,200,true],"newspack-article-block-uncropped":["https:\/\/i0.wp.com\/cakeshopsam.com\/wp-content\/uploads\/2021\/09\/RD9523_0_b6b2b8919f4e560173a5e8f3c5e48663.jpg?fit=650%2C650&ssl=1",650,650,true],"woocommerce_thumbnail":["https:\/\/i0.wp.com\/cakeshopsam.com\/wp-content\/uploads\/2021\/09\/RD9523_0_b6b2b8919f4e560173a5e8f3c5e48663.jpg?resize=300%2C300&ssl=1",300,300,true],"woocommerce_single":["https:\/\/i0.wp.com\/cakeshopsam.com\/wp-content\/uploads\/2021\/09\/RD9523_0_b6b2b8919f4e560173a5e8f3c5e48663.jpg?fit=300%2C300&ssl=1",300,300,true],"woocommerce_gallery_thumbnail":["https:\/\/i0.wp.com\/cakeshopsam.com\/wp-content\/uploads\/2021\/09\/RD9523_0_b6b2b8919f4e560173a5e8f3c5e48663.jpg?resize=100%2C100&ssl=1",100,100,true],"favicon":["https:\/\/i0.wp.com\/cakeshopsam.com\/wp-content\/uploads\/2021\/09\/RD9523_0_b6b2b8919f4e560173a5e8f3c5e48663.jpg?resize=64%2C64&ssl=1",64,64,true],"apple-touch-icon":["https:\/\/i0.wp.com\/cakeshopsam.com\/wp-content\/uploads\/2021\/09\/RD9523_0_b6b2b8919f4e560173a5e8f3c5e48663.jpg?resize=180%2C180&ssl=1",180,180,true]},"uagb_author_info":{"display_name":"samsam010101","author_link":"https:\/\/cakeshopsam.com\/?author=0"},"uagb_comment_info":0,"uagb_excerpt":"Vous souhaitez colorer votre fondant, p\u00e2te d&#8217;amande ou cr\u00e8me au beurre ? Le Progel de Rainbow Dust est id\u00e9al pour cela ! Une petite quantit\u00e9 de ce colorant suffit pour donner une couleur riche et profonde \u00e0 vos cr\u00e9ations. Ils sont aussi convenables pour colorer des biscuits, des Candy Melts et plus encore. Conseils d&#8217;utilisation...","jetpack_likes_enabled":true,"jetpack_sharing_enabled":true,"_links":{"self":[{"href":"https:\/\/cakeshopsam.com\/index.php?rest_route=\/wp\/v2\/product\/2044","targetHints":{"allow":["GET"]}}],"collection":[{"href":"https:\/\/cakeshopsam.com\/index.php?rest_route=\/wp\/v2\/product"}],"about":[{"href":"https:\/\/cakeshopsam.com\/index.php?rest_route=\/wp\/v2\/types\/product"}],"replies":[{"embeddable":true,"href":"https:\/\/cakeshopsam.com\/index.php?rest_route=%2Fwp%2Fv2%2Fcomments&post=2044"}],"version-history":[{"count":2,"href":"https:\/\/cakeshopsam.com\/index.php?rest_route=\/wp\/v2\/product\/2044\/revisions"}],"predecessor-version":[{"id":10465,"href":"https:\/\/cakeshopsam.com\/index.php?rest_route=\/wp\/v2\/product\/2044\/revisions\/10465"}],"wp:featuredmedia":[{"embeddable":true,"href":"https:\/\/cakeshopsam.com\/index.php?rest_route=\/wp\/v2\/media\/2045"}],"wp:attachment":[{"href":"https:\/\/cakeshopsam.com\/index.php?rest_route=%2Fwp%2Fv2%2Fmedia&parent=2044"}],"wp:term":[{"taxonomy":"product_brand","embeddable":true,"href":"https:\/\/cakeshopsam.com\/index.php?rest_route=%2Fwp%2Fv2%2Fproduct_brand&post=2044"},{"taxonomy":"product_cat","embeddable":true,"href":"https:\/\/cakeshopsam.com\/index.php?rest_route=%2Fwp%2Fv2%2Fproduct_cat&post=2044"},{"taxonomy":"product_tag","embeddable":true,"href":"https:\/\/cakeshopsam.com\/index.php?rest_route=%2Fwp%2Fv2%2Fproduct_tag&post=2044"}],"curies":[{"name":"wp","href":"https:\/\/api.w.org\/{rel}","templated":true}]}}