{"id":2012,"date":"2021-09-06T11:51:50","date_gmt":"2021-09-06T09:51:50","guid":{"rendered":"https:\/\/cakeshopsam.com\/?post_type=product&#038;p=2012"},"modified":"2023-08-06T22:01:33","modified_gmt":"2023-08-06T20:01:33","slug":"pme-fun-fonts-alphabet-petit-caractere","status":"publish","type":"product","link":"https:\/\/cakeshopsam.com\/?product=pme-fun-fonts-alphabet-petit-caractere","title":{"rendered":"PME fun fonts &#8211; alphabet petit caract\u00e8re"},"content":{"rendered":"<p><span class=\"sectiontitle dtails\">D\u00e9tails<\/span><\/p>\n<div class=\"product attribute description\">\n<div class=\"value\">\n<p>Ensemble de tampons amusants pour cupcakes et biscuits : cet ensemble de tampons est id\u00e9al pour personnaliser vos douceurs, y compris vos p\u00e2tes \u00e0 sucre, p\u00e2tes d\u2019amande et autres d\u00e9lices sucr\u00e9s. Plus petits que les tampons ordinaires, ils sont parfaits pour vos douceurs miniatures comme les cupcakes et les biscuits. Avec 26 lettres majuscules, 26 lettres minuscules, des chiffres et des symboles, les possibilit\u00e9s sont infinies.<\/p>\n<p>Le positionnement des lettres est un vrai jeu d\u2019enfant gr\u00e2ce \u00e0 la transparence du plastique bleu. Les tampons sont \u00e9galement dot\u00e9s d\u2019une poign\u00e9e facile \u00e0 saisir et d\u2019une ligne centrale pour \u00e9crire en ligne droite sur toutes vos cr\u00e9ations. Ils sont livr\u00e9s dans une bo\u00eete de rangement pratique permettant de les conserver en toute s\u00e9curit\u00e9 et de les stocker facilement entre deux utilisations.<\/p>\n<p>Ensemble complet de 66 pi\u00e8ces comprenant 26 lettres majuscules, 26 lettres minuscules, les chiffres 0 &#8211; 9 et les symboles &amp;, !, ? et #.<\/p>\n<p>Au verso de chaque tampon figure la lettre correspondante, la diff\u00e9rence entre majuscules et minuscules, la fl\u00e8che de direction et une ligne centrale pour aider au positionnement.<\/p>\n<\/div>\n<\/div>\n","protected":false},"excerpt":{"rendered":"<p>D\u00e9tails Ensemble de tampons amusants pour cupcakes et biscuits : cet ensemble de tampons est id\u00e9al pour personnaliser vos douceurs, y compris vos p\u00e2tes \u00e0 sucre, p\u00e2tes d\u2019amande et autres d\u00e9lices sucr\u00e9s. Plus petits que les tampons ordinaires, ils sont parfaits pour vos douceurs miniatures comme les cupcakes et les biscuits. Avec 26 lettres majuscules,&#8230;<\/p>\n","protected":false},"featured_media":2014,"comment_status":"open","ping_status":"closed","template":"","meta":{"_uag_custom_page_level_css":"","_kad_post_transparent":"default","_kad_post_title":"","_kad_post_layout":"default","_kad_post_sidebar_id":"","_kad_post_content_style":"default","_kad_post_vertical_padding":"default","_kad_post_feature":"","_kad_post_feature_position":"","_kad_post_header":false,"_kad_post_footer":false,"jetpack_post_was_ever_published":false,"jetpack_publicize_message":"","jetpack_publicize_feature_enabled":true,"jetpack_social_post_already_shared":true,"jetpack_social_options":{"image_generator_settings":{"template":"highway","default_image_id":0,"font":"","enabled":false},"version":2},"_wpas_customize_per_network":false},"product_brand":[],"product_cat":[6379,6370],"product_tag":[],"class_list":{"0":"post-2012","1":"product","2":"type-product","3":"status-publish","4":"has-post-thumbnail","6":"product_cat-accessoires","7":"product_cat-emporte-pieces","9":"first","10":"instock","11":"taxable","12":"shipping-taxable","13":"purchasable","14":"product-type-simple","15":"entry","16":"content-bg","17":"loop-entry"},"yoast_head":"<!-- This site is optimized with the Yoast SEO plugin v27.3 - https:\/\/yoast.com\/product\/yoast-seo-wordpress\/ -->\n<title>PME fun fonts - alphabet petit caract\u00e8re - CAKESHOPSAM<\/title>\n<meta name=\"robots\" content=\"index, follow, max-snippet:-1, max-image-preview:large, max-video-preview:-1\" \/>\n<link rel=\"canonical\" href=\"https:\/\/cakeshopsam.com\/?product=pme-fun-fonts-alphabet-petit-caractere\" \/>\n<meta property=\"og:locale\" content=\"fr_FR\" \/>\n<meta property=\"og:type\" content=\"article\" \/>\n<meta property=\"og:title\" content=\"PME fun fonts - alphabet petit caract\u00e8re - CAKESHOPSAM\" \/>\n<meta property=\"og:description\" content=\"D\u00e9tails Ensemble de tampons amusants pour cupcakes et biscuits : cet ensemble de tampons est id\u00e9al pour personnaliser vos douceurs, y compris vos p\u00e2tes \u00e0 sucre, p\u00e2tes d\u2019amande et autres d\u00e9lices sucr\u00e9s. Plus petits que les tampons ordinaires, ils sont parfaits pour vos douceurs miniatures comme les cupcakes et les biscuits. Avec 26 lettres majuscules,...\" \/>\n<meta property=\"og:url\" content=\"https:\/\/cakeshopsam.com\/?product=pme-fun-fonts-alphabet-petit-caractere\" \/>\n<meta property=\"og:site_name\" content=\"CAKESHOPSAM\" \/>\n<meta property=\"article:modified_time\" content=\"2023-08-06T20:01:33+00:00\" \/>\n<meta property=\"og:image\" content=\"https:\/\/cakeshopsam.com\/wp-content\/uploads\/2021\/09\/FF54_0_23440dcebd1f817e68cdf3bae52a4542.jpg\" \/>\n\t<meta property=\"og:image:width\" content=\"650\" \/>\n\t<meta property=\"og:image:height\" content=\"650\" \/>\n\t<meta property=\"og:image:type\" content=\"image\/jpeg\" \/>\n<meta name=\"twitter:card\" content=\"summary_large_image\" \/>\n<meta name=\"twitter:label1\" content=\"Dur\u00e9e de lecture estim\u00e9e\" \/>\n\t<meta name=\"twitter:data1\" content=\"1 minute\" \/>\n<script type=\"application\/ld+json\" class=\"yoast-schema-graph\">{\"@context\":\"https:\\\/\\\/schema.org\",\"@graph\":[{\"@type\":\"WebPage\",\"@id\":\"https:\\\/\\\/cakeshopsam.com\\\/?product=pme-fun-fonts-alphabet-petit-caractere\",\"url\":\"https:\\\/\\\/cakeshopsam.com\\\/?product=pme-fun-fonts-alphabet-petit-caractere\",\"name\":\"PME fun fonts - alphabet petit caract\u00e8re - CAKESHOPSAM\",\"isPartOf\":{\"@id\":\"https:\\\/\\\/cakeshopsam.com\\\/#website\"},\"primaryImageOfPage\":{\"@id\":\"https:\\\/\\\/cakeshopsam.com\\\/?product=pme-fun-fonts-alphabet-petit-caractere#primaryimage\"},\"image\":{\"@id\":\"https:\\\/\\\/cakeshopsam.com\\\/?product=pme-fun-fonts-alphabet-petit-caractere#primaryimage\"},\"thumbnailUrl\":\"https:\\\/\\\/i0.wp.com\\\/cakeshopsam.com\\\/wp-content\\\/uploads\\\/2021\\\/09\\\/FF54_0_23440dcebd1f817e68cdf3bae52a4542.jpg?fit=650%2C650&ssl=1\",\"datePublished\":\"2021-09-06T09:51:50+00:00\",\"dateModified\":\"2023-08-06T20:01:33+00:00\",\"breadcrumb\":{\"@id\":\"https:\\\/\\\/cakeshopsam.com\\\/?product=pme-fun-fonts-alphabet-petit-caractere#breadcrumb\"},\"inLanguage\":\"fr-FR\",\"potentialAction\":[{\"@type\":\"ReadAction\",\"target\":[\"https:\\\/\\\/cakeshopsam.com\\\/?product=pme-fun-fonts-alphabet-petit-caractere\"]}]},{\"@type\":\"ImageObject\",\"inLanguage\":\"fr-FR\",\"@id\":\"https:\\\/\\\/cakeshopsam.com\\\/?product=pme-fun-fonts-alphabet-petit-caractere#primaryimage\",\"url\":\"https:\\\/\\\/i0.wp.com\\\/cakeshopsam.com\\\/wp-content\\\/uploads\\\/2021\\\/09\\\/FF54_0_23440dcebd1f817e68cdf3bae52a4542.jpg?fit=650%2C650&ssl=1\",\"contentUrl\":\"https:\\\/\\\/i0.wp.com\\\/cakeshopsam.com\\\/wp-content\\\/uploads\\\/2021\\\/09\\\/FF54_0_23440dcebd1f817e68cdf3bae52a4542.jpg?fit=650%2C650&ssl=1\",\"width\":650,\"height\":650},{\"@type\":\"BreadcrumbList\",\"@id\":\"https:\\\/\\\/cakeshopsam.com\\\/?product=pme-fun-fonts-alphabet-petit-caractere#breadcrumb\",\"itemListElement\":[{\"@type\":\"ListItem\",\"position\":1,\"name\":\"Accueil\",\"item\":\"https:\\\/\\\/cakeshopsam.com\\\/\"},{\"@type\":\"ListItem\",\"position\":2,\"name\":\"Boutique\",\"item\":\"https:\\\/\\\/cakeshopsam.com\\\/?page_id=305\"},{\"@type\":\"ListItem\",\"position\":3,\"name\":\"PME fun fonts &#8211; alphabet petit caract\u00e8re\"}]},{\"@type\":\"WebSite\",\"@id\":\"https:\\\/\\\/cakeshopsam.com\\\/#website\",\"url\":\"https:\\\/\\\/cakeshopsam.com\\\/\",\"name\":\"CAKESHOPSAM\",\"description\":\"\",\"publisher\":{\"@id\":\"https:\\\/\\\/cakeshopsam.com\\\/#organization\"},\"potentialAction\":[{\"@type\":\"SearchAction\",\"target\":{\"@type\":\"EntryPoint\",\"urlTemplate\":\"https:\\\/\\\/cakeshopsam.com\\\/?s={search_term_string}\"},\"query-input\":{\"@type\":\"PropertyValueSpecification\",\"valueRequired\":true,\"valueName\":\"search_term_string\"}}],\"inLanguage\":\"fr-FR\"},{\"@type\":\"Organization\",\"@id\":\"https:\\\/\\\/cakeshopsam.com\\\/#organization\",\"name\":\"CAKESHOPSAM\",\"url\":\"https:\\\/\\\/cakeshopsam.com\\\/\",\"logo\":{\"@type\":\"ImageObject\",\"inLanguage\":\"fr-FR\",\"@id\":\"https:\\\/\\\/cakeshopsam.com\\\/#\\\/schema\\\/logo\\\/image\\\/\",\"url\":\"https:\\\/\\\/cakeshopsam.com\\\/wp-content\\\/uploads\\\/2021\\\/06\\\/Design-sans-titre-5.svg\",\"contentUrl\":\"https:\\\/\\\/cakeshopsam.com\\\/wp-content\\\/uploads\\\/2021\\\/06\\\/Design-sans-titre-5.svg\",\"width\":1080,\"height\":1080,\"caption\":\"CAKESHOPSAM\"},\"image\":{\"@id\":\"https:\\\/\\\/cakeshopsam.com\\\/#\\\/schema\\\/logo\\\/image\\\/\"}}]}<\/script>\n<!-- \/ Yoast SEO plugin. -->","yoast_head_json":{"title":"PME fun fonts - alphabet petit caract\u00e8re - CAKESHOPSAM","robots":{"index":"index","follow":"follow","max-snippet":"max-snippet:-1","max-image-preview":"max-image-preview:large","max-video-preview":"max-video-preview:-1"},"canonical":"https:\/\/cakeshopsam.com\/?product=pme-fun-fonts-alphabet-petit-caractere","og_locale":"fr_FR","og_type":"article","og_title":"PME fun fonts - alphabet petit caract\u00e8re - CAKESHOPSAM","og_description":"D\u00e9tails Ensemble de tampons amusants pour cupcakes et biscuits : cet ensemble de tampons est id\u00e9al pour personnaliser vos douceurs, y compris vos p\u00e2tes \u00e0 sucre, p\u00e2tes d\u2019amande et autres d\u00e9lices sucr\u00e9s. Plus petits que les tampons ordinaires, ils sont parfaits pour vos douceurs miniatures comme les cupcakes et les biscuits. Avec 26 lettres majuscules,...","og_url":"https:\/\/cakeshopsam.com\/?product=pme-fun-fonts-alphabet-petit-caractere","og_site_name":"CAKESHOPSAM","article_modified_time":"2023-08-06T20:01:33+00:00","og_image":[{"width":650,"height":650,"url":"https:\/\/cakeshopsam.com\/wp-content\/uploads\/2021\/09\/FF54_0_23440dcebd1f817e68cdf3bae52a4542.jpg","type":"image\/jpeg"}],"twitter_card":"summary_large_image","twitter_misc":{"Dur\u00e9e de lecture estim\u00e9e":"1 minute"},"schema":{"@context":"https:\/\/schema.org","@graph":[{"@type":"WebPage","@id":"https:\/\/cakeshopsam.com\/?product=pme-fun-fonts-alphabet-petit-caractere","url":"https:\/\/cakeshopsam.com\/?product=pme-fun-fonts-alphabet-petit-caractere","name":"PME fun fonts - alphabet petit caract\u00e8re - CAKESHOPSAM","isPartOf":{"@id":"https:\/\/cakeshopsam.com\/#website"},"primaryImageOfPage":{"@id":"https:\/\/cakeshopsam.com\/?product=pme-fun-fonts-alphabet-petit-caractere#primaryimage"},"image":{"@id":"https:\/\/cakeshopsam.com\/?product=pme-fun-fonts-alphabet-petit-caractere#primaryimage"},"thumbnailUrl":"https:\/\/i0.wp.com\/cakeshopsam.com\/wp-content\/uploads\/2021\/09\/FF54_0_23440dcebd1f817e68cdf3bae52a4542.jpg?fit=650%2C650&ssl=1","datePublished":"2021-09-06T09:51:50+00:00","dateModified":"2023-08-06T20:01:33+00:00","breadcrumb":{"@id":"https:\/\/cakeshopsam.com\/?product=pme-fun-fonts-alphabet-petit-caractere#breadcrumb"},"inLanguage":"fr-FR","potentialAction":[{"@type":"ReadAction","target":["https:\/\/cakeshopsam.com\/?product=pme-fun-fonts-alphabet-petit-caractere"]}]},{"@type":"ImageObject","inLanguage":"fr-FR","@id":"https:\/\/cakeshopsam.com\/?product=pme-fun-fonts-alphabet-petit-caractere#primaryimage","url":"https:\/\/i0.wp.com\/cakeshopsam.com\/wp-content\/uploads\/2021\/09\/FF54_0_23440dcebd1f817e68cdf3bae52a4542.jpg?fit=650%2C650&ssl=1","contentUrl":"https:\/\/i0.wp.com\/cakeshopsam.com\/wp-content\/uploads\/2021\/09\/FF54_0_23440dcebd1f817e68cdf3bae52a4542.jpg?fit=650%2C650&ssl=1","width":650,"height":650},{"@type":"BreadcrumbList","@id":"https:\/\/cakeshopsam.com\/?product=pme-fun-fonts-alphabet-petit-caractere#breadcrumb","itemListElement":[{"@type":"ListItem","position":1,"name":"Accueil","item":"https:\/\/cakeshopsam.com\/"},{"@type":"ListItem","position":2,"name":"Boutique","item":"https:\/\/cakeshopsam.com\/?page_id=305"},{"@type":"ListItem","position":3,"name":"PME fun fonts &#8211; alphabet petit caract\u00e8re"}]},{"@type":"WebSite","@id":"https:\/\/cakeshopsam.com\/#website","url":"https:\/\/cakeshopsam.com\/","name":"CAKESHOPSAM","description":"","publisher":{"@id":"https:\/\/cakeshopsam.com\/#organization"},"potentialAction":[{"@type":"SearchAction","target":{"@type":"EntryPoint","urlTemplate":"https:\/\/cakeshopsam.com\/?s={search_term_string}"},"query-input":{"@type":"PropertyValueSpecification","valueRequired":true,"valueName":"search_term_string"}}],"inLanguage":"fr-FR"},{"@type":"Organization","@id":"https:\/\/cakeshopsam.com\/#organization","name":"CAKESHOPSAM","url":"https:\/\/cakeshopsam.com\/","logo":{"@type":"ImageObject","inLanguage":"fr-FR","@id":"https:\/\/cakeshopsam.com\/#\/schema\/logo\/image\/","url":"https:\/\/cakeshopsam.com\/wp-content\/uploads\/2021\/06\/Design-sans-titre-5.svg","contentUrl":"https:\/\/cakeshopsam.com\/wp-content\/uploads\/2021\/06\/Design-sans-titre-5.svg","width":1080,"height":1080,"caption":"CAKESHOPSAM"},"image":{"@id":"https:\/\/cakeshopsam.com\/#\/schema\/logo\/image\/"}}]}},"jetpack_publicize_connections":[],"uagb_featured_image_src":{"full":["https:\/\/i0.wp.com\/cakeshopsam.com\/wp-content\/uploads\/2021\/09\/FF54_0_23440dcebd1f817e68cdf3bae52a4542.jpg?fit=650%2C650&ssl=1",650,650,false],"thumbnail":["https:\/\/i0.wp.com\/cakeshopsam.com\/wp-content\/uploads\/2021\/09\/FF54_0_23440dcebd1f817e68cdf3bae52a4542.jpg?resize=150%2C150&ssl=1",150,150,true],"medium":["https:\/\/i0.wp.com\/cakeshopsam.com\/wp-content\/uploads\/2021\/09\/FF54_0_23440dcebd1f817e68cdf3bae52a4542.jpg?fit=300%2C300&ssl=1",300,300,true],"medium_large":["https:\/\/i0.wp.com\/cakeshopsam.com\/wp-content\/uploads\/2021\/09\/FF54_0_23440dcebd1f817e68cdf3bae52a4542.jpg?fit=650%2C650&ssl=1",650,650,true],"large":["https:\/\/i0.wp.com\/cakeshopsam.com\/wp-content\/uploads\/2021\/09\/FF54_0_23440dcebd1f817e68cdf3bae52a4542.jpg?fit=650%2C650&ssl=1",650,650,true],"1536x1536":["https:\/\/i0.wp.com\/cakeshopsam.com\/wp-content\/uploads\/2021\/09\/FF54_0_23440dcebd1f817e68cdf3bae52a4542.jpg?fit=650%2C650&ssl=1",650,650,true],"2048x2048":["https:\/\/i0.wp.com\/cakeshopsam.com\/wp-content\/uploads\/2021\/09\/FF54_0_23440dcebd1f817e68cdf3bae52a4542.jpg?fit=650%2C650&ssl=1",650,650,true],"newspack-article-block-landscape-large":["https:\/\/i0.wp.com\/cakeshopsam.com\/wp-content\/uploads\/2021\/09\/FF54_0_23440dcebd1f817e68cdf3bae52a4542.jpg?resize=650%2C650&ssl=1",650,650,true],"newspack-article-block-portrait-large":["https:\/\/i0.wp.com\/cakeshopsam.com\/wp-content\/uploads\/2021\/09\/FF54_0_23440dcebd1f817e68cdf3bae52a4542.jpg?resize=650%2C650&ssl=1",650,650,true],"newspack-article-block-square-large":["https:\/\/i0.wp.com\/cakeshopsam.com\/wp-content\/uploads\/2021\/09\/FF54_0_23440dcebd1f817e68cdf3bae52a4542.jpg?resize=650%2C650&ssl=1",650,650,true],"newspack-article-block-landscape-medium":["https:\/\/i0.wp.com\/cakeshopsam.com\/wp-content\/uploads\/2021\/09\/FF54_0_23440dcebd1f817e68cdf3bae52a4542.jpg?resize=650%2C600&ssl=1",650,600,true],"newspack-article-block-portrait-medium":["https:\/\/i0.wp.com\/cakeshopsam.com\/wp-content\/uploads\/2021\/09\/FF54_0_23440dcebd1f817e68cdf3bae52a4542.jpg?resize=600%2C650&ssl=1",600,650,true],"newspack-article-block-square-medium":["https:\/\/i0.wp.com\/cakeshopsam.com\/wp-content\/uploads\/2021\/09\/FF54_0_23440dcebd1f817e68cdf3bae52a4542.jpg?resize=650%2C650&ssl=1",650,650,true],"newspack-article-block-landscape-intermediate":["https:\/\/i0.wp.com\/cakeshopsam.com\/wp-content\/uploads\/2021\/09\/FF54_0_23440dcebd1f817e68cdf3bae52a4542.jpg?resize=600%2C450&ssl=1",600,450,true],"newspack-article-block-portrait-intermediate":["https:\/\/i0.wp.com\/cakeshopsam.com\/wp-content\/uploads\/2021\/09\/FF54_0_23440dcebd1f817e68cdf3bae52a4542.jpg?resize=450%2C600&ssl=1",450,600,true],"newspack-article-block-square-intermediate":["https:\/\/i0.wp.com\/cakeshopsam.com\/wp-content\/uploads\/2021\/09\/FF54_0_23440dcebd1f817e68cdf3bae52a4542.jpg?resize=600%2C600&ssl=1",600,600,true],"newspack-article-block-landscape-small":["https:\/\/i0.wp.com\/cakeshopsam.com\/wp-content\/uploads\/2021\/09\/FF54_0_23440dcebd1f817e68cdf3bae52a4542.jpg?resize=400%2C300&ssl=1",400,300,true],"newspack-article-block-portrait-small":["https:\/\/i0.wp.com\/cakeshopsam.com\/wp-content\/uploads\/2021\/09\/FF54_0_23440dcebd1f817e68cdf3bae52a4542.jpg?resize=300%2C400&ssl=1",300,400,true],"newspack-article-block-square-small":["https:\/\/i0.wp.com\/cakeshopsam.com\/wp-content\/uploads\/2021\/09\/FF54_0_23440dcebd1f817e68cdf3bae52a4542.jpg?resize=400%2C400&ssl=1",400,400,true],"newspack-article-block-landscape-tiny":["https:\/\/i0.wp.com\/cakeshopsam.com\/wp-content\/uploads\/2021\/09\/FF54_0_23440dcebd1f817e68cdf3bae52a4542.jpg?resize=200%2C150&ssl=1",200,150,true],"newspack-article-block-portrait-tiny":["https:\/\/i0.wp.com\/cakeshopsam.com\/wp-content\/uploads\/2021\/09\/FF54_0_23440dcebd1f817e68cdf3bae52a4542.jpg?resize=150%2C200&ssl=1",150,200,true],"newspack-article-block-square-tiny":["https:\/\/i0.wp.com\/cakeshopsam.com\/wp-content\/uploads\/2021\/09\/FF54_0_23440dcebd1f817e68cdf3bae52a4542.jpg?resize=200%2C200&ssl=1",200,200,true],"newspack-article-block-uncropped":["https:\/\/i0.wp.com\/cakeshopsam.com\/wp-content\/uploads\/2021\/09\/FF54_0_23440dcebd1f817e68cdf3bae52a4542.jpg?fit=650%2C650&ssl=1",650,650,true],"woocommerce_thumbnail":["https:\/\/i0.wp.com\/cakeshopsam.com\/wp-content\/uploads\/2021\/09\/FF54_0_23440dcebd1f817e68cdf3bae52a4542.jpg?resize=300%2C300&ssl=1",300,300,true],"woocommerce_single":["https:\/\/i0.wp.com\/cakeshopsam.com\/wp-content\/uploads\/2021\/09\/FF54_0_23440dcebd1f817e68cdf3bae52a4542.jpg?fit=300%2C300&ssl=1",300,300,true],"woocommerce_gallery_thumbnail":["https:\/\/i0.wp.com\/cakeshopsam.com\/wp-content\/uploads\/2021\/09\/FF54_0_23440dcebd1f817e68cdf3bae52a4542.jpg?resize=100%2C100&ssl=1",100,100,true],"favicon":["https:\/\/i0.wp.com\/cakeshopsam.com\/wp-content\/uploads\/2021\/09\/FF54_0_23440dcebd1f817e68cdf3bae52a4542.jpg?resize=64%2C64&ssl=1",64,64,true],"apple-touch-icon":["https:\/\/i0.wp.com\/cakeshopsam.com\/wp-content\/uploads\/2021\/09\/FF54_0_23440dcebd1f817e68cdf3bae52a4542.jpg?resize=180%2C180&ssl=1",180,180,true]},"uagb_author_info":{"display_name":"samsam010101","author_link":"https:\/\/cakeshopsam.com\/?author=0"},"uagb_comment_info":0,"uagb_excerpt":"D\u00e9tails Ensemble de tampons amusants pour cupcakes et biscuits : cet ensemble de tampons est id\u00e9al pour personnaliser vos douceurs, y compris vos p\u00e2tes \u00e0 sucre, p\u00e2tes d\u2019amande et autres d\u00e9lices sucr\u00e9s. Plus petits que les tampons ordinaires, ils sont parfaits pour vos douceurs miniatures comme les cupcakes et les biscuits. Avec 26 lettres majuscules,...","jetpack_likes_enabled":true,"jetpack_sharing_enabled":true,"_links":{"self":[{"href":"https:\/\/cakeshopsam.com\/index.php?rest_route=\/wp\/v2\/product\/2012","targetHints":{"allow":["GET"]}}],"collection":[{"href":"https:\/\/cakeshopsam.com\/index.php?rest_route=\/wp\/v2\/product"}],"about":[{"href":"https:\/\/cakeshopsam.com\/index.php?rest_route=\/wp\/v2\/types\/product"}],"replies":[{"embeddable":true,"href":"https:\/\/cakeshopsam.com\/index.php?rest_route=%2Fwp%2Fv2%2Fcomments&post=2012"}],"version-history":[{"count":4,"href":"https:\/\/cakeshopsam.com\/index.php?rest_route=\/wp\/v2\/product\/2012\/revisions"}],"predecessor-version":[{"id":9082,"href":"https:\/\/cakeshopsam.com\/index.php?rest_route=\/wp\/v2\/product\/2012\/revisions\/9082"}],"wp:featuredmedia":[{"embeddable":true,"href":"https:\/\/cakeshopsam.com\/index.php?rest_route=\/wp\/v2\/media\/2014"}],"wp:attachment":[{"href":"https:\/\/cakeshopsam.com\/index.php?rest_route=%2Fwp%2Fv2%2Fmedia&parent=2012"}],"wp:term":[{"taxonomy":"product_brand","embeddable":true,"href":"https:\/\/cakeshopsam.com\/index.php?rest_route=%2Fwp%2Fv2%2Fproduct_brand&post=2012"},{"taxonomy":"product_cat","embeddable":true,"href":"https:\/\/cakeshopsam.com\/index.php?rest_route=%2Fwp%2Fv2%2Fproduct_cat&post=2012"},{"taxonomy":"product_tag","embeddable":true,"href":"https:\/\/cakeshopsam.com\/index.php?rest_route=%2Fwp%2Fv2%2Fproduct_tag&post=2012"}],"curies":[{"name":"wp","href":"https:\/\/api.w.org\/{rel}","templated":true}]}}