{"id":1990,"date":"2021-09-06T10:59:33","date_gmt":"2021-09-06T08:59:33","guid":{"rendered":"https:\/\/cakeshopsam.com\/?post_type=product&#038;p=1990"},"modified":"2024-05-05T12:35:51","modified_gmt":"2024-05-05T10:35:51","slug":"deco-melts-blanc-funcakes-250g","status":"publish","type":"product","link":"https:\/\/cakeshopsam.com\/?product=deco-melts-blanc-funcakes-250g","title":{"rendered":"Deco Melts blanc Funcakes 250G sans E171"},"content":{"rendered":"<section id=\"dtails\" class=\"data item content product.info.description\">\n<div class=\"product attribute description\">\n<div class=\"value\">\n<p>Les Deco Melts FunCakes vous offrent de nombreuses options de d\u00e9coration! Ils font partie des groupes de produits les plus polyvalents de FunCakes. Faites fondre et versez les Deco Melts dans la forme d\u00e9sir\u00e9e. Aussi populaire aupr\u00e8s des p\u00e2tissiers maison exp\u00e9riment\u00e9s que des petits. Vous pouvez cr\u00e9er des Drip cakes et des d\u00e9corations de cupcakes, mais vous pouvez aussi l&#8217;utiliser pour faire des sucettes et des bonbons. Lorsque vous vous amusez tant \u00e0 d\u00e9corer et que les Deco Melts durcissent un peu, pas de soucis, il suffit de les refaire fondre! Les Deco Melts FunCakes sont disponibles dans de nombreuses couleurs diff\u00e9rentes. Pas exactement la couleur que vous recherchez? Cr\u00e9e ensuite ta propre couleur en ajoutant quelques gouttes de colorant FunCakes aux Deco Melts blancs ou utilise un colorant \u00e0 base d&#8217;huile. Les Deco Melts ne sont pas faits de vrai chocolat, mais ont un go\u00fbt saveur douce et cr\u00e9meuse !<\/p>\n<p>En raison des diff\u00e9rences de temp\u00e9rature, les Deco Melts peuvent fondre ou se couvrir d&#8217;une couche blanch\u00e2tre (blanchiment gras) pendant le transport et le stockage. Nous pouvons vous assurer que cela n&#8217;a aucun effet sur l&#8217;utilisation et\/ou le r\u00e9sultat du produit. Apr\u00e8s le processus de fonte, la couche blanche dispara\u00eetra et le produit fonctionnera et aura le go\u00fbt attendu.<\/p>\n<ul>\n<li>Trempez, coulez, arrosez et d\u00e9corez avec les Deco melts FunCakes. Ces Deco Melts FunCakes ne contiennent pas d&#8217;E171.<\/li>\n<li>Faire fondre bri\u00e8vement au micro-ondes ou au bain-marie et verser selon les formes d\u00e9sir\u00e9es.<\/li>\n<li>Parfait pour faire des bonbons, des sucettes et des Drip Cakes. Ou trempez les cupcakes et les biscuits dans les melts.<\/li>\n<li>Contenu: 250 grammes.<\/li>\n<\/ul>\n<p>Faire fondre au micro-ondes ou au bain marie. Pour micro-ondes: faire fondre \u00e0 max. 500W dans un bol. Remuez bien toutes les 15-20 secondes. Arr\u00eatez de chauffer lorsque la fonte est presque compl\u00e8te (de petits morceaux sont encore visibles). Continuez \u00e0 remuer jusqu&#8217;\u00e0 ce que les Melts soient lisses et compl\u00e8tement fondus et proc\u00e9dez comme vous le souhaitez. Durcir au r\u00e9frig\u00e9rateur (10-15 min.).<\/p>\n<p>&nbsp;<\/p>\n<p>Ingr\u00e9dients : sucre, mati\u00e8re grasse v\u00e9g\u00e9tale hydrog\u00e9n\u00e9e (palmiste), \u00e9mulsifiant : E492, E472C,\u00a0<b>lait<\/b>\u00a0en poudre (\u00e9cr\u00e9m\u00e9), ar\u00f4me. Pour les allerg\u00e8nes, voir les ingr\u00e9dients en caract\u00e8res\u00a0<b>gras<\/b>. Peut contenir des traces de:\u00a0<b>fruits \u00e0 coque<\/b>. Ce produit est certifi\u00e9 Halal.<\/p>\n<p>Conservation: Conserver dans un endroit sec et sombre, entre 16\u00b0C et 22\u00b0C.<\/p>\n<\/div>\n<\/div>\n<\/section>\n<p>&nbsp;<\/p>\n<section id=\"plusdinfos\" class=\"data item content product.attributes\"><\/section>\n","protected":false},"excerpt":{"rendered":"<p>Les Deco Melts FunCakes vous offrent de nombreuses options de d\u00e9coration! Ils font partie des groupes de produits les plus polyvalents de FunCakes. Faites fondre et versez les Deco Melts dans la forme d\u00e9sir\u00e9e. Aussi populaire aupr\u00e8s des p\u00e2tissiers maison exp\u00e9riment\u00e9s que des petits. Vous pouvez cr\u00e9er des Drip cakes et des d\u00e9corations de cupcakes,&#8230;<\/p>\n","protected":false},"featured_media":1993,"comment_status":"open","ping_status":"closed","template":"","meta":{"_uag_custom_page_level_css":"","_kad_post_transparent":"default","_kad_post_title":"","_kad_post_layout":"default","_kad_post_sidebar_id":"","_kad_post_content_style":"default","_kad_post_vertical_padding":"default","_kad_post_feature":"","_kad_post_feature_position":"","_kad_post_header":false,"_kad_post_footer":false,"jetpack_post_was_ever_published":false,"jetpack_publicize_message":"","jetpack_publicize_feature_enabled":true,"jetpack_social_post_already_shared":true,"jetpack_social_options":{"image_generator_settings":{"template":"highway","default_image_id":0,"font":"","enabled":false},"version":2},"_wpas_customize_per_network":false},"product_brand":[],"product_cat":[6377,6367],"product_tag":[],"class_list":{"0":"post-1990","1":"product","2":"type-product","3":"status-publish","4":"has-post-thumbnail","6":"product_cat-deco-melt","7":"product_cat-ingredients","9":"first","10":"outofstock","11":"taxable","12":"shipping-taxable","13":"purchasable","14":"product-type-simple","15":"entry","16":"content-bg","17":"loop-entry"},"yoast_head":"<!-- This site is optimized with the Yoast SEO plugin v27.3 - https:\/\/yoast.com\/product\/yoast-seo-wordpress\/ -->\n<title>Deco Melts blanc Funcakes 250G sans E171 - CAKESHOPSAM<\/title>\n<meta name=\"robots\" content=\"index, follow, max-snippet:-1, max-image-preview:large, max-video-preview:-1\" \/>\n<link rel=\"canonical\" href=\"https:\/\/cakeshopsam.com\/?product=deco-melts-blanc-funcakes-250g\" \/>\n<meta property=\"og:locale\" content=\"fr_FR\" \/>\n<meta property=\"og:type\" content=\"article\" \/>\n<meta property=\"og:title\" content=\"Deco Melts blanc Funcakes 250G sans E171 - CAKESHOPSAM\" \/>\n<meta property=\"og:description\" content=\"Les Deco Melts FunCakes vous offrent de nombreuses options de d\u00e9coration! Ils font partie des groupes de produits les plus polyvalents de FunCakes. Faites fondre et versez les Deco Melts dans la forme d\u00e9sir\u00e9e. Aussi populaire aupr\u00e8s des p\u00e2tissiers maison exp\u00e9riment\u00e9s que des petits. Vous pouvez cr\u00e9er des Drip cakes et des d\u00e9corations de cupcakes,...\" \/>\n<meta property=\"og:url\" content=\"https:\/\/cakeshopsam.com\/?product=deco-melts-blanc-funcakes-250g\" \/>\n<meta property=\"og:site_name\" content=\"CAKESHOPSAM\" \/>\n<meta property=\"article:modified_time\" content=\"2024-05-05T10:35:51+00:00\" \/>\n<meta property=\"og:image\" content=\"https:\/\/i0.wp.com\/cakeshopsam.com\/wp-content\/uploads\/2021\/09\/deco-melts-funcakes-blanc-4.jpg?fit=800%2C800&ssl=1\" \/>\n\t<meta property=\"og:image:width\" content=\"800\" \/>\n\t<meta property=\"og:image:height\" content=\"800\" \/>\n\t<meta property=\"og:image:type\" content=\"image\/jpeg\" \/>\n<meta name=\"twitter:card\" content=\"summary_large_image\" \/>\n<meta name=\"twitter:label1\" content=\"Dur\u00e9e de lecture estim\u00e9e\" \/>\n\t<meta name=\"twitter:data1\" content=\"2 minutes\" \/>\n<script type=\"application\/ld+json\" class=\"yoast-schema-graph\">{\"@context\":\"https:\\\/\\\/schema.org\",\"@graph\":[{\"@type\":\"WebPage\",\"@id\":\"https:\\\/\\\/cakeshopsam.com\\\/?product=deco-melts-blanc-funcakes-250g\",\"url\":\"https:\\\/\\\/cakeshopsam.com\\\/?product=deco-melts-blanc-funcakes-250g\",\"name\":\"Deco Melts blanc Funcakes 250G sans E171 - CAKESHOPSAM\",\"isPartOf\":{\"@id\":\"https:\\\/\\\/cakeshopsam.com\\\/#website\"},\"primaryImageOfPage\":{\"@id\":\"https:\\\/\\\/cakeshopsam.com\\\/?product=deco-melts-blanc-funcakes-250g#primaryimage\"},\"image\":{\"@id\":\"https:\\\/\\\/cakeshopsam.com\\\/?product=deco-melts-blanc-funcakes-250g#primaryimage\"},\"thumbnailUrl\":\"https:\\\/\\\/i0.wp.com\\\/cakeshopsam.com\\\/wp-content\\\/uploads\\\/2021\\\/09\\\/deco-melts-funcakes-blanc-4.jpg?fit=800%2C800&ssl=1\",\"datePublished\":\"2021-09-06T08:59:33+00:00\",\"dateModified\":\"2024-05-05T10:35:51+00:00\",\"breadcrumb\":{\"@id\":\"https:\\\/\\\/cakeshopsam.com\\\/?product=deco-melts-blanc-funcakes-250g#breadcrumb\"},\"inLanguage\":\"fr-FR\",\"potentialAction\":[{\"@type\":\"ReadAction\",\"target\":[\"https:\\\/\\\/cakeshopsam.com\\\/?product=deco-melts-blanc-funcakes-250g\"]}]},{\"@type\":\"ImageObject\",\"inLanguage\":\"fr-FR\",\"@id\":\"https:\\\/\\\/cakeshopsam.com\\\/?product=deco-melts-blanc-funcakes-250g#primaryimage\",\"url\":\"https:\\\/\\\/i0.wp.com\\\/cakeshopsam.com\\\/wp-content\\\/uploads\\\/2021\\\/09\\\/deco-melts-funcakes-blanc-4.jpg?fit=800%2C800&ssl=1\",\"contentUrl\":\"https:\\\/\\\/i0.wp.com\\\/cakeshopsam.com\\\/wp-content\\\/uploads\\\/2021\\\/09\\\/deco-melts-funcakes-blanc-4.jpg?fit=800%2C800&ssl=1\",\"width\":800,\"height\":800},{\"@type\":\"BreadcrumbList\",\"@id\":\"https:\\\/\\\/cakeshopsam.com\\\/?product=deco-melts-blanc-funcakes-250g#breadcrumb\",\"itemListElement\":[{\"@type\":\"ListItem\",\"position\":1,\"name\":\"Accueil\",\"item\":\"https:\\\/\\\/cakeshopsam.com\\\/\"},{\"@type\":\"ListItem\",\"position\":2,\"name\":\"Boutique\",\"item\":\"https:\\\/\\\/cakeshopsam.com\\\/?page_id=305\"},{\"@type\":\"ListItem\",\"position\":3,\"name\":\"Deco Melts blanc Funcakes 250G sans E171\"}]},{\"@type\":\"WebSite\",\"@id\":\"https:\\\/\\\/cakeshopsam.com\\\/#website\",\"url\":\"https:\\\/\\\/cakeshopsam.com\\\/\",\"name\":\"CAKESHOPSAM\",\"description\":\"\",\"publisher\":{\"@id\":\"https:\\\/\\\/cakeshopsam.com\\\/#organization\"},\"potentialAction\":[{\"@type\":\"SearchAction\",\"target\":{\"@type\":\"EntryPoint\",\"urlTemplate\":\"https:\\\/\\\/cakeshopsam.com\\\/?s={search_term_string}\"},\"query-input\":{\"@type\":\"PropertyValueSpecification\",\"valueRequired\":true,\"valueName\":\"search_term_string\"}}],\"inLanguage\":\"fr-FR\"},{\"@type\":\"Organization\",\"@id\":\"https:\\\/\\\/cakeshopsam.com\\\/#organization\",\"name\":\"CAKESHOPSAM\",\"url\":\"https:\\\/\\\/cakeshopsam.com\\\/\",\"logo\":{\"@type\":\"ImageObject\",\"inLanguage\":\"fr-FR\",\"@id\":\"https:\\\/\\\/cakeshopsam.com\\\/#\\\/schema\\\/logo\\\/image\\\/\",\"url\":\"https:\\\/\\\/cakeshopsam.com\\\/wp-content\\\/uploads\\\/2021\\\/06\\\/Design-sans-titre-5.svg\",\"contentUrl\":\"https:\\\/\\\/cakeshopsam.com\\\/wp-content\\\/uploads\\\/2021\\\/06\\\/Design-sans-titre-5.svg\",\"width\":1080,\"height\":1080,\"caption\":\"CAKESHOPSAM\"},\"image\":{\"@id\":\"https:\\\/\\\/cakeshopsam.com\\\/#\\\/schema\\\/logo\\\/image\\\/\"}}]}<\/script>\n<!-- \/ Yoast SEO plugin. -->","yoast_head_json":{"title":"Deco Melts blanc Funcakes 250G sans E171 - CAKESHOPSAM","robots":{"index":"index","follow":"follow","max-snippet":"max-snippet:-1","max-image-preview":"max-image-preview:large","max-video-preview":"max-video-preview:-1"},"canonical":"https:\/\/cakeshopsam.com\/?product=deco-melts-blanc-funcakes-250g","og_locale":"fr_FR","og_type":"article","og_title":"Deco Melts blanc Funcakes 250G sans E171 - CAKESHOPSAM","og_description":"Les Deco Melts FunCakes vous offrent de nombreuses options de d\u00e9coration! Ils font partie des groupes de produits les plus polyvalents de FunCakes. Faites fondre et versez les Deco Melts dans la forme d\u00e9sir\u00e9e. Aussi populaire aupr\u00e8s des p\u00e2tissiers maison exp\u00e9riment\u00e9s que des petits. Vous pouvez cr\u00e9er des Drip cakes et des d\u00e9corations de cupcakes,...","og_url":"https:\/\/cakeshopsam.com\/?product=deco-melts-blanc-funcakes-250g","og_site_name":"CAKESHOPSAM","article_modified_time":"2024-05-05T10:35:51+00:00","og_image":[{"width":800,"height":800,"url":"https:\/\/i0.wp.com\/cakeshopsam.com\/wp-content\/uploads\/2021\/09\/deco-melts-funcakes-blanc-4.jpg?fit=800%2C800&ssl=1","type":"image\/jpeg"}],"twitter_card":"summary_large_image","twitter_misc":{"Dur\u00e9e de lecture estim\u00e9e":"2 minutes"},"schema":{"@context":"https:\/\/schema.org","@graph":[{"@type":"WebPage","@id":"https:\/\/cakeshopsam.com\/?product=deco-melts-blanc-funcakes-250g","url":"https:\/\/cakeshopsam.com\/?product=deco-melts-blanc-funcakes-250g","name":"Deco Melts blanc Funcakes 250G sans E171 - CAKESHOPSAM","isPartOf":{"@id":"https:\/\/cakeshopsam.com\/#website"},"primaryImageOfPage":{"@id":"https:\/\/cakeshopsam.com\/?product=deco-melts-blanc-funcakes-250g#primaryimage"},"image":{"@id":"https:\/\/cakeshopsam.com\/?product=deco-melts-blanc-funcakes-250g#primaryimage"},"thumbnailUrl":"https:\/\/i0.wp.com\/cakeshopsam.com\/wp-content\/uploads\/2021\/09\/deco-melts-funcakes-blanc-4.jpg?fit=800%2C800&ssl=1","datePublished":"2021-09-06T08:59:33+00:00","dateModified":"2024-05-05T10:35:51+00:00","breadcrumb":{"@id":"https:\/\/cakeshopsam.com\/?product=deco-melts-blanc-funcakes-250g#breadcrumb"},"inLanguage":"fr-FR","potentialAction":[{"@type":"ReadAction","target":["https:\/\/cakeshopsam.com\/?product=deco-melts-blanc-funcakes-250g"]}]},{"@type":"ImageObject","inLanguage":"fr-FR","@id":"https:\/\/cakeshopsam.com\/?product=deco-melts-blanc-funcakes-250g#primaryimage","url":"https:\/\/i0.wp.com\/cakeshopsam.com\/wp-content\/uploads\/2021\/09\/deco-melts-funcakes-blanc-4.jpg?fit=800%2C800&ssl=1","contentUrl":"https:\/\/i0.wp.com\/cakeshopsam.com\/wp-content\/uploads\/2021\/09\/deco-melts-funcakes-blanc-4.jpg?fit=800%2C800&ssl=1","width":800,"height":800},{"@type":"BreadcrumbList","@id":"https:\/\/cakeshopsam.com\/?product=deco-melts-blanc-funcakes-250g#breadcrumb","itemListElement":[{"@type":"ListItem","position":1,"name":"Accueil","item":"https:\/\/cakeshopsam.com\/"},{"@type":"ListItem","position":2,"name":"Boutique","item":"https:\/\/cakeshopsam.com\/?page_id=305"},{"@type":"ListItem","position":3,"name":"Deco Melts blanc Funcakes 250G sans E171"}]},{"@type":"WebSite","@id":"https:\/\/cakeshopsam.com\/#website","url":"https:\/\/cakeshopsam.com\/","name":"CAKESHOPSAM","description":"","publisher":{"@id":"https:\/\/cakeshopsam.com\/#organization"},"potentialAction":[{"@type":"SearchAction","target":{"@type":"EntryPoint","urlTemplate":"https:\/\/cakeshopsam.com\/?s={search_term_string}"},"query-input":{"@type":"PropertyValueSpecification","valueRequired":true,"valueName":"search_term_string"}}],"inLanguage":"fr-FR"},{"@type":"Organization","@id":"https:\/\/cakeshopsam.com\/#organization","name":"CAKESHOPSAM","url":"https:\/\/cakeshopsam.com\/","logo":{"@type":"ImageObject","inLanguage":"fr-FR","@id":"https:\/\/cakeshopsam.com\/#\/schema\/logo\/image\/","url":"https:\/\/cakeshopsam.com\/wp-content\/uploads\/2021\/06\/Design-sans-titre-5.svg","contentUrl":"https:\/\/cakeshopsam.com\/wp-content\/uploads\/2021\/06\/Design-sans-titre-5.svg","width":1080,"height":1080,"caption":"CAKESHOPSAM"},"image":{"@id":"https:\/\/cakeshopsam.com\/#\/schema\/logo\/image\/"}}]}},"jetpack_publicize_connections":[],"uagb_featured_image_src":{"full":["https:\/\/i0.wp.com\/cakeshopsam.com\/wp-content\/uploads\/2021\/09\/deco-melts-funcakes-blanc-4.jpg?fit=800%2C800&ssl=1",800,800,false],"thumbnail":["https:\/\/i0.wp.com\/cakeshopsam.com\/wp-content\/uploads\/2021\/09\/deco-melts-funcakes-blanc-4.jpg?resize=150%2C150&ssl=1",150,150,true],"medium":["https:\/\/i0.wp.com\/cakeshopsam.com\/wp-content\/uploads\/2021\/09\/deco-melts-funcakes-blanc-4.jpg?fit=300%2C300&ssl=1",300,300,true],"medium_large":["https:\/\/i0.wp.com\/cakeshopsam.com\/wp-content\/uploads\/2021\/09\/deco-melts-funcakes-blanc-4.jpg?fit=768%2C768&ssl=1",768,768,true],"large":["https:\/\/i0.wp.com\/cakeshopsam.com\/wp-content\/uploads\/2021\/09\/deco-melts-funcakes-blanc-4.jpg?fit=800%2C800&ssl=1",800,800,true],"1536x1536":["https:\/\/i0.wp.com\/cakeshopsam.com\/wp-content\/uploads\/2021\/09\/deco-melts-funcakes-blanc-4.jpg?fit=800%2C800&ssl=1",800,800,true],"2048x2048":["https:\/\/i0.wp.com\/cakeshopsam.com\/wp-content\/uploads\/2021\/09\/deco-melts-funcakes-blanc-4.jpg?fit=800%2C800&ssl=1",800,800,true],"newspack-article-block-landscape-large":["https:\/\/i0.wp.com\/cakeshopsam.com\/wp-content\/uploads\/2021\/09\/deco-melts-funcakes-blanc-4.jpg?resize=800%2C800&ssl=1",800,800,true],"newspack-article-block-portrait-large":["https:\/\/i0.wp.com\/cakeshopsam.com\/wp-content\/uploads\/2021\/09\/deco-melts-funcakes-blanc-4.jpg?resize=800%2C800&ssl=1",800,800,true],"newspack-article-block-square-large":["https:\/\/i0.wp.com\/cakeshopsam.com\/wp-content\/uploads\/2021\/09\/deco-melts-funcakes-blanc-4.jpg?resize=800%2C800&ssl=1",800,800,true],"newspack-article-block-landscape-medium":["https:\/\/i0.wp.com\/cakeshopsam.com\/wp-content\/uploads\/2021\/09\/deco-melts-funcakes-blanc-4.jpg?resize=800%2C600&ssl=1",800,600,true],"newspack-article-block-portrait-medium":["https:\/\/i0.wp.com\/cakeshopsam.com\/wp-content\/uploads\/2021\/09\/deco-melts-funcakes-blanc-4.jpg?resize=600%2C800&ssl=1",600,800,true],"newspack-article-block-square-medium":["https:\/\/i0.wp.com\/cakeshopsam.com\/wp-content\/uploads\/2021\/09\/deco-melts-funcakes-blanc-4.jpg?resize=800%2C800&ssl=1",800,800,true],"newspack-article-block-landscape-intermediate":["https:\/\/i0.wp.com\/cakeshopsam.com\/wp-content\/uploads\/2021\/09\/deco-melts-funcakes-blanc-4.jpg?resize=600%2C450&ssl=1",600,450,true],"newspack-article-block-portrait-intermediate":["https:\/\/i0.wp.com\/cakeshopsam.com\/wp-content\/uploads\/2021\/09\/deco-melts-funcakes-blanc-4.jpg?resize=450%2C600&ssl=1",450,600,true],"newspack-article-block-square-intermediate":["https:\/\/i0.wp.com\/cakeshopsam.com\/wp-content\/uploads\/2021\/09\/deco-melts-funcakes-blanc-4.jpg?resize=600%2C600&ssl=1",600,600,true],"newspack-article-block-landscape-small":["https:\/\/i0.wp.com\/cakeshopsam.com\/wp-content\/uploads\/2021\/09\/deco-melts-funcakes-blanc-4.jpg?resize=400%2C300&ssl=1",400,300,true],"newspack-article-block-portrait-small":["https:\/\/i0.wp.com\/cakeshopsam.com\/wp-content\/uploads\/2021\/09\/deco-melts-funcakes-blanc-4.jpg?resize=300%2C400&ssl=1",300,400,true],"newspack-article-block-square-small":["https:\/\/i0.wp.com\/cakeshopsam.com\/wp-content\/uploads\/2021\/09\/deco-melts-funcakes-blanc-4.jpg?resize=400%2C400&ssl=1",400,400,true],"newspack-article-block-landscape-tiny":["https:\/\/i0.wp.com\/cakeshopsam.com\/wp-content\/uploads\/2021\/09\/deco-melts-funcakes-blanc-4.jpg?resize=200%2C150&ssl=1",200,150,true],"newspack-article-block-portrait-tiny":["https:\/\/i0.wp.com\/cakeshopsam.com\/wp-content\/uploads\/2021\/09\/deco-melts-funcakes-blanc-4.jpg?resize=150%2C200&ssl=1",150,200,true],"newspack-article-block-square-tiny":["https:\/\/i0.wp.com\/cakeshopsam.com\/wp-content\/uploads\/2021\/09\/deco-melts-funcakes-blanc-4.jpg?resize=200%2C200&ssl=1",200,200,true],"newspack-article-block-uncropped":["https:\/\/i0.wp.com\/cakeshopsam.com\/wp-content\/uploads\/2021\/09\/deco-melts-funcakes-blanc-4.jpg?fit=800%2C800&ssl=1",800,800,true],"woocommerce_thumbnail":["https:\/\/i0.wp.com\/cakeshopsam.com\/wp-content\/uploads\/2021\/09\/deco-melts-funcakes-blanc-4.jpg?resize=300%2C300&ssl=1",300,300,true],"woocommerce_single":["https:\/\/i0.wp.com\/cakeshopsam.com\/wp-content\/uploads\/2021\/09\/deco-melts-funcakes-blanc-4.jpg?fit=300%2C300&ssl=1",300,300,true],"woocommerce_gallery_thumbnail":["https:\/\/i0.wp.com\/cakeshopsam.com\/wp-content\/uploads\/2021\/09\/deco-melts-funcakes-blanc-4.jpg?resize=100%2C100&ssl=1",100,100,true],"favicon":["https:\/\/i0.wp.com\/cakeshopsam.com\/wp-content\/uploads\/2021\/09\/deco-melts-funcakes-blanc-4.jpg?resize=64%2C64&ssl=1",64,64,true],"apple-touch-icon":["https:\/\/i0.wp.com\/cakeshopsam.com\/wp-content\/uploads\/2021\/09\/deco-melts-funcakes-blanc-4.jpg?resize=180%2C180&ssl=1",180,180,true]},"uagb_author_info":{"display_name":"samsam010101","author_link":"https:\/\/cakeshopsam.com\/?author=0"},"uagb_comment_info":0,"uagb_excerpt":"Les Deco Melts FunCakes vous offrent de nombreuses options de d\u00e9coration! Ils font partie des groupes de produits les plus polyvalents de FunCakes. Faites fondre et versez les Deco Melts dans la forme d\u00e9sir\u00e9e. Aussi populaire aupr\u00e8s des p\u00e2tissiers maison exp\u00e9riment\u00e9s que des petits. Vous pouvez cr\u00e9er des Drip cakes et des d\u00e9corations de cupcakes,...","jetpack_likes_enabled":true,"jetpack_sharing_enabled":true,"_links":{"self":[{"href":"https:\/\/cakeshopsam.com\/index.php?rest_route=\/wp\/v2\/product\/1990","targetHints":{"allow":["GET"]}}],"collection":[{"href":"https:\/\/cakeshopsam.com\/index.php?rest_route=\/wp\/v2\/product"}],"about":[{"href":"https:\/\/cakeshopsam.com\/index.php?rest_route=\/wp\/v2\/types\/product"}],"replies":[{"embeddable":true,"href":"https:\/\/cakeshopsam.com\/index.php?rest_route=%2Fwp%2Fv2%2Fcomments&post=1990"}],"version-history":[{"count":7,"href":"https:\/\/cakeshopsam.com\/index.php?rest_route=\/wp\/v2\/product\/1990\/revisions"}],"predecessor-version":[{"id":11620,"href":"https:\/\/cakeshopsam.com\/index.php?rest_route=\/wp\/v2\/product\/1990\/revisions\/11620"}],"wp:featuredmedia":[{"embeddable":true,"href":"https:\/\/cakeshopsam.com\/index.php?rest_route=\/wp\/v2\/media\/1993"}],"wp:attachment":[{"href":"https:\/\/cakeshopsam.com\/index.php?rest_route=%2Fwp%2Fv2%2Fmedia&parent=1990"}],"wp:term":[{"taxonomy":"product_brand","embeddable":true,"href":"https:\/\/cakeshopsam.com\/index.php?rest_route=%2Fwp%2Fv2%2Fproduct_brand&post=1990"},{"taxonomy":"product_cat","embeddable":true,"href":"https:\/\/cakeshopsam.com\/index.php?rest_route=%2Fwp%2Fv2%2Fproduct_cat&post=1990"},{"taxonomy":"product_tag","embeddable":true,"href":"https:\/\/cakeshopsam.com\/index.php?rest_route=%2Fwp%2Fv2%2Fproduct_tag&post=1990"}],"curies":[{"name":"wp","href":"https:\/\/api.w.org\/{rel}","templated":true}]}}